{"id":5111,"date":"2022-11-14T16:02:08","date_gmt":"2022-11-14T16:02:08","guid":{"rendered":"https:\/\/bonnettperu.net\/wp56\/?post_type=product&#038;p=5111"},"modified":"2023-06-02T17:11:11","modified_gmt":"2023-06-02T17:11:11","slug":"electrobomba-autocebante-pedrollo-modelo-ck-80e-60hz","status":"publish","type":"product","link":"https:\/\/bonnettperu.net\/wp56\/producto\/electrobomba-autocebante-pedrollo-modelo-ck-80e-60hz\/","title":{"rendered":"ELECTROBOMBA AUTOCEBANTE PEDROLLO CK 80E. 60HZ"},"content":{"rendered":"<p><strong>Caracter\u00edsticas:<\/strong><\/p>\n<ul>\n<li>Monof\u00e1sica<\/li>\n<li>1,0 H.P.<\/li>\n<li class=\"product-feature\">Tipo: Agua Limpia<\/li>\n<li class=\"product-feature\">Aplicaciones: residencial, civil, agricultura<\/li>\n<li class=\"product-feature\">Usos:\u00a0abastecimiento de agua, sistemas de presi\u00f3n<\/li>\n<li class=\"product-feature\">Tipolog\u00eda:\u00a0superficie<\/li>\n<li>Familia: autocebante<\/li>\n<\/ul>\n<div class=\"features-container\">\n<p class=\"product-feature\"><strong>Campo de prestaciones:<\/strong><\/p>\n<ul>\n<li><span class=\"feature-description\">Caudal hasta\u00a050 l\/min (3,0 m\u00b3\/h)<\/span><\/li>\n<li><span class=\"feature-description\">Altura manom\u00e9trica hasta\u00a051 m<\/span><\/li>\n<\/ul>\n<\/div>\n<div class=\"features-container\">\n<p class=\"product-feature\"><strong>L\u00edmites de empleo:<\/strong><\/p>\n<ul class=\"feature-list\">\n<li><span class=\"feature-description\">Temperatura del l\u00edquido de -10 \u00b0C hasta +90 \u00b0C<\/span><\/li>\n<li><span class=\"feature-description\">Temperatura ambiente hasta +40 \u00b0C<\/span><\/li>\n<li>Altura de aspiraci\u00f3n manom\u00e9trica hasta 9 m (HS)<\/li>\n<li>Presi\u00f3n m\u00e1x. en el cuerpo de la bomba 6 bar<\/li>\n<li>Temperatura para gas\u00f3leo\/nafta hasta +55\u00b0C<\/li>\n<li>Funcionamiento continuo S1<\/li>\n<\/ul>\n<\/div>\n<p>&nbsp;<\/p>\n","protected":false},"excerpt":{"rendered":"<p><a href=\"https:\/\/grupobonnett.com\/wp-content\/uploads\/2022\/09\/PEDROLLO_CK_ES_60Hz-1.pdf\">FICHA TECNICA_PEDROLLO_CK_ES_60Hz (1)<\/a><\/p>\n<p>Son recomendadas para bombear gas\u00f3leo\/nafta, agua limpia, sin part\u00edculas abrasivas y l\u00edquidos qu\u00edmicamente no agresivos para los materiales que constituyen la bomba. Gracias a su principio de funcionamiento espec\u00edfico constituyen una \u00f3ptima soluci\u00f3n para todos aquellos casos en donde se necesite una electrobomba autocebante compacta o donde el flujo del l\u00edquido sea escaso, o irregular o mezclado con aire.<br \/>\nLa instalaci\u00f3n se debe realizar en lugares cerrados o protegidos de la intemperie.<\/p>\n","protected":false},"featured_media":5496,"comment_status":"open","ping_status":"closed","template":"","meta":{"_uag_custom_page_level_css":"","site-sidebar-layout":"default","site-content-layout":"default","ast-global-header-display":"","ast-banner-title-visibility":"","ast-main-header-display":"","ast-hfb-above-header-display":"","ast-hfb-below-header-display":"","ast-hfb-mobile-header-display":"","site-post-title":"","ast-breadcrumbs-content":"","ast-featured-img":"","footer-sml-layout":"","theme-transparent-header-meta":"default","adv-header-id-meta":"","stick-header-meta":"","header-above-stick-meta":"","header-main-stick-meta":"","header-below-stick-meta":""},"product_cat":[841,832,36,829,830,827],"product_tag":[],"uagb_featured_image_src":{"full":["https:\/\/bonnettperu.net\/wp56\/wp-content\/uploads\/2023\/06\/CKm.png",600,600,false],"thumbnail":["https:\/\/bonnettperu.net\/wp56\/wp-content\/uploads\/2023\/06\/CKm-150x150.png",150,150,true],"medium":["https:\/\/bonnettperu.net\/wp56\/wp-content\/uploads\/2023\/06\/CKm-300x300.png",300,300,true],"medium_large":["https:\/\/bonnettperu.net\/wp56\/wp-content\/uploads\/2023\/06\/CKm.png",600,600,false],"large":["https:\/\/bonnettperu.net\/wp56\/wp-content\/uploads\/2023\/06\/CKm.png",600,600,false],"gswps_product_thumb":["https:\/\/bonnettperu.net\/wp56\/wp-content\/uploads\/2023\/06\/CKm-350x350.png",350,350,true],"1536x1536":["https:\/\/bonnettperu.net\/wp56\/wp-content\/uploads\/2023\/06\/CKm.png",600,600,false],"2048x2048":["https:\/\/bonnettperu.net\/wp56\/wp-content\/uploads\/2023\/06\/CKm.png",600,600,false],"woocommerce_thumbnail":["https:\/\/bonnettperu.net\/wp56\/wp-content\/uploads\/2023\/06\/CKm-300x300.png",300,300,true],"woocommerce_single":["https:\/\/bonnettperu.net\/wp56\/wp-content\/uploads\/2023\/06\/CKm.png",600,600,false],"woocommerce_gallery_thumbnail":["https:\/\/bonnettperu.net\/wp56\/wp-content\/uploads\/2023\/06\/CKm-100x100.png",100,100,true],"dgwt-wcas-product-suggestion":["https:\/\/bonnettperu.net\/wp56\/wp-content\/uploads\/2023\/06\/CKm-64x64.png",64,64,true]},"uagb_author_info":{"display_name":"admin","author_link":"https:\/\/bonnettperu.net\/wp56\/author\/"},"uagb_comment_info":0,"uagb_excerpt":"FICHA TECNICA_PEDROLLO_CK_ES_60Hz (1) Son recomendadas para bombear gas\u00f3leo\/nafta, agua limpia, sin part\u00edculas abrasivas y l\u00edquidos qu\u00edmicamente no agresivos para los materiales que constituyen la bomba. Gracias a su principio de funcionamiento espec\u00edfico constituyen una \u00f3ptima soluci\u00f3n para todos aquellos casos en donde se necesite una electrobomba autocebante compacta o donde el flujo del l\u00edquido sea&hellip;","_links":{"self":[{"href":"https:\/\/bonnettperu.net\/wp56\/wp-json\/wp\/v2\/product\/5111"}],"collection":[{"href":"https:\/\/bonnettperu.net\/wp56\/wp-json\/wp\/v2\/product"}],"about":[{"href":"https:\/\/bonnettperu.net\/wp56\/wp-json\/wp\/v2\/types\/product"}],"replies":[{"embeddable":true,"href":"https:\/\/bonnettperu.net\/wp56\/wp-json\/wp\/v2\/comments?post=5111"}],"wp:featuredmedia":[{"embeddable":true,"href":"https:\/\/bonnettperu.net\/wp56\/wp-json\/wp\/v2\/media\/5496"}],"wp:attachment":[{"href":"https:\/\/bonnettperu.net\/wp56\/wp-json\/wp\/v2\/media?parent=5111"}],"wp:term":[{"taxonomy":"product_cat","embeddable":true,"href":"https:\/\/bonnettperu.net\/wp56\/wp-json\/wp\/v2\/product_cat?post=5111"},{"taxonomy":"product_tag","embeddable":true,"href":"https:\/\/bonnettperu.net\/wp56\/wp-json\/wp\/v2\/product_tag?post=5111"}],"curies":[{"name":"wp","href":"https:\/\/api.w.org\/{rel}","templated":true}]}}