{"id":5045,"date":"2022-11-11T15:41:01","date_gmt":"2022-11-11T15:41:01","guid":{"rendered":"https:\/\/bonnettperu.net\/wp56\/?post_type=product&#038;p=5045"},"modified":"2022-12-27T16:54:57","modified_gmt":"2022-12-27T16:54:57","slug":"presurizadora-automatica-pedrollo-135-watts-220v","status":"publish","type":"product","link":"https:\/\/bonnettperu.net\/wp56\/producto\/presurizadora-automatica-pedrollo-135-watts-220v\/","title":{"rendered":"PRESURIZADORA AUTOMATICA PEDROLLO 135 WATTS 220V."},"content":{"rendered":"<p><strong>Caracter\u00edsticas:<\/strong><\/p>\n<ul>\n<li>Caudal de trabajo: 40 l\/min<\/li>\n<li>Altura de descarga m\u00e1xima: 13 m<\/li>\n<li>Potencia: 135W<\/li>\n<li>Aplicaciones: Uso domestico<\/li>\n<\/ul>\n","protected":false},"excerpt":{"rendered":"<p>Presurizador autom\u00e1tico PA 13 1A 1A con sensor Pedrollo de flujo este presurizador es de operaci\u00f3n silenciosa lo que lo hace muy agradable para trabajar, suministra una presi\u00f3n continua y estable.<\/p>\n","protected":false},"featured_media":5443,"comment_status":"open","ping_status":"closed","template":"","meta":{"_uag_custom_page_level_css":"","site-sidebar-layout":"default","site-content-layout":"default","ast-global-header-display":"","ast-banner-title-visibility":"","ast-main-header-display":"","ast-hfb-above-header-display":"","ast-hfb-below-header-display":"","ast-hfb-mobile-header-display":"","site-post-title":"","ast-breadcrumbs-content":"","ast-featured-img":"","footer-sml-layout":"","theme-transparent-header-meta":"default","adv-header-id-meta":"","stick-header-meta":"","header-above-stick-meta":"","header-main-stick-meta":"","header-below-stick-meta":""},"product_cat":[36,827],"product_tag":[],"uagb_featured_image_src":{"full":["https:\/\/bonnettperu.net\/wp56\/wp-content\/uploads\/2022\/11\/PA-Presurizador-1.png",1000,1000,false],"thumbnail":["https:\/\/bonnettperu.net\/wp56\/wp-content\/uploads\/2022\/11\/PA-Presurizador-1-150x150.png",150,150,true],"medium":["https:\/\/bonnettperu.net\/wp56\/wp-content\/uploads\/2022\/11\/PA-Presurizador-1-300x300.png",300,300,true],"medium_large":["https:\/\/bonnettperu.net\/wp56\/wp-content\/uploads\/2022\/11\/PA-Presurizador-1-768x768.png",768,768,true],"large":["https:\/\/bonnettperu.net\/wp56\/wp-content\/uploads\/2022\/11\/PA-Presurizador-1.png",1000,1000,false],"gswps_product_thumb":["https:\/\/bonnettperu.net\/wp56\/wp-content\/uploads\/2022\/11\/PA-Presurizador-1-350x350.png",350,350,true],"1536x1536":["https:\/\/bonnettperu.net\/wp56\/wp-content\/uploads\/2022\/11\/PA-Presurizador-1.png",1000,1000,false],"2048x2048":["https:\/\/bonnettperu.net\/wp56\/wp-content\/uploads\/2022\/11\/PA-Presurizador-1.png",1000,1000,false],"woocommerce_thumbnail":["https:\/\/bonnettperu.net\/wp56\/wp-content\/uploads\/2022\/11\/PA-Presurizador-1-300x300.png",300,300,true],"woocommerce_single":["https:\/\/bonnettperu.net\/wp56\/wp-content\/uploads\/2022\/11\/PA-Presurizador-1-600x600.png",600,600,true],"woocommerce_gallery_thumbnail":["https:\/\/bonnettperu.net\/wp56\/wp-content\/uploads\/2022\/11\/PA-Presurizador-1-100x100.png",100,100,true],"dgwt-wcas-product-suggestion":["https:\/\/bonnettperu.net\/wp56\/wp-content\/uploads\/2022\/11\/PA-Presurizador-1-64x64.png",64,64,true]},"uagb_author_info":{"display_name":"admin","author_link":"https:\/\/bonnettperu.net\/wp56\/author\/"},"uagb_comment_info":0,"uagb_excerpt":"Presurizador autom\u00e1tico PA 13 1A 1A con sensor Pedrollo de flujo este presurizador es de operaci\u00f3n silenciosa lo que lo hace muy agradable para trabajar, suministra una presi\u00f3n continua y estable.","_links":{"self":[{"href":"https:\/\/bonnettperu.net\/wp56\/wp-json\/wp\/v2\/product\/5045"}],"collection":[{"href":"https:\/\/bonnettperu.net\/wp56\/wp-json\/wp\/v2\/product"}],"about":[{"href":"https:\/\/bonnettperu.net\/wp56\/wp-json\/wp\/v2\/types\/product"}],"replies":[{"embeddable":true,"href":"https:\/\/bonnettperu.net\/wp56\/wp-json\/wp\/v2\/comments?post=5045"}],"wp:featuredmedia":[{"embeddable":true,"href":"https:\/\/bonnettperu.net\/wp56\/wp-json\/wp\/v2\/media\/5443"}],"wp:attachment":[{"href":"https:\/\/bonnettperu.net\/wp56\/wp-json\/wp\/v2\/media?parent=5045"}],"wp:term":[{"taxonomy":"product_cat","embeddable":true,"href":"https:\/\/bonnettperu.net\/wp56\/wp-json\/wp\/v2\/product_cat?post=5045"},{"taxonomy":"product_tag","embeddable":true,"href":"https:\/\/bonnettperu.net\/wp56\/wp-json\/wp\/v2\/product_tag?post=5045"}],"curies":[{"name":"wp","href":"https:\/\/api.w.org\/{rel}","templated":true}]}}