{"id":4856,"date":"2022-11-09T17:01:19","date_gmt":"2022-11-09T17:01:19","guid":{"rendered":"https:\/\/bonnettperu.net\/wp56\/?post_type=product&#038;p=4856"},"modified":"2022-11-09T17:03:09","modified_gmt":"2022-11-09T17:03:09","slug":"electrobomba-sumergible-pedrollo-modelo-3-0-h-p-mc-30-50","status":"publish","type":"product","link":"https:\/\/bonnettperu.net\/wp56\/producto\/electrobomba-sumergible-pedrollo-modelo-3-0-h-p-mc-30-50\/","title":{"rendered":"ELECTROBOMBA SUMERGIBLE PEDROLLO MODELO 3.0 h.p. MC 30\/50"},"content":{"rendered":"<p><strong>Caracter\u00edsticas:<\/strong><\/p>\n<ul>\n<li class=\"product-feature\">Tipo:\u00a0Aguas negras<\/li>\n<li class=\"product-feature\">Aplicaciones: residencial, civil, industrial<\/li>\n<li class=\"product-feature\">Usos: drenaje, movimiento de agua ligeramente sucia, desag\u00fce<\/li>\n<li class=\"product-feature\">Tipolog\u00eda:\u00a0sumergibles<\/li>\n<\/ul>\n<div class=\"features-container\">\n<p class=\"product-feature\"><strong>Campo de prestaciones:<\/strong><\/p>\n<ul class=\"feature-list\">\n<li><span class=\"feature-description\">Caudal hasta\u00a01600 l\/min (96,0 m\u00b3\/h)<\/span><\/li>\n<li><span class=\"feature-description\">Altura manom\u00e9trica hasta\u00a025 m<\/span><\/li>\n<\/ul>\n<\/div>\n<div class=\"features-container\">\n<p class=\"product-feature\"><strong>L\u00edmites de empleo:<\/strong><\/p>\n<ul class=\"feature-list\">\n<li><span class=\"feature-description\">Temperatura del l\u00edquido hasta +40 \u00b0C<\/span><\/li>\n<li>Profundidad m\u00e1xima de utilizo hasta 10 m (con cable de alimentaci\u00f3n de longitud adecuada)<\/li>\n<li>Pasaje m\u00e1ximo de cuerpos s\u00f3lidos en suspensi\u00f3n: hasta \u00d8 50 mm para MC 15-20-30-40\/50 y hasta \u00d8 70 mm para MC 30-40\/70<\/li>\n<li>Para servicio continuo nivel m\u00ednimo de inmersi\u00f3n: hasta 390 mm para MC 15-20-30-40\/50 y hasta 430 mm para MC 30-40\/70<\/li>\n<\/ul>\n<\/div>\n<p>&nbsp;<\/p>\n","protected":false},"excerpt":{"rendered":"<p><a href=\"https:\/\/bonnettperu.net\/wp56\/wp-content\/uploads\/2022\/09\/PEDROLLO_MC-50-70_ES_60Hz-1.pdf\">FICHA TECNICA_PEDROLLO_MC 50-70_ES_60Hz<\/a><\/p>\n<p>La electrobomba sumergible MC est\u00e1 construida en hierro fundido con material consistente, adecuada para el manejo de aguas de descarga y cloacales, mixtas con fango.<\/p>\n","protected":false},"featured_media":3535,"comment_status":"open","ping_status":"closed","template":"","meta":{"_uag_custom_page_level_css":"","site-sidebar-layout":"default","site-content-layout":"default","ast-global-header-display":"","ast-banner-title-visibility":"","ast-main-header-display":"","ast-hfb-above-header-display":"","ast-hfb-below-header-display":"","ast-hfb-mobile-header-display":"","site-post-title":"","ast-breadcrumbs-content":"","ast-featured-img":"","footer-sml-layout":"","theme-transparent-header-meta":"default","adv-header-id-meta":"","stick-header-meta":"","header-above-stick-meta":"","header-main-stick-meta":"","header-below-stick-meta":""},"product_cat":[832,36,849],"product_tag":[],"uagb_featured_image_src":{"full":["https:\/\/bonnettperu.net\/wp56\/wp-content\/uploads\/2022\/09\/MC-Pedrollo-540x560-1.jpg",540,560,false],"thumbnail":["https:\/\/bonnettperu.net\/wp56\/wp-content\/uploads\/2022\/09\/MC-Pedrollo-540x560-1-150x150.jpg",150,150,true],"medium":["https:\/\/bonnettperu.net\/wp56\/wp-content\/uploads\/2022\/09\/MC-Pedrollo-540x560-1-289x300.jpg",289,300,true],"medium_large":["https:\/\/bonnettperu.net\/wp56\/wp-content\/uploads\/2022\/09\/MC-Pedrollo-540x560-1.jpg",540,560,false],"large":["https:\/\/bonnettperu.net\/wp56\/wp-content\/uploads\/2022\/09\/MC-Pedrollo-540x560-1.jpg",540,560,false],"gswps_product_thumb":["https:\/\/bonnettperu.net\/wp56\/wp-content\/uploads\/2022\/09\/MC-Pedrollo-540x560-1-350x363.jpg",350,363,true],"1536x1536":["https:\/\/bonnettperu.net\/wp56\/wp-content\/uploads\/2022\/09\/MC-Pedrollo-540x560-1.jpg",540,560,false],"2048x2048":["https:\/\/bonnettperu.net\/wp56\/wp-content\/uploads\/2022\/09\/MC-Pedrollo-540x560-1.jpg",540,560,false],"woocommerce_thumbnail":["https:\/\/bonnettperu.net\/wp56\/wp-content\/uploads\/2022\/09\/MC-Pedrollo-540x560-1-300x300.jpg",300,300,true],"woocommerce_single":["https:\/\/bonnettperu.net\/wp56\/wp-content\/uploads\/2022\/09\/MC-Pedrollo-540x560-1.jpg",540,560,false],"woocommerce_gallery_thumbnail":["https:\/\/bonnettperu.net\/wp56\/wp-content\/uploads\/2022\/09\/MC-Pedrollo-540x560-1-100x100.jpg",100,100,true],"dgwt-wcas-product-suggestion":["https:\/\/bonnettperu.net\/wp56\/wp-content\/uploads\/2022\/09\/MC-Pedrollo-540x560-1.jpg",64,66,false]},"uagb_author_info":{"display_name":"admin","author_link":"https:\/\/bonnettperu.net\/wp56\/author\/"},"uagb_comment_info":0,"uagb_excerpt":"FICHA TECNICA_PEDROLLO_MC 50-70_ES_60Hz La electrobomba sumergible MC est\u00e1 construida en hierro fundido con material consistente, adecuada para el manejo de aguas de descarga y cloacales, mixtas con fango.","_links":{"self":[{"href":"https:\/\/bonnettperu.net\/wp56\/wp-json\/wp\/v2\/product\/4856"}],"collection":[{"href":"https:\/\/bonnettperu.net\/wp56\/wp-json\/wp\/v2\/product"}],"about":[{"href":"https:\/\/bonnettperu.net\/wp56\/wp-json\/wp\/v2\/types\/product"}],"replies":[{"embeddable":true,"href":"https:\/\/bonnettperu.net\/wp56\/wp-json\/wp\/v2\/comments?post=4856"}],"wp:featuredmedia":[{"embeddable":true,"href":"https:\/\/bonnettperu.net\/wp56\/wp-json\/wp\/v2\/media\/3535"}],"wp:attachment":[{"href":"https:\/\/bonnettperu.net\/wp56\/wp-json\/wp\/v2\/media?parent=4856"}],"wp:term":[{"taxonomy":"product_cat","embeddable":true,"href":"https:\/\/bonnettperu.net\/wp56\/wp-json\/wp\/v2\/product_cat?post=4856"},{"taxonomy":"product_tag","embeddable":true,"href":"https:\/\/bonnettperu.net\/wp56\/wp-json\/wp\/v2\/product_tag?post=4856"}],"curies":[{"name":"wp","href":"https:\/\/api.w.org\/{rel}","templated":true}]}}