{"id":4676,"date":"2022-11-08T16:26:43","date_gmt":"2022-11-08T16:26:43","guid":{"rendered":"https:\/\/bonnettperu.net\/wp56\/?post_type=product&#038;p=4676"},"modified":"2022-11-11T16:04:38","modified_gmt":"2022-11-11T16:04:38","slug":"tapa-de-base-de-boquilla-blanco-rejilla","status":"publish","type":"product","link":"https:\/\/bonnettperu.net\/wp56\/producto\/tapa-de-base-de-boquilla-blanco-rejilla\/","title":{"rendered":"TAPA DE BASE DE BOQUILLA BLANCO REJILLA"},"content":{"rendered":"","protected":false},"excerpt":{"rendered":"<p><a href=\"https:\/\/bonnettperu.net\/wp56\/wp-content\/uploads\/2022\/11\/Ficha-Tecnica_tapa_base_boquilla.pdf\">Ficha T\u00e9cnica_tapa_base_boquilla<\/a><\/p>\n<p>Las boquillas Emaux est\u00e1n fabricados mediante un proceso de inyecci\u00f3n de pl\u00e1stico ABS y PVC, son completamente anticorrosivos y resistentes al cloro y al agua salina.<\/p>\n","protected":false},"featured_media":4674,"comment_status":"open","ping_status":"closed","template":"","meta":{"_uag_custom_page_level_css":"","site-sidebar-layout":"default","site-content-layout":"default","ast-global-header-display":"","ast-banner-title-visibility":"","ast-main-header-display":"","ast-hfb-above-header-display":"","ast-hfb-below-header-display":"","ast-hfb-mobile-header-display":"","site-post-title":"","ast-breadcrumbs-content":"","ast-featured-img":"","footer-sml-layout":"","theme-transparent-header-meta":"default","adv-header-id-meta":"","stick-header-meta":"","header-above-stick-meta":"","header-main-stick-meta":"","header-below-stick-meta":""},"product_cat":[859,46,834],"product_tag":[],"uagb_featured_image_src":{"full":["https:\/\/bonnettperu.net\/wp56\/wp-content\/uploads\/2022\/11\/Emaux-Pool-Fittings-EM2822A-LR.jpg",500,500,false],"thumbnail":["https:\/\/bonnettperu.net\/wp56\/wp-content\/uploads\/2022\/11\/Emaux-Pool-Fittings-EM2822A-LR-150x150.jpg",150,150,true],"medium":["https:\/\/bonnettperu.net\/wp56\/wp-content\/uploads\/2022\/11\/Emaux-Pool-Fittings-EM2822A-LR-300x300.jpg",300,300,true],"medium_large":["https:\/\/bonnettperu.net\/wp56\/wp-content\/uploads\/2022\/11\/Emaux-Pool-Fittings-EM2822A-LR.jpg",500,500,false],"large":["https:\/\/bonnettperu.net\/wp56\/wp-content\/uploads\/2022\/11\/Emaux-Pool-Fittings-EM2822A-LR.jpg",500,500,false],"gswps_product_thumb":["https:\/\/bonnettperu.net\/wp56\/wp-content\/uploads\/2022\/11\/Emaux-Pool-Fittings-EM2822A-LR-350x350.jpg",350,350,true],"1536x1536":["https:\/\/bonnettperu.net\/wp56\/wp-content\/uploads\/2022\/11\/Emaux-Pool-Fittings-EM2822A-LR.jpg",500,500,false],"2048x2048":["https:\/\/bonnettperu.net\/wp56\/wp-content\/uploads\/2022\/11\/Emaux-Pool-Fittings-EM2822A-LR.jpg",500,500,false],"woocommerce_thumbnail":["https:\/\/bonnettperu.net\/wp56\/wp-content\/uploads\/2022\/11\/Emaux-Pool-Fittings-EM2822A-LR-300x300.jpg",300,300,true],"woocommerce_single":["https:\/\/bonnettperu.net\/wp56\/wp-content\/uploads\/2022\/11\/Emaux-Pool-Fittings-EM2822A-LR.jpg",500,500,false],"woocommerce_gallery_thumbnail":["https:\/\/bonnettperu.net\/wp56\/wp-content\/uploads\/2022\/11\/Emaux-Pool-Fittings-EM2822A-LR-100x100.jpg",100,100,true],"dgwt-wcas-product-suggestion":["https:\/\/bonnettperu.net\/wp56\/wp-content\/uploads\/2022\/11\/Emaux-Pool-Fittings-EM2822A-LR-64x64.jpg",64,64,true]},"uagb_author_info":{"display_name":"admin","author_link":"https:\/\/bonnettperu.net\/wp56\/author\/"},"uagb_comment_info":0,"uagb_excerpt":"Ficha T\u00e9cnica_tapa_base_boquilla Las boquillas Emaux est\u00e1n fabricados mediante un proceso de inyecci\u00f3n de pl\u00e1stico ABS y PVC, son completamente anticorrosivos y resistentes al cloro y al agua salina.","_links":{"self":[{"href":"https:\/\/bonnettperu.net\/wp56\/wp-json\/wp\/v2\/product\/4676"}],"collection":[{"href":"https:\/\/bonnettperu.net\/wp56\/wp-json\/wp\/v2\/product"}],"about":[{"href":"https:\/\/bonnettperu.net\/wp56\/wp-json\/wp\/v2\/types\/product"}],"replies":[{"embeddable":true,"href":"https:\/\/bonnettperu.net\/wp56\/wp-json\/wp\/v2\/comments?post=4676"}],"wp:featuredmedia":[{"embeddable":true,"href":"https:\/\/bonnettperu.net\/wp56\/wp-json\/wp\/v2\/media\/4674"}],"wp:attachment":[{"href":"https:\/\/bonnettperu.net\/wp56\/wp-json\/wp\/v2\/media?parent=4676"}],"wp:term":[{"taxonomy":"product_cat","embeddable":true,"href":"https:\/\/bonnettperu.net\/wp56\/wp-json\/wp\/v2\/product_cat?post=4676"},{"taxonomy":"product_tag","embeddable":true,"href":"https:\/\/bonnettperu.net\/wp56\/wp-json\/wp\/v2\/product_tag?post=4676"}],"curies":[{"name":"wp","href":"https:\/\/api.w.org\/{rel}","templated":true}]}}