{"id":4638,"date":"2022-11-07T16:30:51","date_gmt":"2022-11-07T16:30:51","guid":{"rendered":"https:\/\/bonnettperu.net\/wp56\/?post_type=product&#038;p=4638"},"modified":"2022-11-14T15:17:29","modified_gmt":"2022-11-14T15:17:29","slug":"boquilla-nado-contra-corriente-em0055-con-led-rgb","status":"publish","type":"product","link":"https:\/\/bonnettperu.net\/wp56\/producto\/boquilla-nado-contra-corriente-em0055-con-led-rgb\/","title":{"rendered":"BOQUILLA NADO CONTRA CORRIENTE EM0055 CON LED RGB"},"content":{"rendered":"<p><strong style=\"font-size: 16px; font-style: normal;\">Caracter\u00edsticas:<\/strong><\/p>\n<ul>\n<li>Potente contracorriente.<\/li>\n<li>El producto se puede utilizar como sistema de chorro simple o doble con uno o dos bombas.<\/li>\n<li>Placa frontal de contra corriente con luz LED.<\/li>\n<li>Interruptor de luz de encendido \/ apagado montado en la placa frontal del chorro, de f\u00e1cil acceso cuando estas en el agua<\/li>\n<li>Ajuste la v\u00e1lvula para controlar el efecto burbuja.<\/li>\n<li>El flujo de agua se puede cambiar a trav\u00e9s del chorro giratorio.<\/li>\n<\/ul>\n","protected":false},"excerpt":{"rendered":"<p><a href=\"https:\/\/bonnettperu.net\/wp56\/wp-content\/uploads\/2022\/11\/Ficha-Tecnica_Boquilla_Nado_Contra_Corriente-EM0055.pdf\">Ficha T\u00e9cnica_Boquilla_Nado_Contra_Corriente EM0055<\/a><\/p>\n<p>Perfecto para piscinas de tama\u00f1o peque\u00f1o donde el espacio es limitado, un chorro a contracorriente<br \/>\nEl sistema puede asegurar un ba\u00f1o decente para nadadores de todos los niveles.<br \/>\nAplicaciones:<br \/>\nPara ejercicios de fitness, masajes subacu\u00e1ticos de nataci\u00f3n sin vueltas y Vueltas innecesarias.<\/p>\n","protected":false},"featured_media":4640,"comment_status":"open","ping_status":"closed","template":"","meta":{"_uag_custom_page_level_css":"","site-sidebar-layout":"default","site-content-layout":"default","ast-global-header-display":"","ast-banner-title-visibility":"","ast-main-header-display":"","ast-hfb-above-header-display":"","ast-hfb-below-header-display":"","ast-hfb-mobile-header-display":"","site-post-title":"","ast-breadcrumbs-content":"","ast-featured-img":"","footer-sml-layout":"","theme-transparent-header-meta":"default","adv-header-id-meta":"","stick-header-meta":"","header-above-stick-meta":"","header-main-stick-meta":"","header-below-stick-meta":""},"product_cat":[859,46,834],"product_tag":[],"uagb_featured_image_src":{"full":["https:\/\/bonnettperu.net\/wp56\/wp-content\/uploads\/2022\/11\/BOQUILLA-NADO-CONTRACORRIENTE-EM-0055.png",540,560,false],"thumbnail":["https:\/\/bonnettperu.net\/wp56\/wp-content\/uploads\/2022\/11\/BOQUILLA-NADO-CONTRACORRIENTE-EM-0055-150x150.png",150,150,true],"medium":["https:\/\/bonnettperu.net\/wp56\/wp-content\/uploads\/2022\/11\/BOQUILLA-NADO-CONTRACORRIENTE-EM-0055-289x300.png",289,300,true],"medium_large":["https:\/\/bonnettperu.net\/wp56\/wp-content\/uploads\/2022\/11\/BOQUILLA-NADO-CONTRACORRIENTE-EM-0055.png",540,560,false],"large":["https:\/\/bonnettperu.net\/wp56\/wp-content\/uploads\/2022\/11\/BOQUILLA-NADO-CONTRACORRIENTE-EM-0055.png",540,560,false],"gswps_product_thumb":["https:\/\/bonnettperu.net\/wp56\/wp-content\/uploads\/2022\/11\/BOQUILLA-NADO-CONTRACORRIENTE-EM-0055-350x363.png",350,363,true],"1536x1536":["https:\/\/bonnettperu.net\/wp56\/wp-content\/uploads\/2022\/11\/BOQUILLA-NADO-CONTRACORRIENTE-EM-0055.png",540,560,false],"2048x2048":["https:\/\/bonnettperu.net\/wp56\/wp-content\/uploads\/2022\/11\/BOQUILLA-NADO-CONTRACORRIENTE-EM-0055.png",540,560,false],"woocommerce_thumbnail":["https:\/\/bonnettperu.net\/wp56\/wp-content\/uploads\/2022\/11\/BOQUILLA-NADO-CONTRACORRIENTE-EM-0055-300x300.png",300,300,true],"woocommerce_single":["https:\/\/bonnettperu.net\/wp56\/wp-content\/uploads\/2022\/11\/BOQUILLA-NADO-CONTRACORRIENTE-EM-0055.png",540,560,false],"woocommerce_gallery_thumbnail":["https:\/\/bonnettperu.net\/wp56\/wp-content\/uploads\/2022\/11\/BOQUILLA-NADO-CONTRACORRIENTE-EM-0055-100x100.png",100,100,true],"dgwt-wcas-product-suggestion":["https:\/\/bonnettperu.net\/wp56\/wp-content\/uploads\/2022\/11\/BOQUILLA-NADO-CONTRACORRIENTE-EM-0055-64x66.png",64,66,true]},"uagb_author_info":{"display_name":"admin","author_link":"https:\/\/bonnettperu.net\/wp56\/author\/"},"uagb_comment_info":0,"uagb_excerpt":"Ficha T\u00e9cnica_Boquilla_Nado_Contra_Corriente EM0055 Perfecto para piscinas de tama\u00f1o peque\u00f1o donde el espacio es limitado, un chorro a contracorriente El sistema puede asegurar un ba\u00f1o decente para nadadores de todos los niveles. Aplicaciones: Para ejercicios de fitness, masajes subacu\u00e1ticos de nataci\u00f3n sin vueltas y Vueltas innecesarias.","_links":{"self":[{"href":"https:\/\/bonnettperu.net\/wp56\/wp-json\/wp\/v2\/product\/4638"}],"collection":[{"href":"https:\/\/bonnettperu.net\/wp56\/wp-json\/wp\/v2\/product"}],"about":[{"href":"https:\/\/bonnettperu.net\/wp56\/wp-json\/wp\/v2\/types\/product"}],"replies":[{"embeddable":true,"href":"https:\/\/bonnettperu.net\/wp56\/wp-json\/wp\/v2\/comments?post=4638"}],"wp:featuredmedia":[{"embeddable":true,"href":"https:\/\/bonnettperu.net\/wp56\/wp-json\/wp\/v2\/media\/4640"}],"wp:attachment":[{"href":"https:\/\/bonnettperu.net\/wp56\/wp-json\/wp\/v2\/media?parent=4638"}],"wp:term":[{"taxonomy":"product_cat","embeddable":true,"href":"https:\/\/bonnettperu.net\/wp56\/wp-json\/wp\/v2\/product_cat?post=4638"},{"taxonomy":"product_tag","embeddable":true,"href":"https:\/\/bonnettperu.net\/wp56\/wp-json\/wp\/v2\/product_tag?post=4638"}],"curies":[{"name":"wp","href":"https:\/\/api.w.org\/{rel}","templated":true}]}}