{"id":4619,"date":"2022-11-04T18:01:21","date_gmt":"2022-11-04T18:01:21","guid":{"rendered":"https:\/\/bonnettperu.net\/wp56\/?post_type=product&#038;p=4619"},"modified":"2022-11-14T15:42:14","modified_gmt":"2022-11-14T15:42:14","slug":"electrobomba-e-power-eph400-4-0-hp-monof","status":"publish","type":"product","link":"https:\/\/bonnettperu.net\/wp56\/producto\/electrobomba-e-power-eph400-4-0-hp-monof\/","title":{"rendered":"ELECTROBOMBA E-POWER EPH400 4.0 HP MONOF."},"content":{"rendered":"<p><strong>Caracter\u00edsticas:<\/strong><\/p>\n<ul>\n<li>Motor as\u00edncrono de dos polos<\/li>\n<li>Clase de aislamiento: 130(B)<\/li>\n<li>Est\u00e1ndar impermebialidad IPX5<\/li>\n<li>Protecci\u00f3n t\u00e9rmica incorporada<\/li>\n<li>Protecci\u00f3n de sobrecarga<\/li>\n<li>Disponible en 50 Hz o 60 Hz con 220 V\/380 V<\/li>\n<li>Uniones de dise\u00f1o especial compatible con el est\u00e1ndar imperial y m\u00e9trico<\/li>\n<li>Eje de acero inoxidable 316<\/li>\n<li>Sello mec\u00e1nico de acero inoxidable 316<\/li>\n<li>Autocebado hasta 2,5 m sobre el nivel del agua<\/li>\n<li>Presi\u00f3n de prueba 50 PSI (3,5 bar)<\/li>\n<li>Volumen de la cesta 5 litros<\/li>\n<\/ul>\n","protected":false},"excerpt":{"rendered":"<p><a href=\"https:\/\/bonnettperu.net\/wp56\/wp-content\/uploads\/2022\/11\/Ficha-Tecnica_E-Power_EPH.pdf\">Ficha T\u00e9cnica_E-Power_EPH<\/a><\/p>\n<p>La bomba de alto rendimiento E-Power proporciona un alto flujo y energ\u00edacon eficiencia ultra rendimiento. Es apto para uso comercial, piscina.<br \/>\n2 \/ 2.5 pulgadas de succi\u00f3n y puerto de descarga con tapa transparente, anillo de cierre con dise\u00f1o y sello para eliminar la succi\u00f3n de fugas y para maximizar la eficiencia de succi\u00f3n.<\/p>\n","protected":false},"featured_media":4620,"comment_status":"open","ping_status":"closed","template":"","meta":{"_uag_custom_page_level_css":"","site-sidebar-layout":"default","site-content-layout":"default","ast-global-header-display":"","ast-banner-title-visibility":"","ast-main-header-display":"","ast-hfb-above-header-display":"","ast-hfb-below-header-display":"","ast-hfb-mobile-header-display":"","site-post-title":"","ast-breadcrumbs-content":"","ast-featured-img":"","footer-sml-layout":"","theme-transparent-header-meta":"default","adv-header-id-meta":"","stick-header-meta":"","header-above-stick-meta":"","header-main-stick-meta":"","header-below-stick-meta":""},"product_cat":[832,46,834],"product_tag":[],"uagb_featured_image_src":{"full":["https:\/\/bonnettperu.net\/wp56\/wp-content\/uploads\/2022\/11\/ELECTROBOMBA-EPH.png",380,380,false],"thumbnail":["https:\/\/bonnettperu.net\/wp56\/wp-content\/uploads\/2022\/11\/ELECTROBOMBA-EPH-150x150.png",150,150,true],"medium":["https:\/\/bonnettperu.net\/wp56\/wp-content\/uploads\/2022\/11\/ELECTROBOMBA-EPH-300x300.png",300,300,true],"medium_large":["https:\/\/bonnettperu.net\/wp56\/wp-content\/uploads\/2022\/11\/ELECTROBOMBA-EPH.png",380,380,false],"large":["https:\/\/bonnettperu.net\/wp56\/wp-content\/uploads\/2022\/11\/ELECTROBOMBA-EPH.png",380,380,false],"gswps_product_thumb":["https:\/\/bonnettperu.net\/wp56\/wp-content\/uploads\/2022\/11\/ELECTROBOMBA-EPH-350x350.png",350,350,true],"1536x1536":["https:\/\/bonnettperu.net\/wp56\/wp-content\/uploads\/2022\/11\/ELECTROBOMBA-EPH.png",380,380,false],"2048x2048":["https:\/\/bonnettperu.net\/wp56\/wp-content\/uploads\/2022\/11\/ELECTROBOMBA-EPH.png",380,380,false],"woocommerce_thumbnail":["https:\/\/bonnettperu.net\/wp56\/wp-content\/uploads\/2022\/11\/ELECTROBOMBA-EPH-300x300.png",300,300,true],"woocommerce_single":["https:\/\/bonnettperu.net\/wp56\/wp-content\/uploads\/2022\/11\/ELECTROBOMBA-EPH.png",380,380,false],"woocommerce_gallery_thumbnail":["https:\/\/bonnettperu.net\/wp56\/wp-content\/uploads\/2022\/11\/ELECTROBOMBA-EPH-100x100.png",100,100,true],"dgwt-wcas-product-suggestion":["https:\/\/bonnettperu.net\/wp56\/wp-content\/uploads\/2022\/11\/ELECTROBOMBA-EPH-64x64.png",64,64,true]},"uagb_author_info":{"display_name":"admin","author_link":"https:\/\/bonnettperu.net\/wp56\/author\/"},"uagb_comment_info":0,"uagb_excerpt":"Ficha T\u00e9cnica_E-Power_EPH La bomba de alto rendimiento E-Power proporciona un alto flujo y energ\u00edacon eficiencia ultra rendimiento. Es apto para uso comercial, piscina. 2 \/ 2.5 pulgadas de succi\u00f3n y puerto de descarga con tapa transparente, anillo de cierre con dise\u00f1o y sello para eliminar la succi\u00f3n de fugas y para maximizar la eficiencia de&hellip;","_links":{"self":[{"href":"https:\/\/bonnettperu.net\/wp56\/wp-json\/wp\/v2\/product\/4619"}],"collection":[{"href":"https:\/\/bonnettperu.net\/wp56\/wp-json\/wp\/v2\/product"}],"about":[{"href":"https:\/\/bonnettperu.net\/wp56\/wp-json\/wp\/v2\/types\/product"}],"replies":[{"embeddable":true,"href":"https:\/\/bonnettperu.net\/wp56\/wp-json\/wp\/v2\/comments?post=4619"}],"wp:featuredmedia":[{"embeddable":true,"href":"https:\/\/bonnettperu.net\/wp56\/wp-json\/wp\/v2\/media\/4620"}],"wp:attachment":[{"href":"https:\/\/bonnettperu.net\/wp56\/wp-json\/wp\/v2\/media?parent=4619"}],"wp:term":[{"taxonomy":"product_cat","embeddable":true,"href":"https:\/\/bonnettperu.net\/wp56\/wp-json\/wp\/v2\/product_cat?post=4619"},{"taxonomy":"product_tag","embeddable":true,"href":"https:\/\/bonnettperu.net\/wp56\/wp-json\/wp\/v2\/product_tag?post=4619"}],"curies":[{"name":"wp","href":"https:\/\/api.w.org\/{rel}","templated":true}]}}