{"id":4594,"date":"2022-11-04T15:04:39","date_gmt":"2022-11-04T15:04:39","guid":{"rendered":"https:\/\/bonnettperu.net\/wp56\/?post_type=product&#038;p=4594"},"modified":"2022-12-20T15:14:09","modified_gmt":"2022-12-20T15:14:09","slug":"grifo-manguera-de-esfera-con-portacandado-144-3-4","status":"publish","type":"product","link":"https:\/\/bonnettperu.net\/wp56\/producto\/grifo-manguera-de-esfera-con-portacandado-144-3-4\/","title":{"rendered":"GRIFO MANGUERA DE ESFERA CON PORTACANDADO 144 3\/4&#8243;"},"content":{"rendered":"<p>CARACTER\u00cdSTICAS:<\/p>\n<ul>\n<li>Cuerpo de lat\u00f3n niquelado.<\/li>\n<li>Racor de lat\u00f3n.<\/li>\n<li>Manilla de palanca de acero.<\/li>\n<li>Temperatura: min. 0\u00b0C max. 80\u00b0C.<\/li>\n<li>Conexi\u00f3n roscada ISO 228 (equivalente a DIN EN ISO 228 y BS EN ISO 228)<\/li>\n<\/ul>\n","protected":false},"excerpt":{"rendered":"<p><a href=\"https:\/\/bonnettperu.net\/wp56\/wp-content\/uploads\/2022\/11\/Ficha-Tecnica_Grifo_Manguera_Esfera_144.pdf\">Ficha T\u00e9cnica_Grifo_Manguera_Esfera_144<\/a><\/p>\n<p>Los grifos para manguera con portacandado est\u00e1n fabricados de lat\u00f3n niquelado, racor de lat\u00f3n y con manilla de palanca de acero.<\/p>\n","protected":false},"featured_media":1604,"comment_status":"open","ping_status":"closed","template":"","meta":{"_uag_custom_page_level_css":"","site-sidebar-layout":"default","site-content-layout":"default","ast-global-header-display":"","ast-banner-title-visibility":"","ast-main-header-display":"","ast-hfb-above-header-display":"","ast-hfb-below-header-display":"","ast-hfb-mobile-header-display":"","site-post-title":"","ast-breadcrumbs-content":"","ast-featured-img":"","footer-sml-layout":"","theme-transparent-header-meta":"default","adv-header-id-meta":"","stick-header-meta":"","header-above-stick-meta":"","header-main-stick-meta":"","header-below-stick-meta":""},"product_cat":[837,881,44],"product_tag":[],"uagb_featured_image_src":{"full":["https:\/\/bonnettperu.net\/wp56\/wp-content\/uploads\/2022\/08\/yVVEyi8R1FA9m1aQaYGwEkmatpfV9APK7evRp5FS.jpeg",540,560,false],"thumbnail":["https:\/\/bonnettperu.net\/wp56\/wp-content\/uploads\/2022\/08\/yVVEyi8R1FA9m1aQaYGwEkmatpfV9APK7evRp5FS-150x150.jpeg",150,150,true],"medium":["https:\/\/bonnettperu.net\/wp56\/wp-content\/uploads\/2022\/08\/yVVEyi8R1FA9m1aQaYGwEkmatpfV9APK7evRp5FS-289x300.jpeg",289,300,true],"medium_large":["https:\/\/bonnettperu.net\/wp56\/wp-content\/uploads\/2022\/08\/yVVEyi8R1FA9m1aQaYGwEkmatpfV9APK7evRp5FS.jpeg",540,560,false],"large":["https:\/\/bonnettperu.net\/wp56\/wp-content\/uploads\/2022\/08\/yVVEyi8R1FA9m1aQaYGwEkmatpfV9APK7evRp5FS.jpeg",540,560,false],"gswps_product_thumb":["https:\/\/bonnettperu.net\/wp56\/wp-content\/uploads\/2022\/08\/yVVEyi8R1FA9m1aQaYGwEkmatpfV9APK7evRp5FS.jpeg",350,363,false],"1536x1536":["https:\/\/bonnettperu.net\/wp56\/wp-content\/uploads\/2022\/08\/yVVEyi8R1FA9m1aQaYGwEkmatpfV9APK7evRp5FS.jpeg",540,560,false],"2048x2048":["https:\/\/bonnettperu.net\/wp56\/wp-content\/uploads\/2022\/08\/yVVEyi8R1FA9m1aQaYGwEkmatpfV9APK7evRp5FS.jpeg",540,560,false],"woocommerce_thumbnail":["https:\/\/bonnettperu.net\/wp56\/wp-content\/uploads\/2022\/08\/yVVEyi8R1FA9m1aQaYGwEkmatpfV9APK7evRp5FS-300x300.jpeg",300,300,true],"woocommerce_single":["https:\/\/bonnettperu.net\/wp56\/wp-content\/uploads\/2022\/08\/yVVEyi8R1FA9m1aQaYGwEkmatpfV9APK7evRp5FS.jpeg",540,560,false],"woocommerce_gallery_thumbnail":["https:\/\/bonnettperu.net\/wp56\/wp-content\/uploads\/2022\/08\/yVVEyi8R1FA9m1aQaYGwEkmatpfV9APK7evRp5FS-100x100.jpeg",100,100,true],"dgwt-wcas-product-suggestion":["https:\/\/bonnettperu.net\/wp56\/wp-content\/uploads\/2022\/08\/yVVEyi8R1FA9m1aQaYGwEkmatpfV9APK7evRp5FS.jpeg",64,66,false]},"uagb_author_info":{"display_name":"admin","author_link":"https:\/\/bonnettperu.net\/wp56\/author\/"},"uagb_comment_info":0,"uagb_excerpt":"Ficha T\u00e9cnica_Grifo_Manguera_Esfera_144 Los grifos para manguera con portacandado est\u00e1n fabricados de lat\u00f3n niquelado, racor de lat\u00f3n y con manilla de palanca de acero.","_links":{"self":[{"href":"https:\/\/bonnettperu.net\/wp56\/wp-json\/wp\/v2\/product\/4594"}],"collection":[{"href":"https:\/\/bonnettperu.net\/wp56\/wp-json\/wp\/v2\/product"}],"about":[{"href":"https:\/\/bonnettperu.net\/wp56\/wp-json\/wp\/v2\/types\/product"}],"replies":[{"embeddable":true,"href":"https:\/\/bonnettperu.net\/wp56\/wp-json\/wp\/v2\/comments?post=4594"}],"wp:featuredmedia":[{"embeddable":true,"href":"https:\/\/bonnettperu.net\/wp56\/wp-json\/wp\/v2\/media\/1604"}],"wp:attachment":[{"href":"https:\/\/bonnettperu.net\/wp56\/wp-json\/wp\/v2\/media?parent=4594"}],"wp:term":[{"taxonomy":"product_cat","embeddable":true,"href":"https:\/\/bonnettperu.net\/wp56\/wp-json\/wp\/v2\/product_cat?post=4594"},{"taxonomy":"product_tag","embeddable":true,"href":"https:\/\/bonnettperu.net\/wp56\/wp-json\/wp\/v2\/product_tag?post=4594"}],"curies":[{"name":"wp","href":"https:\/\/api.w.org\/{rel}","templated":true}]}}