{"id":4515,"date":"2022-10-17T15:41:53","date_gmt":"2022-10-17T15:41:53","guid":{"rendered":"https:\/\/bonnettperu.net\/wp56\/?post_type=product&#038;p=4515"},"modified":"2023-06-02T17:04:44","modified_gmt":"2023-06-02T17:04:44","slug":"bomba-hidraulica-panelli-modelo-140-sx-64-11-de-6-304-40-hp-4-npt","status":"publish","type":"product","link":"https:\/\/bonnettperu.net\/wp56\/producto\/bomba-hidraulica-panelli-modelo-140-sx-64-11-de-6-304-40-hp-4-npt\/","title":{"rendered":"BOMBA HIDR\u00c1ULICA PANELLI 140 SX 64\/11 DE 6&#8243; 304 40 HP.  4&#8243; NPT"},"content":{"rendered":"<p><strong>Ventajas:<\/strong><\/p>\n<ul>\n<li>Eficiencias elevadas<\/li>\n<li>Durada de vida muy importante<\/li>\n<li>Facilidad de montaje y desmontaje<\/li>\n<li>Manutenci\u00f3n m\u00ednima<\/li>\n<li>Costos de utilizaci\u00f3n muy limitados<\/li>\n<\/ul>\n<p><strong>Materiales:<\/strong><\/p>\n<ul>\n<li>Impulsores, difusores, caja de aspiraci\u00f3n y impulsi\u00f3n en acero inoxidable AISI 304<br \/>\nmicro fundido.<\/li>\n<li>Eje de bomba en acero inoxidable AISI 304<\/li>\n<li>Anillos de usura, bocina llanillo v\u00e1lvula en goma NBR<\/li>\n<li>Contra suspensi\u00f3n en PTFE+25% GRAFITE<\/li>\n<\/ul>\n<p><strong>Prestaciones Hidr\u00e1ulicas:<\/strong><\/p>\n<ul>\n<li>Caudales hasta 420 m\u00b3\/h<\/li>\n<li>Altura manom\u00e9trica hasta 510 m<\/li>\n<li>Potencia hasta 250 kW<\/li>\n<li>Cantidad m\u00e1x. de arena contenida en el agua: 50g\/m\u00b3<\/li>\n<li>Sumergencia m\u00e1x.: 350 metro<\/li>\n<\/ul>\n","protected":false},"excerpt":{"rendered":"<p><a href=\"https:\/\/grupobonnett.com\/wp-content\/uploads\/2022\/09\/140-sx-500.pdf\">Ficha T\u00e9cnica SX<\/a><\/p>\n<p>Las bombas sumergibles semiaxiales gracias al dise\u00f1o de los impulsores y de los cuerpos se adaptan a caudales medio-elevados y alturas media. Hechas para el bombeo de aguas limpias en aplicaciones civiles e industriales para el suministro de agua a nivel residencial, industrial, en grupos de presi\u00f3n, sistemas contra incendio, irrigaci\u00f3n y sistemas de agua p\u00fablica.<\/p>\n","protected":false},"featured_media":5549,"comment_status":"open","ping_status":"closed","template":"","meta":{"_uag_custom_page_level_css":"","site-sidebar-layout":"default","site-content-layout":"default","ast-global-header-display":"","ast-banner-title-visibility":"","ast-main-header-display":"","ast-hfb-above-header-display":"","ast-hfb-below-header-display":"","ast-hfb-mobile-header-display":"","site-post-title":"","ast-breadcrumbs-content":"","ast-featured-img":"","footer-sml-layout":"","theme-transparent-header-meta":"default","adv-header-id-meta":"","stick-header-meta":"","header-above-stick-meta":"","header-main-stick-meta":"","header-below-stick-meta":""},"product_cat":[57,829,830,826,847],"product_tag":[],"uagb_featured_image_src":{"full":["https:\/\/bonnettperu.net\/wp56\/wp-content\/uploads\/2023\/06\/PANELLI-WEB-01-2.png",2500,2501,false],"thumbnail":["https:\/\/bonnettperu.net\/wp56\/wp-content\/uploads\/2023\/06\/PANELLI-WEB-01-2-150x150.png",150,150,true],"medium":["https:\/\/bonnettperu.net\/wp56\/wp-content\/uploads\/2023\/06\/PANELLI-WEB-01-2-300x300.png",300,300,true],"medium_large":["https:\/\/bonnettperu.net\/wp56\/wp-content\/uploads\/2023\/06\/PANELLI-WEB-01-2-768x768.png",768,768,true],"large":["https:\/\/bonnettperu.net\/wp56\/wp-content\/uploads\/2023\/06\/PANELLI-WEB-01-2-1024x1024.png",1024,1024,true],"gswps_product_thumb":["https:\/\/bonnettperu.net\/wp56\/wp-content\/uploads\/2023\/06\/PANELLI-WEB-01-2-350x350.png",350,350,true],"1536x1536":["https:\/\/bonnettperu.net\/wp56\/wp-content\/uploads\/2023\/06\/PANELLI-WEB-01-2-1536x1536.png",1536,1536,true],"2048x2048":["https:\/\/bonnettperu.net\/wp56\/wp-content\/uploads\/2023\/06\/PANELLI-WEB-01-2-2048x2048.png",2048,2048,true],"woocommerce_thumbnail":["https:\/\/bonnettperu.net\/wp56\/wp-content\/uploads\/2023\/06\/PANELLI-WEB-01-2-300x300.png",300,300,true],"woocommerce_single":["https:\/\/bonnettperu.net\/wp56\/wp-content\/uploads\/2023\/06\/PANELLI-WEB-01-2-600x600.png",600,600,true],"woocommerce_gallery_thumbnail":["https:\/\/bonnettperu.net\/wp56\/wp-content\/uploads\/2023\/06\/PANELLI-WEB-01-2-100x100.png",100,100,true],"dgwt-wcas-product-suggestion":["https:\/\/bonnettperu.net\/wp56\/wp-content\/uploads\/2023\/06\/PANELLI-WEB-01-2-64x64.png",64,64,true]},"uagb_author_info":{"display_name":"admin","author_link":"https:\/\/bonnettperu.net\/wp56\/author\/"},"uagb_comment_info":0,"uagb_excerpt":"Ficha T\u00e9cnica SX Las bombas sumergibles semiaxiales gracias al dise\u00f1o de los impulsores y de los cuerpos se adaptan a caudales medio-elevados y alturas media. Hechas para el bombeo de aguas limpias en aplicaciones civiles e industriales para el suministro de agua a nivel residencial, industrial, en grupos de presi\u00f3n, sistemas contra incendio, irrigaci\u00f3n y&hellip;","_links":{"self":[{"href":"https:\/\/bonnettperu.net\/wp56\/wp-json\/wp\/v2\/product\/4515"}],"collection":[{"href":"https:\/\/bonnettperu.net\/wp56\/wp-json\/wp\/v2\/product"}],"about":[{"href":"https:\/\/bonnettperu.net\/wp56\/wp-json\/wp\/v2\/types\/product"}],"replies":[{"embeddable":true,"href":"https:\/\/bonnettperu.net\/wp56\/wp-json\/wp\/v2\/comments?post=4515"}],"wp:featuredmedia":[{"embeddable":true,"href":"https:\/\/bonnettperu.net\/wp56\/wp-json\/wp\/v2\/media\/5549"}],"wp:attachment":[{"href":"https:\/\/bonnettperu.net\/wp56\/wp-json\/wp\/v2\/media?parent=4515"}],"wp:term":[{"taxonomy":"product_cat","embeddable":true,"href":"https:\/\/bonnettperu.net\/wp56\/wp-json\/wp\/v2\/product_cat?post=4515"},{"taxonomy":"product_tag","embeddable":true,"href":"https:\/\/bonnettperu.net\/wp56\/wp-json\/wp\/v2\/product_tag?post=4515"}],"curies":[{"name":"wp","href":"https:\/\/api.w.org\/{rel}","templated":true}]}}