{"id":4508,"date":"2022-10-14T21:24:05","date_gmt":"2022-10-14T21:24:05","guid":{"rendered":"https:\/\/bonnettperu.net\/wp56\/?post_type=product&#038;p=4508"},"modified":"2022-12-21T21:00:29","modified_gmt":"2022-12-21T21:00:29","slug":"modulo-de-control-solar-4hs-multipower-pm","status":"publish","type":"product","link":"https:\/\/bonnettperu.net\/wp56\/producto\/modulo-de-control-solar-4hs-multipower-pm\/","title":{"rendered":"MODULO DE CONTROL SOLAR 4HS MULTIPOWER PM."},"content":{"rendered":"","protected":false},"excerpt":{"rendered":"<p>Si el control CM MultiPower no se utiliza, los cables de se\u00f1al pueden utilizarse para controlar el encendido y apagado de la bomba conect\u00e1ndola, por ejemplo, a un interruptor de nivel.<\/p>\n<p>Si los cables de se\u00f1al est\u00e1n conectados al modulo de control CM MP, es posible:<\/p>\n<ul>\n<li>Controlar los par\u00e1metros el\u00e9ctricos (corriente, potencia, voltaje, frecuencia).<\/li>\n<li>Registro y memoria de las alarmas relacionadas a las horas de funcionamiento.<\/li>\n<li>Conectar un transductor de presi\u00f3n o de caudal.<\/li>\n<li>Conectar un presostato o interruptor de nivel.<\/li>\n<li>Disponer de una salida digital de alarma para un control remoto.<\/li>\n<\/ul>\n","protected":false},"featured_media":4509,"comment_status":"open","ping_status":"closed","template":"","meta":{"_uag_custom_page_level_css":"","site-sidebar-layout":"default","site-content-layout":"default","ast-global-header-display":"","ast-banner-title-visibility":"","ast-main-header-display":"","ast-hfb-above-header-display":"","ast-hfb-below-header-display":"","ast-hfb-mobile-header-display":"","site-post-title":"","ast-breadcrumbs-content":"","ast-featured-img":"","footer-sml-layout":"","theme-transparent-header-meta":"default","adv-header-id-meta":"","stick-header-meta":"","header-above-stick-meta":"","header-main-stick-meta":"","header-below-stick-meta":""},"product_cat":[835,861,37],"product_tag":[],"uagb_featured_image_src":{"full":["https:\/\/bonnettperu.net\/wp56\/wp-content\/uploads\/2022\/10\/MODULO-CONTROL-SOLAR-4HS.png",769,800,false],"thumbnail":["https:\/\/bonnettperu.net\/wp56\/wp-content\/uploads\/2022\/10\/MODULO-CONTROL-SOLAR-4HS-150x150.png",150,150,true],"medium":["https:\/\/bonnettperu.net\/wp56\/wp-content\/uploads\/2022\/10\/MODULO-CONTROL-SOLAR-4HS-288x300.png",288,300,true],"medium_large":["https:\/\/bonnettperu.net\/wp56\/wp-content\/uploads\/2022\/10\/MODULO-CONTROL-SOLAR-4HS.png",768,799,false],"large":["https:\/\/bonnettperu.net\/wp56\/wp-content\/uploads\/2022\/10\/MODULO-CONTROL-SOLAR-4HS.png",769,800,false],"gswps_product_thumb":["https:\/\/bonnettperu.net\/wp56\/wp-content\/uploads\/2022\/10\/MODULO-CONTROL-SOLAR-4HS-350x364.png",350,364,true],"1536x1536":["https:\/\/bonnettperu.net\/wp56\/wp-content\/uploads\/2022\/10\/MODULO-CONTROL-SOLAR-4HS.png",769,800,false],"2048x2048":["https:\/\/bonnettperu.net\/wp56\/wp-content\/uploads\/2022\/10\/MODULO-CONTROL-SOLAR-4HS.png",769,800,false],"woocommerce_thumbnail":["https:\/\/bonnettperu.net\/wp56\/wp-content\/uploads\/2022\/10\/MODULO-CONTROL-SOLAR-4HS-300x300.png",300,300,true],"woocommerce_single":["https:\/\/bonnettperu.net\/wp56\/wp-content\/uploads\/2022\/10\/MODULO-CONTROL-SOLAR-4HS-600x624.png",600,624,true],"woocommerce_gallery_thumbnail":["https:\/\/bonnettperu.net\/wp56\/wp-content\/uploads\/2022\/10\/MODULO-CONTROL-SOLAR-4HS-100x100.png",100,100,true],"dgwt-wcas-product-suggestion":["https:\/\/bonnettperu.net\/wp56\/wp-content\/uploads\/2022\/10\/MODULO-CONTROL-SOLAR-4HS.png",64,67,false]},"uagb_author_info":{"display_name":"admin","author_link":"https:\/\/bonnettperu.net\/wp56\/author\/"},"uagb_comment_info":0,"uagb_excerpt":"Si el control CM MultiPower no se utiliza, los cables de se\u00f1al pueden utilizarse para controlar el encendido y apagado de la bomba conect\u00e1ndola, por ejemplo, a un interruptor de nivel. Si los cables de se\u00f1al est\u00e1n conectados al modulo de control CM MP, es posible: Controlar los par\u00e1metros el\u00e9ctricos (corriente, potencia, voltaje, frecuencia). Registro&hellip;","_links":{"self":[{"href":"https:\/\/bonnettperu.net\/wp56\/wp-json\/wp\/v2\/product\/4508"}],"collection":[{"href":"https:\/\/bonnettperu.net\/wp56\/wp-json\/wp\/v2\/product"}],"about":[{"href":"https:\/\/bonnettperu.net\/wp56\/wp-json\/wp\/v2\/types\/product"}],"replies":[{"embeddable":true,"href":"https:\/\/bonnettperu.net\/wp56\/wp-json\/wp\/v2\/comments?post=4508"}],"wp:featuredmedia":[{"embeddable":true,"href":"https:\/\/bonnettperu.net\/wp56\/wp-json\/wp\/v2\/media\/4509"}],"wp:attachment":[{"href":"https:\/\/bonnettperu.net\/wp56\/wp-json\/wp\/v2\/media?parent=4508"}],"wp:term":[{"taxonomy":"product_cat","embeddable":true,"href":"https:\/\/bonnettperu.net\/wp56\/wp-json\/wp\/v2\/product_cat?post=4508"},{"taxonomy":"product_tag","embeddable":true,"href":"https:\/\/bonnettperu.net\/wp56\/wp-json\/wp\/v2\/product_tag?post=4508"}],"curies":[{"name":"wp","href":"https:\/\/api.w.org\/{rel}","templated":true}]}}