{"id":4498,"date":"2022-10-14T20:47:02","date_gmt":"2022-10-14T20:47:02","guid":{"rendered":"https:\/\/bonnettperu.net\/wp56\/?post_type=product&#038;p=4498"},"modified":"2022-12-21T20:42:59","modified_gmt":"2022-12-21T20:42:59","slug":"inversor-nastec-mod-vs412-4-0-kw-320-850vdc-3380vac-12-amp","status":"publish","type":"product","link":"https:\/\/bonnettperu.net\/wp56\/producto\/inversor-nastec-mod-vs412-4-0-kw-320-850vdc-3380vac-12-amp\/","title":{"rendered":"INVERSOR NASTEC MOD. VS412 4.0 Kw. 320-850Vdc 3~380Vac. 12 Amp."},"content":{"rendered":"<p>El accesorio HMA, utilizado en combinaci\u00f3n con los modelos, maneja autom\u00e1ticamente el intercambio de una fuente de energ\u00eda a la otra seg\u00fan varias opciones:<\/p>\n<ul>\n<li>Nivel de irradiaci\u00f3n<\/li>\n<li>Horario del d\u00eda<\/li>\n<li>Consecuci\u00f3n del caudal diario exigido<\/li>\n<li>Control remoto mediante ingreso digital.<\/li>\n<\/ul>\n","protected":false},"excerpt":{"rendered":"<p><a href=\"https:\/\/bonnettperu.net\/wp56\/wp-content\/uploads\/2022\/09\/Nastec-VASCO-Solar-VAriable-Speed-COntroller-cat-ES-1.pdf\">FICHA T\u00c9CNICA NASTEC VASCO SOLAR<\/a><\/p>\n<p>VASCO Solar &#8211;<strong> VA<\/strong>riable <strong>S<\/strong>peed <strong>C<\/strong>Ontroller<\/p>\n<p>El inversor para aplicaciones de bombeo solar en las versiones MP (MultiPower) puede ser alimentado en AC por paneles fotovoltaicos o en AC por la red o generador para asegurar el funcionamiento de la bomba a cualquier hora del d\u00eda.<\/p>\n<p>Esto permite de manejar los picos de solicitud h\u00eddrica mediante alimentaci\u00f3n AC evitando el sobredimensionamiento del sistema fotovoltaico.<\/p>\n<p>&nbsp;<\/p>\n","protected":false},"featured_media":3532,"comment_status":"open","ping_status":"closed","template":"","meta":{"_uag_custom_page_level_css":"","site-sidebar-layout":"default","site-content-layout":"default","ast-global-header-display":"","ast-banner-title-visibility":"","ast-main-header-display":"","ast-hfb-above-header-display":"","ast-hfb-below-header-display":"","ast-hfb-mobile-header-display":"","site-post-title":"","ast-breadcrumbs-content":"","ast-featured-img":"","footer-sml-layout":"","theme-transparent-header-meta":"default","adv-header-id-meta":"","stick-header-meta":"","header-above-stick-meta":"","header-main-stick-meta":"","header-below-stick-meta":""},"product_cat":[835,861,37],"product_tag":[],"uagb_featured_image_src":{"full":["https:\/\/bonnettperu.net\/wp56\/wp-content\/uploads\/2022\/09\/Vasco-Solar-01.png",2481,2289,false],"thumbnail":["https:\/\/bonnettperu.net\/wp56\/wp-content\/uploads\/2022\/09\/Vasco-Solar-01-150x150.png",150,150,true],"medium":["https:\/\/bonnettperu.net\/wp56\/wp-content\/uploads\/2022\/09\/Vasco-Solar-01-300x277.png",300,277,true],"medium_large":["https:\/\/bonnettperu.net\/wp56\/wp-content\/uploads\/2022\/09\/Vasco-Solar-01-768x709.png",768,709,true],"large":["https:\/\/bonnettperu.net\/wp56\/wp-content\/uploads\/2022\/09\/Vasco-Solar-01-1024x945.png",1024,945,true],"gswps_product_thumb":["https:\/\/bonnettperu.net\/wp56\/wp-content\/uploads\/2022\/09\/Vasco-Solar-01-350x323.png",350,323,true],"1536x1536":["https:\/\/bonnettperu.net\/wp56\/wp-content\/uploads\/2022\/09\/Vasco-Solar-01-1536x1417.png",1536,1417,true],"2048x2048":["https:\/\/bonnettperu.net\/wp56\/wp-content\/uploads\/2022\/09\/Vasco-Solar-01-2048x1890.png",2048,1890,true],"woocommerce_thumbnail":["https:\/\/bonnettperu.net\/wp56\/wp-content\/uploads\/2022\/09\/Vasco-Solar-01-300x300.png",300,300,true],"woocommerce_single":["https:\/\/bonnettperu.net\/wp56\/wp-content\/uploads\/2022\/09\/Vasco-Solar-01-600x554.png",600,554,true],"woocommerce_gallery_thumbnail":["https:\/\/bonnettperu.net\/wp56\/wp-content\/uploads\/2022\/09\/Vasco-Solar-01-100x100.png",100,100,true],"dgwt-wcas-product-suggestion":["https:\/\/bonnettperu.net\/wp56\/wp-content\/uploads\/2022\/09\/Vasco-Solar-01.png",64,59,false]},"uagb_author_info":{"display_name":"admin","author_link":"https:\/\/bonnettperu.net\/wp56\/author\/"},"uagb_comment_info":0,"uagb_excerpt":"FICHA T\u00c9CNICA NASTEC VASCO SOLAR VASCO Solar - VAriable Speed COntroller El inversor para aplicaciones de bombeo solar en las versiones MP (MultiPower) puede ser alimentado en AC por paneles fotovoltaicos o en AC por la red o generador para asegurar el funcionamiento de la bomba a cualquier hora del d\u00eda. Esto permite de manejar&hellip;","_links":{"self":[{"href":"https:\/\/bonnettperu.net\/wp56\/wp-json\/wp\/v2\/product\/4498"}],"collection":[{"href":"https:\/\/bonnettperu.net\/wp56\/wp-json\/wp\/v2\/product"}],"about":[{"href":"https:\/\/bonnettperu.net\/wp56\/wp-json\/wp\/v2\/types\/product"}],"replies":[{"embeddable":true,"href":"https:\/\/bonnettperu.net\/wp56\/wp-json\/wp\/v2\/comments?post=4498"}],"wp:featuredmedia":[{"embeddable":true,"href":"https:\/\/bonnettperu.net\/wp56\/wp-json\/wp\/v2\/media\/3532"}],"wp:attachment":[{"href":"https:\/\/bonnettperu.net\/wp56\/wp-json\/wp\/v2\/media?parent=4498"}],"wp:term":[{"taxonomy":"product_cat","embeddable":true,"href":"https:\/\/bonnettperu.net\/wp56\/wp-json\/wp\/v2\/product_cat?post=4498"},{"taxonomy":"product_tag","embeddable":true,"href":"https:\/\/bonnettperu.net\/wp56\/wp-json\/wp\/v2\/product_tag?post=4498"}],"curies":[{"name":"wp","href":"https:\/\/api.w.org\/{rel}","templated":true}]}}