{"id":4492,"date":"2022-10-14T20:15:30","date_gmt":"2022-10-14T20:15:30","guid":{"rendered":"https:\/\/bonnettperu.net\/wp56\/?post_type=product&#038;p=4492"},"modified":"2023-06-02T17:04:23","modified_gmt":"2023-06-02T17:04:23","slug":"bomba-de-calor-140000-btu-mod-r8450ti-e","status":"publish","type":"product","link":"https:\/\/bonnettperu.net\/wp56\/producto\/bomba-de-calor-140000-btu-mod-r8450ti-e\/","title":{"rendered":"BOMBA DE CALOR R8450ti-E 140,000 BTU RAYPAK"},"content":{"rendered":"<p><strong>Obtenga m\u00e1s calor<\/strong><\/p>\n<p>Nuestro intercambiador de calor ha sido dise\u00f1ado para producir m\u00e1s calor. Eso significa que dejar\u00e1 de perder el tiempo esperando que la piscina se caliente y ahorrar\u00e1 m\u00e1s en sus facturas de energ\u00eda.<\/p>\n<p><strong>Ventilador Incorporado Funcional<\/strong><\/p>\n<p>En lugar de utilizar una parte de ventilador convencional, Raypak ha dise\u00f1ado y sintonizado un ventilador solo para cada producto que optimiza el flujo de aire para obtener m\u00e1s aire caliente que cualquier otra bomba de calor.<\/p>\n<p><strong>Uso de Energ\u00eda Inteligente<\/strong><\/p>\n<p>Cada bomba de calor de Raypak puede detectar cu\u00e1ndo debe cambiar a su sistema de energ\u00eda solar o encender un sistema de gas para obtener calor adicional. Optimiza autom\u00e1ticamente su ahorro de costes.<\/p>\n<p><strong>Muchas Opciones para cada Piscina<\/strong><\/p>\n<p>Para todos los propietarios de piscinas, en cualquier lugar donde se encuentre, Raypak tiene el modelo que le ayudar\u00e1 a aprovechar al m\u00e1ximo su piscina, con opciones de calefacci\u00f3n\/enfriamiento y descongelamiento activo.<\/p>\n","protected":false},"excerpt":{"rendered":"<p><a href=\"https:\/\/grupobonnett.com\/wp-content\/uploads\/2022\/09\/bomba-de-calor-diptico-A4-1_compressed.pdf\">Ficha T\u00e9cnica bomba-de-calor<\/a><\/p>\n<p>Su dise\u00f1o compacto presenta una caja de acero duradera, hecha para resistir la corrosi\u00f3n com\u00fan y el impacto directo. Intercambiador de calor de tubo de titanio. Su durabilidad tambi\u00e9n va m\u00e1s all\u00e1 de la superficie, con un intercambiador de calor de tubo de titanio que es pr\u00e1cticamente indestructible.<\/p>\n","protected":false},"featured_media":5481,"comment_status":"open","ping_status":"closed","template":"","meta":{"_uag_custom_page_level_css":"","site-sidebar-layout":"default","site-content-layout":"default","ast-global-header-display":"","ast-banner-title-visibility":"","ast-main-header-display":"","ast-hfb-above-header-display":"","ast-hfb-below-header-display":"","ast-hfb-mobile-header-display":"","site-post-title":"","ast-breadcrumbs-content":"","ast-featured-img":"","footer-sml-layout":"","theme-transparent-header-meta":"default","adv-header-id-meta":"","stick-header-meta":"","header-above-stick-meta":"","header-main-stick-meta":"","header-below-stick-meta":""},"product_cat":[856,834,40,827],"product_tag":[],"uagb_featured_image_src":{"full":["https:\/\/bonnettperu.net\/wp56\/wp-content\/uploads\/2023\/06\/Raypak-WEB-07.png",2501,2501,false],"thumbnail":["https:\/\/bonnettperu.net\/wp56\/wp-content\/uploads\/2023\/06\/Raypak-WEB-07-150x150.png",150,150,true],"medium":["https:\/\/bonnettperu.net\/wp56\/wp-content\/uploads\/2023\/06\/Raypak-WEB-07-300x300.png",300,300,true],"medium_large":["https:\/\/bonnettperu.net\/wp56\/wp-content\/uploads\/2023\/06\/Raypak-WEB-07-768x768.png",768,768,true],"large":["https:\/\/bonnettperu.net\/wp56\/wp-content\/uploads\/2023\/06\/Raypak-WEB-07-1024x1024.png",1024,1024,true],"gswps_product_thumb":["https:\/\/bonnettperu.net\/wp56\/wp-content\/uploads\/2023\/06\/Raypak-WEB-07-350x350.png",350,350,true],"1536x1536":["https:\/\/bonnettperu.net\/wp56\/wp-content\/uploads\/2023\/06\/Raypak-WEB-07-1536x1536.png",1536,1536,true],"2048x2048":["https:\/\/bonnettperu.net\/wp56\/wp-content\/uploads\/2023\/06\/Raypak-WEB-07-2048x2048.png",2048,2048,true],"woocommerce_thumbnail":["https:\/\/bonnettperu.net\/wp56\/wp-content\/uploads\/2023\/06\/Raypak-WEB-07-300x300.png",300,300,true],"woocommerce_single":["https:\/\/bonnettperu.net\/wp56\/wp-content\/uploads\/2023\/06\/Raypak-WEB-07-600x600.png",600,600,true],"woocommerce_gallery_thumbnail":["https:\/\/bonnettperu.net\/wp56\/wp-content\/uploads\/2023\/06\/Raypak-WEB-07-100x100.png",100,100,true],"dgwt-wcas-product-suggestion":["https:\/\/bonnettperu.net\/wp56\/wp-content\/uploads\/2023\/06\/Raypak-WEB-07-64x64.png",64,64,true]},"uagb_author_info":{"display_name":"admin","author_link":"https:\/\/bonnettperu.net\/wp56\/author\/"},"uagb_comment_info":0,"uagb_excerpt":"Ficha T\u00e9cnica bomba-de-calor Su dise\u00f1o compacto presenta una caja de acero duradera, hecha para resistir la corrosi\u00f3n com\u00fan y el impacto directo. Intercambiador de calor de tubo de titanio. Su durabilidad tambi\u00e9n va m\u00e1s all\u00e1 de la superficie, con un intercambiador de calor de tubo de titanio que es pr\u00e1cticamente indestructible.","_links":{"self":[{"href":"https:\/\/bonnettperu.net\/wp56\/wp-json\/wp\/v2\/product\/4492"}],"collection":[{"href":"https:\/\/bonnettperu.net\/wp56\/wp-json\/wp\/v2\/product"}],"about":[{"href":"https:\/\/bonnettperu.net\/wp56\/wp-json\/wp\/v2\/types\/product"}],"replies":[{"embeddable":true,"href":"https:\/\/bonnettperu.net\/wp56\/wp-json\/wp\/v2\/comments?post=4492"}],"wp:featuredmedia":[{"embeddable":true,"href":"https:\/\/bonnettperu.net\/wp56\/wp-json\/wp\/v2\/media\/5481"}],"wp:attachment":[{"href":"https:\/\/bonnettperu.net\/wp56\/wp-json\/wp\/v2\/media?parent=4492"}],"wp:term":[{"taxonomy":"product_cat","embeddable":true,"href":"https:\/\/bonnettperu.net\/wp56\/wp-json\/wp\/v2\/product_cat?post=4492"},{"taxonomy":"product_tag","embeddable":true,"href":"https:\/\/bonnettperu.net\/wp56\/wp-json\/wp\/v2\/product_tag?post=4492"}],"curies":[{"name":"wp","href":"https:\/\/api.w.org\/{rel}","templated":true}]}}