{"id":4489,"date":"2022-10-14T20:05:53","date_gmt":"2022-10-14T20:05:53","guid":{"rendered":"https:\/\/bonnettperu.net\/wp56\/?post_type=product&#038;p=4489"},"modified":"2023-06-02T17:04:23","modified_gmt":"2023-06-02T17:04:23","slug":"raypac-p-r106a-an-c-de-105000-btu-gas-natural","status":"publish","type":"product","link":"https:\/\/bonnettperu.net\/wp56\/producto\/raypac-p-r106a-an-c-de-105000-btu-gas-natural\/","title":{"rendered":"CALENTADOR RAYPAK P-R106A-AN-C DE 105,000 BTU GAS NATURAL"},"content":{"rendered":"<p><strong>Caracter\u00edsticas:<\/strong><\/p>\n<ul>\n<li>105,000 BTU<\/li>\n<\/ul>\n<p><strong>Recubrimiento en polvo con textura PolyTuf<\/strong><\/p>\n<p>El calentador de gas Raypak tiene un gabinete no corrosivo recubierto de poli\u00e9ster que es m\u00e1s duradero que los gabinetes met\u00e1licos recubiertos con agua y solventes.\u00a0Cada pieza de chapa pasa por un sistema de lavado de 7 etapas, asegurando que la pintura en polvo tenga una uni\u00f3n perfecta.\u00a0Debajo del acabado resistente pero hermoso, encontrar\u00e1 metal galvanizado que ofrece una prevenci\u00f3n de la oxidaci\u00f3n superior y a\u00f1os de servicio duradero.<\/p>\n<p><strong>Dise\u00f1o resistente al viento<\/strong><\/p>\n<p>No es necesario que los fan\u00e1ticos combatan los problemas de dibujo en condiciones normales.\u00a0Este calentador est\u00e1 dise\u00f1ado para funcionar naturalmente en instalaciones al aire libre con su exclusivo dise\u00f1o de bajo perfil.\u00a0Est\u00e1 tan cuidadosamente y cuidadosamente dise\u00f1ado que en realidad se protege de las cosas que tienden a sofocar los calentadores comunes de piscinas y spas.\u00a0Ofrece un rendimiento de calentamiento ininterrumpido independientemente de la ca\u00edda de hojas, viento, escombros en el aire, lluvia, corrientes descendentes, corrientes ascendentes, aguanieve, nieve, etc.<\/p>\n<p><strong>Encabezados de pol\u00edmero<\/strong><\/p>\n<p>Evite que las manchas de \u00f3xido da\u00f1en la superficie de su piscina o spa, brind\u00e1ndole a\u00f1os de placer de nataci\u00f3n sin problemas.<\/p>\n<p><strong>Intercambiador de calor de tubo de aleta de cobre<\/strong><\/p>\n<p>Los tubos de aletas del intercambiador de calor est\u00e1n hechos de una sola pieza de cobre extruido.\u00a0Este dise\u00f1o de aleta integral permite alcanzar y mantener la m\u00e1xima transferencia de calor.\u00a0Raypak tambi\u00e9n utiliza l\u00e1minas gruesas de tubo de acero inoxidable para una construcci\u00f3n robusta y una operaci\u00f3n libre de \u00f3xido.<\/p>\n<p><strong>Conexiones de agua de 2 &#8220;<\/strong><\/p>\n<p>Se suministra con cada calentador Raypak 106 un conjunto de conexiones de brida de 2 &#8220;para que su instalaci\u00f3n sea segura y sin esfuerzo.<\/p>\n<p><strong>Bypass autom\u00e1tico<\/strong><\/p>\n<p>Raypak 106 viene de serie con un bypass de agua incorporado para que pueda manejar diferentes GPM sin tener que ajustar sus caudales manualmente.\u00a0El bypass tambi\u00e9n ayuda a mantener un flujo constante de ingenier\u00eda a trav\u00e9s de los tubos para ayudar a reducir la condensaci\u00f3n causada por el agua fr\u00eda.<\/p>\n<p><strong>Bandeja Quemador<\/strong><\/p>\n<p>Cada bandeja de quemadores est\u00e1 dise\u00f1ada para durar, desde la cubierta del quemador de acero inoxidable hasta los metales aluminizados utilizados en las \u00e1reas sensibles al calor.\u00a0El dise\u00f1o innovador permite la f\u00e1cil extracci\u00f3n de la bandeja para el mantenimiento.<\/p>\n<p><strong>Azulejo de fuego<\/strong><\/p>\n<p>Una caja de combusti\u00f3n de fibra cer\u00e1mica mantiene su calentador funcionando de manera eficiente mientras mantiene fresca la cubierta exterior.\u00a0Al usar este material de la era espacial, el calentador no retendr\u00e1 el calor residual despu\u00e9s de apagarlo, lo que permite su instalaci\u00f3n sin el uso de disipadores de calor met\u00e1licos costosos.<\/p>\n<p><strong>Combustible eficiente<\/strong><\/p>\n<p>Los calentadores Raypak energ\u00e9ticamente inteligentes logran consistentemente las m\u00e1s altas calificaciones de eficiencia.\u00a0Cumplen o exceden todos los est\u00e1ndares federales y estatales.<\/p>\n<p><strong>Disponible para gas natural o propano.<\/strong><\/p>\n<p>Tenga en cuenta que el modelo Raypak 106 no est\u00e1 dise\u00f1ado para cumplir con las regulaciones de emisiones en \u00e1reas que requieren niveles bajos de NOx.<\/p>\n<p>Reduzca la entrada 4% por cada 1000 pies sobre el nivel del mar cuando se instale por encima de 2000 pies de elevaci\u00f3n.<\/p>\n","protected":false},"excerpt":{"rendered":"<p><a href=\"https:\/\/grupobonnett.com\/wp-content\/uploads\/2022\/09\/RAYPAK-156.pdf\">Ficha T\u00e9cnica CALENTADOR RAYPAK MODELO P-R106A<\/a><\/p>\n<p>Raypak 106A es la elecci\u00f3n perfecta para piscinas y spas sobre el suelo.\u00a0Este puede ser nuestro calentador de piscina y spa m\u00e1s peque\u00f1o, pero est\u00e1 construido con los mismos est\u00e1ndares exigentes que el resto de nuestros productos.\u00a0Extienda su temporada de nataci\u00f3n, abra su piscina antes y ci\u00e9rrela m\u00e1s tarde.\u00a0Su piscina siempre est\u00e1 lista cuando tiene un Raypak en funcionamiento.<\/p>\n","protected":false},"featured_media":5486,"comment_status":"open","ping_status":"closed","template":"","meta":{"_uag_custom_page_level_css":"","site-sidebar-layout":"default","site-content-layout":"default","ast-global-header-display":"","ast-banner-title-visibility":"","ast-main-header-display":"","ast-hfb-above-header-display":"","ast-hfb-below-header-display":"","ast-hfb-mobile-header-display":"","site-post-title":"","ast-breadcrumbs-content":"","ast-featured-img":"","footer-sml-layout":"","theme-transparent-header-meta":"default","adv-header-id-meta":"","stick-header-meta":"","header-above-stick-meta":"","header-main-stick-meta":"","header-below-stick-meta":""},"product_cat":[856,834,40,827],"product_tag":[],"uagb_featured_image_src":{"full":["https:\/\/bonnettperu.net\/wp56\/wp-content\/uploads\/2023\/06\/Raypak-WEB-02.png",2501,2501,false],"thumbnail":["https:\/\/bonnettperu.net\/wp56\/wp-content\/uploads\/2023\/06\/Raypak-WEB-02-150x150.png",150,150,true],"medium":["https:\/\/bonnettperu.net\/wp56\/wp-content\/uploads\/2023\/06\/Raypak-WEB-02-300x300.png",300,300,true],"medium_large":["https:\/\/bonnettperu.net\/wp56\/wp-content\/uploads\/2023\/06\/Raypak-WEB-02-768x768.png",768,768,true],"large":["https:\/\/bonnettperu.net\/wp56\/wp-content\/uploads\/2023\/06\/Raypak-WEB-02-1024x1024.png",1024,1024,true],"gswps_product_thumb":["https:\/\/bonnettperu.net\/wp56\/wp-content\/uploads\/2023\/06\/Raypak-WEB-02-350x350.png",350,350,true],"1536x1536":["https:\/\/bonnettperu.net\/wp56\/wp-content\/uploads\/2023\/06\/Raypak-WEB-02-1536x1536.png",1536,1536,true],"2048x2048":["https:\/\/bonnettperu.net\/wp56\/wp-content\/uploads\/2023\/06\/Raypak-WEB-02-2048x2048.png",2048,2048,true],"woocommerce_thumbnail":["https:\/\/bonnettperu.net\/wp56\/wp-content\/uploads\/2023\/06\/Raypak-WEB-02-300x300.png",300,300,true],"woocommerce_single":["https:\/\/bonnettperu.net\/wp56\/wp-content\/uploads\/2023\/06\/Raypak-WEB-02-600x600.png",600,600,true],"woocommerce_gallery_thumbnail":["https:\/\/bonnettperu.net\/wp56\/wp-content\/uploads\/2023\/06\/Raypak-WEB-02-100x100.png",100,100,true],"dgwt-wcas-product-suggestion":["https:\/\/bonnettperu.net\/wp56\/wp-content\/uploads\/2023\/06\/Raypak-WEB-02-64x64.png",64,64,true]},"uagb_author_info":{"display_name":"admin","author_link":"https:\/\/bonnettperu.net\/wp56\/author\/"},"uagb_comment_info":0,"uagb_excerpt":"Ficha T\u00e9cnica CALENTADOR RAYPAK MODELO P-R106A Raypak 106A es la elecci\u00f3n perfecta para piscinas y spas sobre el suelo.\u00a0Este puede ser nuestro calentador de piscina y spa m\u00e1s peque\u00f1o, pero est\u00e1 construido con los mismos est\u00e1ndares exigentes que el resto de nuestros productos.\u00a0Extienda su temporada de nataci\u00f3n, abra su piscina antes y ci\u00e9rrela m\u00e1s tarde.\u00a0Su&hellip;","_links":{"self":[{"href":"https:\/\/bonnettperu.net\/wp56\/wp-json\/wp\/v2\/product\/4489"}],"collection":[{"href":"https:\/\/bonnettperu.net\/wp56\/wp-json\/wp\/v2\/product"}],"about":[{"href":"https:\/\/bonnettperu.net\/wp56\/wp-json\/wp\/v2\/types\/product"}],"replies":[{"embeddable":true,"href":"https:\/\/bonnettperu.net\/wp56\/wp-json\/wp\/v2\/comments?post=4489"}],"wp:featuredmedia":[{"embeddable":true,"href":"https:\/\/bonnettperu.net\/wp56\/wp-json\/wp\/v2\/media\/5486"}],"wp:attachment":[{"href":"https:\/\/bonnettperu.net\/wp56\/wp-json\/wp\/v2\/media?parent=4489"}],"wp:term":[{"taxonomy":"product_cat","embeddable":true,"href":"https:\/\/bonnettperu.net\/wp56\/wp-json\/wp\/v2\/product_cat?post=4489"},{"taxonomy":"product_tag","embeddable":true,"href":"https:\/\/bonnettperu.net\/wp56\/wp-json\/wp\/v2\/product_tag?post=4489"}],"curies":[{"name":"wp","href":"https:\/\/api.w.org\/{rel}","templated":true}]}}