{"id":4480,"date":"2022-10-14T18:00:53","date_gmt":"2022-10-14T18:00:53","guid":{"rendered":"https:\/\/bonnettperu.net\/wp56\/?post_type=product&#038;p=4480"},"modified":"2022-11-14T17:41:16","modified_gmt":"2022-11-14T17:41:16","slug":"cartucho-de-repuesto-para-filtro-clean-clear-75ss","status":"publish","type":"product","link":"https:\/\/bonnettperu.net\/wp56\/producto\/cartucho-de-repuesto-para-filtro-clean-clear-75ss\/","title":{"rendered":"CARTUCHO DE REPUESTO PARA FILTRO CLEAN CLEAR 75SS"},"content":{"rendered":"<p><strong>Caracter\u00edsticas:<\/strong><\/p>\n<ul class=\"a-unordered-list a-vertical a-spacing-mini\">\n<li><span class=\"a-list-item\">Cartucho elemento de repuesto.<\/span><\/li>\n<li><span class=\"a-list-item\">Se adapta Pentair limpia y clara aboveground piscina y spa filtro<\/span><\/li>\n<li><span class=\"a-list-item\">Tambi\u00e9n se adapta Pentair limpia y clara\/Predator piscina y spa filtro de cartucho.<\/span><\/li>\n<li><span class=\"a-list-item\">Viene con 75-square pies.<\/span><\/li>\n<li><span class=\"a-list-item\">Mide 10 pulgadas de largo por 16 \u2013 1\/4 pulgadas de alto con (25,4 cm) Ancho.<\/span><\/li>\n<\/ul>\n","protected":false},"excerpt":{"rendered":"<p>Los elementos de filtro de cartucho reutilizables de Pentair est\u00e1n hechos de un material de poli\u00e9ster reforzado superior.\u00a0Los elementos Pentair proporcionan un alto grado de claridad del agua y ciclos de filtrado m\u00e1s largos.\u00a0Para mantener la limpieza y claridad del agua de su piscina, los elementos de cartucho de repuesto originales de Pentair son la opci\u00f3n n\u00famero uno en la filtraci\u00f3n de cartuchos.<\/p>\n","protected":false},"featured_media":4481,"comment_status":"open","ping_status":"closed","template":"","meta":{"_uag_custom_page_level_css":"","site-sidebar-layout":"default","site-content-layout":"default","ast-global-header-display":"","ast-banner-title-visibility":"","ast-main-header-display":"","ast-hfb-above-header-display":"","ast-hfb-below-header-display":"","ast-hfb-mobile-header-display":"","site-post-title":"","ast-breadcrumbs-content":"","ast-featured-img":"","footer-sml-layout":"","theme-transparent-header-meta":"default","adv-header-id-meta":"","stick-header-meta":"","header-above-stick-meta":"","header-main-stick-meta":"","header-below-stick-meta":""},"product_cat":[859,42,834],"product_tag":[],"uagb_featured_image_src":{"full":["https:\/\/bonnettperu.net\/wp56\/wp-content\/uploads\/2022\/10\/cartucho-repuesto-para-filtro-75ss1.png",907,1500,false],"thumbnail":["https:\/\/bonnettperu.net\/wp56\/wp-content\/uploads\/2022\/10\/cartucho-repuesto-para-filtro-75ss1-150x150.png",150,150,true],"medium":["https:\/\/bonnettperu.net\/wp56\/wp-content\/uploads\/2022\/10\/cartucho-repuesto-para-filtro-75ss1-181x300.png",181,300,true],"medium_large":["https:\/\/bonnettperu.net\/wp56\/wp-content\/uploads\/2022\/10\/cartucho-repuesto-para-filtro-75ss1-768x1270.png",768,1270,true],"large":["https:\/\/bonnettperu.net\/wp56\/wp-content\/uploads\/2022\/10\/cartucho-repuesto-para-filtro-75ss1-619x1024.png",619,1024,true],"gswps_product_thumb":["https:\/\/bonnettperu.net\/wp56\/wp-content\/uploads\/2022\/10\/cartucho-repuesto-para-filtro-75ss1-350x579.png",350,579,true],"1536x1536":["https:\/\/bonnettperu.net\/wp56\/wp-content\/uploads\/2022\/10\/cartucho-repuesto-para-filtro-75ss1.png",907,1500,false],"2048x2048":["https:\/\/bonnettperu.net\/wp56\/wp-content\/uploads\/2022\/10\/cartucho-repuesto-para-filtro-75ss1.png",907,1500,false],"woocommerce_thumbnail":["https:\/\/bonnettperu.net\/wp56\/wp-content\/uploads\/2022\/10\/cartucho-repuesto-para-filtro-75ss1-300x300.png",300,300,true],"woocommerce_single":["https:\/\/bonnettperu.net\/wp56\/wp-content\/uploads\/2022\/10\/cartucho-repuesto-para-filtro-75ss1-600x992.png",600,992,true],"woocommerce_gallery_thumbnail":["https:\/\/bonnettperu.net\/wp56\/wp-content\/uploads\/2022\/10\/cartucho-repuesto-para-filtro-75ss1-100x100.png",100,100,true],"dgwt-wcas-product-suggestion":["https:\/\/bonnettperu.net\/wp56\/wp-content\/uploads\/2022\/10\/cartucho-repuesto-para-filtro-75ss1.png",64,106,false]},"uagb_author_info":{"display_name":"admin","author_link":"https:\/\/bonnettperu.net\/wp56\/author\/"},"uagb_comment_info":0,"uagb_excerpt":"Los elementos de filtro de cartucho reutilizables de Pentair est\u00e1n hechos de un material de poli\u00e9ster reforzado superior.\u00a0Los elementos Pentair proporcionan un alto grado de claridad del agua y ciclos de filtrado m\u00e1s largos.\u00a0Para mantener la limpieza y claridad del agua de su piscina, los elementos de cartucho de repuesto originales de Pentair son la&hellip;","_links":{"self":[{"href":"https:\/\/bonnettperu.net\/wp56\/wp-json\/wp\/v2\/product\/4480"}],"collection":[{"href":"https:\/\/bonnettperu.net\/wp56\/wp-json\/wp\/v2\/product"}],"about":[{"href":"https:\/\/bonnettperu.net\/wp56\/wp-json\/wp\/v2\/types\/product"}],"replies":[{"embeddable":true,"href":"https:\/\/bonnettperu.net\/wp56\/wp-json\/wp\/v2\/comments?post=4480"}],"wp:featuredmedia":[{"embeddable":true,"href":"https:\/\/bonnettperu.net\/wp56\/wp-json\/wp\/v2\/media\/4481"}],"wp:attachment":[{"href":"https:\/\/bonnettperu.net\/wp56\/wp-json\/wp\/v2\/media?parent=4480"}],"wp:term":[{"taxonomy":"product_cat","embeddable":true,"href":"https:\/\/bonnettperu.net\/wp56\/wp-json\/wp\/v2\/product_cat?post=4480"},{"taxonomy":"product_tag","embeddable":true,"href":"https:\/\/bonnettperu.net\/wp56\/wp-json\/wp\/v2\/product_tag?post=4480"}],"curies":[{"name":"wp","href":"https:\/\/api.w.org\/{rel}","templated":true}]}}