{"id":4464,"date":"2022-10-14T16:23:21","date_gmt":"2022-10-14T16:23:21","guid":{"rendered":"https:\/\/bonnettperu.net\/wp56\/?post_type=product&#038;p=4464"},"modified":"2022-11-14T17:46:49","modified_gmt":"2022-11-14T17:46:49","slug":"easytouch-inalambrico-para-sistema-de-4-circuitos","status":"publish","type":"product","link":"https:\/\/bonnettperu.net\/wp56\/producto\/easytouch-inalambrico-para-sistema-de-4-circuitos\/","title":{"rendered":"EasyTouch inal\u00e1mbrico para sistema de 4 circuitos"},"content":{"rendered":"<p><strong>Caracter\u00edsticas:<\/strong><\/p>\n<ul>\n<li>Tecnolog\u00eda innovadora con amplio rango de paneles de control inal\u00e1mbrico y de cableado<\/li>\n<li>F\u00e1cil programaci\u00f3n del men\u00fa<\/li>\n<li>Disponible para el control desde el uso de Iphone, Ipod, Ipod Touch<\/li>\n<li>Control de la iluminaci\u00f3n, temperatura, uso del cloro, entre otros recursos autom\u00e1ticos<\/li>\n<\/ul>\n","protected":false},"excerpt":{"rendered":"<p><a href=\"https:\/\/bonnettperu.net\/wp56\/wp-content\/uploads\/2022\/10\/Ficha-Tecnica_EasyTouch_Pool_and_Spa_Control_Systems_Spanish.pdf\">Ficha T\u00e9cnica_EasyTouch_Pool_and_Spa_Control_Systems_Spanish<\/a><\/p>\n<p>La automatizaci\u00f3n Easytouch ofrece un sistema de control superior desde los dise\u00f1os de piscina y spa m\u00e1s peque\u00f1os hasta los m\u00e1s ambiciosos, incluyendo fuentes ornamentales con espectaculares efectos.<\/p>\n","protected":false},"featured_media":4462,"comment_status":"open","ping_status":"closed","template":"","meta":{"_uag_custom_page_level_css":"","site-sidebar-layout":"default","site-content-layout":"default","ast-global-header-display":"","ast-banner-title-visibility":"","ast-main-header-display":"","ast-hfb-above-header-display":"","ast-hfb-below-header-display":"","ast-hfb-mobile-header-display":"","site-post-title":"","ast-breadcrumbs-content":"","ast-featured-img":"","footer-sml-layout":"","theme-transparent-header-meta":"default","adv-header-id-meta":"","stick-header-meta":"","header-above-stick-meta":"","header-main-stick-meta":"","header-below-stick-meta":""},"product_cat":[859,42,834],"product_tag":[],"uagb_featured_image_src":{"full":["https:\/\/bonnettperu.net\/wp56\/wp-content\/uploads\/2022\/10\/easytouch-1.png",540,560,false],"thumbnail":["https:\/\/bonnettperu.net\/wp56\/wp-content\/uploads\/2022\/10\/easytouch-1-150x150.png",150,150,true],"medium":["https:\/\/bonnettperu.net\/wp56\/wp-content\/uploads\/2022\/10\/easytouch-1-289x300.png",289,300,true],"medium_large":["https:\/\/bonnettperu.net\/wp56\/wp-content\/uploads\/2022\/10\/easytouch-1.png",540,560,false],"large":["https:\/\/bonnettperu.net\/wp56\/wp-content\/uploads\/2022\/10\/easytouch-1.png",540,560,false],"gswps_product_thumb":["https:\/\/bonnettperu.net\/wp56\/wp-content\/uploads\/2022\/10\/easytouch-1-350x363.png",350,363,true],"1536x1536":["https:\/\/bonnettperu.net\/wp56\/wp-content\/uploads\/2022\/10\/easytouch-1.png",540,560,false],"2048x2048":["https:\/\/bonnettperu.net\/wp56\/wp-content\/uploads\/2022\/10\/easytouch-1.png",540,560,false],"woocommerce_thumbnail":["https:\/\/bonnettperu.net\/wp56\/wp-content\/uploads\/2022\/10\/easytouch-1-300x300.png",300,300,true],"woocommerce_single":["https:\/\/bonnettperu.net\/wp56\/wp-content\/uploads\/2022\/10\/easytouch-1.png",540,560,false],"woocommerce_gallery_thumbnail":["https:\/\/bonnettperu.net\/wp56\/wp-content\/uploads\/2022\/10\/easytouch-1-100x100.png",100,100,true],"dgwt-wcas-product-suggestion":["https:\/\/bonnettperu.net\/wp56\/wp-content\/uploads\/2022\/10\/easytouch-1.png",64,66,false]},"uagb_author_info":{"display_name":"admin","author_link":"https:\/\/bonnettperu.net\/wp56\/author\/"},"uagb_comment_info":0,"uagb_excerpt":"Ficha T\u00e9cnica_EasyTouch_Pool_and_Spa_Control_Systems_Spanish La automatizaci\u00f3n Easytouch ofrece un sistema de control superior desde los dise\u00f1os de piscina y spa m\u00e1s peque\u00f1os hasta los m\u00e1s ambiciosos, incluyendo fuentes ornamentales con espectaculares efectos.","_links":{"self":[{"href":"https:\/\/bonnettperu.net\/wp56\/wp-json\/wp\/v2\/product\/4464"}],"collection":[{"href":"https:\/\/bonnettperu.net\/wp56\/wp-json\/wp\/v2\/product"}],"about":[{"href":"https:\/\/bonnettperu.net\/wp56\/wp-json\/wp\/v2\/types\/product"}],"replies":[{"embeddable":true,"href":"https:\/\/bonnettperu.net\/wp56\/wp-json\/wp\/v2\/comments?post=4464"}],"wp:featuredmedia":[{"embeddable":true,"href":"https:\/\/bonnettperu.net\/wp56\/wp-json\/wp\/v2\/media\/4462"}],"wp:attachment":[{"href":"https:\/\/bonnettperu.net\/wp56\/wp-json\/wp\/v2\/media?parent=4464"}],"wp:term":[{"taxonomy":"product_cat","embeddable":true,"href":"https:\/\/bonnettperu.net\/wp56\/wp-json\/wp\/v2\/product_cat?post=4464"},{"taxonomy":"product_tag","embeddable":true,"href":"https:\/\/bonnettperu.net\/wp56\/wp-json\/wp\/v2\/product_tag?post=4464"}],"curies":[{"name":"wp","href":"https:\/\/api.w.org\/{rel}","templated":true}]}}