{"id":4457,"date":"2022-10-14T15:58:23","date_gmt":"2022-10-14T15:58:23","guid":{"rendered":"https:\/\/bonnettperu.net\/wp56\/?post_type=product&#038;p=4457"},"modified":"2022-11-14T17:47:27","modified_gmt":"2022-11-14T17:47:27","slug":"easytouch-8-piscina-spa-sistema-basico-sin-icp-2-accionadores","status":"publish","type":"product","link":"https:\/\/bonnettperu.net\/wp56\/producto\/easytouch-8-piscina-spa-sistema-basico-sin-icp-2-accionadores\/","title":{"rendered":"EasyTouch 8 \u2013 Piscina\/spa (sistema b\u00e1sico &#8211; sin ICP, 2 accionadores)"},"content":{"rendered":"<p><strong>Caracter\u00edsticas:<\/strong><\/p>\n<ul>\n<li>F\u00e1cil programaci\u00f3n y pantalla LCD con instrucciones<\/li>\n<li>Use el modo de servicio para realizar pruebas y solucionar problemas desde el centro de carga, sin necesidad de que el personal de servicio ingrese a su hogar<\/li>\n<li>El modo de tiempo de espera interrumpe temporalmente los programas antes de reanudarlos autom\u00e1ticamente varias horas despu\u00e9s, sin necesidad de reprogramar<\/li>\n<li>Integra disyuntores reajustables en el centro de carga, accesible para usted o su profesional de servicio desde fuera de su hogar<\/li>\n<\/ul>\n","protected":false},"excerpt":{"rendered":"<div class=\"product-desc\">\n<div class=\"product-summary\">\n<p><a href=\"https:\/\/bonnettperu.net\/wp56\/wp-content\/uploads\/2022\/10\/Ficha-Tecnica_EasyTouch_Pool_and_Spa_Control_Systems_Spanish.pdf\">Ficha T\u00e9cnica_EasyTouch_Pool_and_Spa_Control_Systems_Spanish<\/a><\/p>\n<p>La automatizaci\u00f3n Easytouch ofrece un sistema de control superior desde los dise\u00f1os de piscina y spa m\u00e1s peque\u00f1os hasta los m\u00e1s ambiciosos, incluyendo fuentes ornamentales con espectaculares efectos.<\/p>\n<\/div>\n<\/div>\n","protected":false},"featured_media":4459,"comment_status":"open","ping_status":"closed","template":"","meta":{"_uag_custom_page_level_css":"","site-sidebar-layout":"default","site-content-layout":"default","ast-global-header-display":"","ast-banner-title-visibility":"","ast-main-header-display":"","ast-hfb-above-header-display":"","ast-hfb-below-header-display":"","ast-hfb-mobile-header-display":"","site-post-title":"","ast-breadcrumbs-content":"","ast-featured-img":"","footer-sml-layout":"","theme-transparent-header-meta":"default","adv-header-id-meta":"","stick-header-meta":"","header-above-stick-meta":"","header-main-stick-meta":"","header-below-stick-meta":""},"product_cat":[859,42,834],"product_tag":[],"uagb_featured_image_src":{"full":["https:\/\/bonnettperu.net\/wp56\/wp-content\/uploads\/2022\/10\/easytouch2.png",1276,1280,false],"thumbnail":["https:\/\/bonnettperu.net\/wp56\/wp-content\/uploads\/2022\/10\/easytouch2-150x150.png",150,150,true],"medium":["https:\/\/bonnettperu.net\/wp56\/wp-content\/uploads\/2022\/10\/easytouch2-300x300.png",300,300,true],"medium_large":["https:\/\/bonnettperu.net\/wp56\/wp-content\/uploads\/2022\/10\/easytouch2-768x770.png",768,770,true],"large":["https:\/\/bonnettperu.net\/wp56\/wp-content\/uploads\/2022\/10\/easytouch2-1021x1024.png",1021,1024,true],"gswps_product_thumb":["https:\/\/bonnettperu.net\/wp56\/wp-content\/uploads\/2022\/10\/easytouch2-350x351.png",350,351,true],"1536x1536":["https:\/\/bonnettperu.net\/wp56\/wp-content\/uploads\/2022\/10\/easytouch2.png",1276,1280,false],"2048x2048":["https:\/\/bonnettperu.net\/wp56\/wp-content\/uploads\/2022\/10\/easytouch2.png",1276,1280,false],"woocommerce_thumbnail":["https:\/\/bonnettperu.net\/wp56\/wp-content\/uploads\/2022\/10\/easytouch2-300x300.png",300,300,true],"woocommerce_single":["https:\/\/bonnettperu.net\/wp56\/wp-content\/uploads\/2022\/10\/easytouch2-600x602.png",600,602,true],"woocommerce_gallery_thumbnail":["https:\/\/bonnettperu.net\/wp56\/wp-content\/uploads\/2022\/10\/easytouch2-100x100.png",100,100,true],"dgwt-wcas-product-suggestion":["https:\/\/bonnettperu.net\/wp56\/wp-content\/uploads\/2022\/10\/easytouch2.png",64,64,false]},"uagb_author_info":{"display_name":"admin","author_link":"https:\/\/bonnettperu.net\/wp56\/author\/"},"uagb_comment_info":0,"uagb_excerpt":"Ficha T\u00e9cnica_EasyTouch_Pool_and_Spa_Control_Systems_Spanish La automatizaci\u00f3n Easytouch ofrece un sistema de control superior desde los dise\u00f1os de piscina y spa m\u00e1s peque\u00f1os hasta los m\u00e1s ambiciosos, incluyendo fuentes ornamentales con espectaculares efectos.","_links":{"self":[{"href":"https:\/\/bonnettperu.net\/wp56\/wp-json\/wp\/v2\/product\/4457"}],"collection":[{"href":"https:\/\/bonnettperu.net\/wp56\/wp-json\/wp\/v2\/product"}],"about":[{"href":"https:\/\/bonnettperu.net\/wp56\/wp-json\/wp\/v2\/types\/product"}],"replies":[{"embeddable":true,"href":"https:\/\/bonnettperu.net\/wp56\/wp-json\/wp\/v2\/comments?post=4457"}],"wp:featuredmedia":[{"embeddable":true,"href":"https:\/\/bonnettperu.net\/wp56\/wp-json\/wp\/v2\/media\/4459"}],"wp:attachment":[{"href":"https:\/\/bonnettperu.net\/wp56\/wp-json\/wp\/v2\/media?parent=4457"}],"wp:term":[{"taxonomy":"product_cat","embeddable":true,"href":"https:\/\/bonnettperu.net\/wp56\/wp-json\/wp\/v2\/product_cat?post=4457"},{"taxonomy":"product_tag","embeddable":true,"href":"https:\/\/bonnettperu.net\/wp56\/wp-json\/wp\/v2\/product_tag?post=4457"}],"curies":[{"name":"wp","href":"https:\/\/api.w.org\/{rel}","templated":true}]}}