{"id":4376,"date":"2022-10-13T19:50:17","date_gmt":"2022-10-13T19:50:17","guid":{"rendered":"https:\/\/bonnettperu.net\/wp56\/?post_type=product&#038;p=4376"},"modified":"2022-12-16T20:46:18","modified_gmt":"2022-12-16T20:46:18","slug":"reflector-amerlite-de-100w-12v","status":"publish","type":"product","link":"https:\/\/bonnettperu.net\/wp56\/producto\/reflector-amerlite-de-100w-12v\/","title":{"rendered":"REFLECTOR PENTAIR MODELO AMERLITE DE 100W.-12V"},"content":{"rendered":"<p><strong>Caracter\u00edsticas:<\/strong><\/p>\n<ul>\n<li>Est\u00e1ndar mundial de confiabilidad<\/li>\n<li>Difusi\u00f3n de luz superior<\/li>\n<li>Corte por bajo nivel de agua<\/li>\n<li>Cubiertas de lentes disponibles en azul, rojo, verde y \u00e1mbar<\/li>\n<li>Anillos frontales de pl\u00e1stico a presi\u00f3n disponibles para luces de acero inoxidable<\/li>\n<li>Disponible solo en tiendas de distribuidores Pentair o tiendas minoristas<\/li>\n<\/ul>\n","protected":false},"excerpt":{"rendered":"<p>Amerlite, el est\u00e1ndar mundial de confiabilidad para luces subacu\u00e1ticas, cuenta con una carcasa de acero inoxidable, un 8,375 pulgadas. lente de vidrio templado prism\u00e1tico y anillo frontal de acero inoxidable con abrazadera uni-tensi\u00f3n. Los sistemas Amerlite est\u00e1n listados por UL para instalarse en nichos Pentair, American, PacFab y Purex de tama\u00f1o completo.<\/p>\n","protected":false},"featured_media":4377,"comment_status":"open","ping_status":"closed","template":"","meta":{"_uag_custom_page_level_css":"","site-sidebar-layout":"default","site-content-layout":"default","ast-global-header-display":"","ast-banner-title-visibility":"","ast-main-header-display":"","ast-hfb-above-header-display":"","ast-hfb-below-header-display":"","ast-hfb-mobile-header-display":"","site-post-title":"","ast-breadcrumbs-content":"","ast-featured-img":"","footer-sml-layout":"","theme-transparent-header-meta":"default","adv-header-id-meta":"","stick-header-meta":"","header-above-stick-meta":"","header-main-stick-meta":"","header-below-stick-meta":""},"product_cat":[858,42],"product_tag":[],"uagb_featured_image_src":{"full":["https:\/\/bonnettperu.net\/wp56\/wp-content\/uploads\/2022\/10\/AMERLITE.png",299,277,false],"thumbnail":["https:\/\/bonnettperu.net\/wp56\/wp-content\/uploads\/2022\/10\/AMERLITE-150x150.png",150,150,true],"medium":["https:\/\/bonnettperu.net\/wp56\/wp-content\/uploads\/2022\/10\/AMERLITE.png",299,277,false],"medium_large":["https:\/\/bonnettperu.net\/wp56\/wp-content\/uploads\/2022\/10\/AMERLITE.png",299,277,false],"large":["https:\/\/bonnettperu.net\/wp56\/wp-content\/uploads\/2022\/10\/AMERLITE.png",299,277,false],"gswps_product_thumb":["https:\/\/bonnettperu.net\/wp56\/wp-content\/uploads\/2022\/10\/AMERLITE.png",299,277,false],"1536x1536":["https:\/\/bonnettperu.net\/wp56\/wp-content\/uploads\/2022\/10\/AMERLITE.png",299,277,false],"2048x2048":["https:\/\/bonnettperu.net\/wp56\/wp-content\/uploads\/2022\/10\/AMERLITE.png",299,277,false],"woocommerce_thumbnail":["https:\/\/bonnettperu.net\/wp56\/wp-content\/uploads\/2022\/10\/AMERLITE.png",299,277,false],"woocommerce_single":["https:\/\/bonnettperu.net\/wp56\/wp-content\/uploads\/2022\/10\/AMERLITE.png",299,277,false],"woocommerce_gallery_thumbnail":["https:\/\/bonnettperu.net\/wp56\/wp-content\/uploads\/2022\/10\/AMERLITE-100x100.png",100,100,true],"dgwt-wcas-product-suggestion":["https:\/\/bonnettperu.net\/wp56\/wp-content\/uploads\/2022\/10\/AMERLITE.png",64,59,false]},"uagb_author_info":{"display_name":"admin","author_link":"https:\/\/bonnettperu.net\/wp56\/author\/"},"uagb_comment_info":0,"uagb_excerpt":"Amerlite, el est\u00e1ndar mundial de confiabilidad para luces subacu\u00e1ticas, cuenta con una carcasa de acero inoxidable, un 8,375 pulgadas. lente de vidrio templado prism\u00e1tico y anillo frontal de acero inoxidable con abrazadera uni-tensi\u00f3n. Los sistemas Amerlite est\u00e1n listados por UL para instalarse en nichos Pentair, American, PacFab y Purex de tama\u00f1o completo.","_links":{"self":[{"href":"https:\/\/bonnettperu.net\/wp56\/wp-json\/wp\/v2\/product\/4376"}],"collection":[{"href":"https:\/\/bonnettperu.net\/wp56\/wp-json\/wp\/v2\/product"}],"about":[{"href":"https:\/\/bonnettperu.net\/wp56\/wp-json\/wp\/v2\/types\/product"}],"replies":[{"embeddable":true,"href":"https:\/\/bonnettperu.net\/wp56\/wp-json\/wp\/v2\/comments?post=4376"}],"wp:featuredmedia":[{"embeddable":true,"href":"https:\/\/bonnettperu.net\/wp56\/wp-json\/wp\/v2\/media\/4377"}],"wp:attachment":[{"href":"https:\/\/bonnettperu.net\/wp56\/wp-json\/wp\/v2\/media?parent=4376"}],"wp:term":[{"taxonomy":"product_cat","embeddable":true,"href":"https:\/\/bonnettperu.net\/wp56\/wp-json\/wp\/v2\/product_cat?post=4376"},{"taxonomy":"product_tag","embeddable":true,"href":"https:\/\/bonnettperu.net\/wp56\/wp-json\/wp\/v2\/product_tag?post=4376"}],"curies":[{"name":"wp","href":"https:\/\/api.w.org\/{rel}","templated":true}]}}