{"id":4373,"date":"2022-10-13T19:43:32","date_gmt":"2022-10-13T19:43:32","guid":{"rendered":"https:\/\/bonnettperu.net\/wp56\/?post_type=product&#038;p=4373"},"modified":"2022-12-16T20:28:46","modified_gmt":"2022-12-16T20:28:46","slug":"bomba-de-calor-ultratemp-140-de-140000-5-8-btu-cop","status":"publish","type":"product","link":"https:\/\/bonnettperu.net\/wp56\/producto\/bomba-de-calor-ultratemp-140-de-140000-5-8-btu-cop\/","title":{"rendered":"BOMBA DE CALOR ULTRATEMP-140 DE 140000\/5.8 BTU\/COP"},"content":{"rendered":"<p><strong>Caracter\u00edsticas:<\/strong><\/p>\n<ul>\n<li><span>Intercambiador de calor 100 % de titanio que garantiza un rendimiento sin corrosi\u00f3n para una vida \u00fatil m\u00e1s prolongada<\/span><\/li>\n<li><span>El tablero de control LCD muestra una lectura intuitiva basada en men\u00fas con mensajes de palabras completas f\u00e1ciles de seguir&#8230; no m\u00e1s c\u00f3digos<\/span><\/li>\n<li><span>La funci\u00f3n AutoSet (anulaci\u00f3n del reloj de tiempo) controla la temperatura del agua y enciende y apaga la bomba de circulaci\u00f3n de agua seg\u00fan sea necesario para mantener las temperaturas deseadas de la piscina<\/span><\/li>\n<li><span>La funci\u00f3n de descongelaci\u00f3n autom\u00e1tica detecta la temperatura del refrigerante y evita la congelaci\u00f3n, lo que permite que la bomba de calor funcione a temperaturas a\u00fan m\u00e1s bajas<\/span><\/li>\n<li><span>Compatible con TODOS los paquetes de control automatizado<\/span><\/li>\n<li><span>El gabinete compuesto de pl\u00e1stico resistente a la corrosi\u00f3n de larga duraci\u00f3n resiste climas severos y productos qu\u00edmicos para piscinas<\/span><\/li>\n<li><span>Listado ETL para un funcionamiento seguro<\/span><\/li>\n<li><span>La v\u00e1lvula de expansi\u00f3n termost\u00e1tica (TXV) controla el flujo de refrigerante para una eficiencia \u00f3ptima y salida de BTU en un rango operativo m\u00e1s amplio<\/span><\/li>\n<li><span>La mayor eficiencia disponible, cumple o supera los c\u00f3digos y est\u00e1ndares existentes<\/span><\/li>\n<li><span>BTU y rendimiento de eficiencia certificados de forma independiente por el Instituto de Aire Acondicionado, Calefacci\u00f3n y Refrigeraci\u00f3n, AHRI<\/span><\/li>\n<\/ul>\n","protected":false},"excerpt":{"rendered":"<p><a href=\"https:\/\/bonnettperu.net\/wp56\/wp-content\/uploads\/2022\/10\/FICHA-TECNICA_UltraTemp.pdf\">FICHA TECNICA_UltraTemp<\/a><\/p>\n<p>La primera bomba de calor de la industria cargada con refrigerante que no da\u00f1a la capa de ozono, R410A.<\/p>\n","protected":false},"featured_media":4374,"comment_status":"open","ping_status":"closed","template":"","meta":{"_uag_custom_page_level_css":"","site-sidebar-layout":"default","site-content-layout":"default","ast-global-header-display":"","ast-banner-title-visibility":"","ast-main-header-display":"","ast-hfb-above-header-display":"","ast-hfb-below-header-display":"","ast-hfb-mobile-header-display":"","site-post-title":"","ast-breadcrumbs-content":"","ast-featured-img":"","footer-sml-layout":"","theme-transparent-header-meta":"default","adv-header-id-meta":"","stick-header-meta":"","header-above-stick-meta":"","header-main-stick-meta":"","header-below-stick-meta":""},"product_cat":[856,42],"product_tag":[],"uagb_featured_image_src":{"full":["https:\/\/bonnettperu.net\/wp56\/wp-content\/uploads\/2022\/10\/ultratemp-1.png",407,322,false],"thumbnail":["https:\/\/bonnettperu.net\/wp56\/wp-content\/uploads\/2022\/10\/ultratemp-1-150x150.png",150,150,true],"medium":["https:\/\/bonnettperu.net\/wp56\/wp-content\/uploads\/2022\/10\/ultratemp-1-300x237.png",300,237,true],"medium_large":["https:\/\/bonnettperu.net\/wp56\/wp-content\/uploads\/2022\/10\/ultratemp-1.png",407,322,false],"large":["https:\/\/bonnettperu.net\/wp56\/wp-content\/uploads\/2022\/10\/ultratemp-1.png",407,322,false],"gswps_product_thumb":["https:\/\/bonnettperu.net\/wp56\/wp-content\/uploads\/2022\/10\/ultratemp-1-350x277.png",350,277,true],"1536x1536":["https:\/\/bonnettperu.net\/wp56\/wp-content\/uploads\/2022\/10\/ultratemp-1.png",407,322,false],"2048x2048":["https:\/\/bonnettperu.net\/wp56\/wp-content\/uploads\/2022\/10\/ultratemp-1.png",407,322,false],"woocommerce_thumbnail":["https:\/\/bonnettperu.net\/wp56\/wp-content\/uploads\/2022\/10\/ultratemp-1-300x300.png",300,300,true],"woocommerce_single":["https:\/\/bonnettperu.net\/wp56\/wp-content\/uploads\/2022\/10\/ultratemp-1.png",407,322,false],"woocommerce_gallery_thumbnail":["https:\/\/bonnettperu.net\/wp56\/wp-content\/uploads\/2022\/10\/ultratemp-1-100x100.png",100,100,true],"dgwt-wcas-product-suggestion":["https:\/\/bonnettperu.net\/wp56\/wp-content\/uploads\/2022\/10\/ultratemp-1.png",64,51,false]},"uagb_author_info":{"display_name":"admin","author_link":"https:\/\/bonnettperu.net\/wp56\/author\/"},"uagb_comment_info":0,"uagb_excerpt":"FICHA TECNICA_UltraTemp La primera bomba de calor de la industria cargada con refrigerante que no da\u00f1a la capa de ozono, R410A.","_links":{"self":[{"href":"https:\/\/bonnettperu.net\/wp56\/wp-json\/wp\/v2\/product\/4373"}],"collection":[{"href":"https:\/\/bonnettperu.net\/wp56\/wp-json\/wp\/v2\/product"}],"about":[{"href":"https:\/\/bonnettperu.net\/wp56\/wp-json\/wp\/v2\/types\/product"}],"replies":[{"embeddable":true,"href":"https:\/\/bonnettperu.net\/wp56\/wp-json\/wp\/v2\/comments?post=4373"}],"wp:featuredmedia":[{"embeddable":true,"href":"https:\/\/bonnettperu.net\/wp56\/wp-json\/wp\/v2\/media\/4374"}],"wp:attachment":[{"href":"https:\/\/bonnettperu.net\/wp56\/wp-json\/wp\/v2\/media?parent=4373"}],"wp:term":[{"taxonomy":"product_cat","embeddable":true,"href":"https:\/\/bonnettperu.net\/wp56\/wp-json\/wp\/v2\/product_cat?post=4373"},{"taxonomy":"product_tag","embeddable":true,"href":"https:\/\/bonnettperu.net\/wp56\/wp-json\/wp\/v2\/product_tag?post=4373"}],"curies":[{"name":"wp","href":"https:\/\/api.w.org\/{rel}","templated":true}]}}