{"id":4367,"date":"2022-10-13T17:40:27","date_gmt":"2022-10-13T17:40:27","guid":{"rendered":"https:\/\/bonnettperu.net\/wp56\/?post_type=product&#038;p=4367"},"modified":"2022-12-16T19:48:54","modified_gmt":"2022-12-16T19:48:54","slug":"4367","status":"publish","type":"product","link":"https:\/\/bonnettperu.net\/wp56\/producto\/4367\/","title":{"rendered":"FILTRO PENTAIR TAGELUS TA-100D DE 30&#8243;"},"content":{"rendered":"<p><strong>Caracter\u00edsticas:<\/strong><\/p>\n<ul>\n<li>El dise\u00f1o lateral especial proporciona caracter\u00edsticas de flujo superiores y ciclos de filtraci\u00f3n largos para una operaci\u00f3n econ\u00f3mica<\/li>\n<li>Presi\u00f3n m\u00e1xima de funcionamiento 50 psi<\/li>\n<li>La combinaci\u00f3n de drenaje de agua y arena hace que el mantenimiento y la preparaci\u00f3n para el invierno sean r\u00e1pidos y f\u00e1ciles<\/li>\n<li>Modelos 40 y 60D est\u00e1ndar con abrazadera de pl\u00e1stico<\/li>\n<li>Disponible solo en tiendas de distribuidores Pentair o tiendas minoristas<\/li>\n<\/ul>\n","protected":false},"excerpt":{"rendered":"<p><a href=\"https:\/\/bonnettperu.net\/wp56\/wp-content\/uploads\/2022\/10\/FICHA-TECNICA_Tagelus_Fiberglass_Sand_Filter_Spanish.pdf\">FICHA TECNICA_Tagelus_Fiberglass_Sand_Filter_Spanish<\/a><\/p>\n<p>El tanque del filtro Tagelus est\u00e1 construido de una sola pieza de material reforzado con fibra de vidrio para brindar una resistencia y durabilidad inigualables durante a\u00f1os de servicio. Los filtros de montaje superior Tagelus est\u00e1n equipados con una v\u00e1lvula multipuerto de montaje superior de seis posiciones.<\/p>\n","protected":false},"featured_media":4368,"comment_status":"open","ping_status":"closed","template":"","meta":{"_uag_custom_page_level_css":"","site-sidebar-layout":"default","site-content-layout":"default","ast-global-header-display":"","ast-banner-title-visibility":"","ast-main-header-display":"","ast-hfb-above-header-display":"","ast-hfb-below-header-display":"","ast-hfb-mobile-header-display":"","site-post-title":"","ast-breadcrumbs-content":"","ast-featured-img":"","footer-sml-layout":"","theme-transparent-header-meta":"default","adv-header-id-meta":"","stick-header-meta":"","header-above-stick-meta":"","header-main-stick-meta":"","header-below-stick-meta":""},"product_cat":[855,42],"product_tag":[],"uagb_featured_image_src":{"full":["https:\/\/bonnettperu.net\/wp56\/wp-content\/uploads\/2022\/10\/FILTRO-TAGELUS.png",540,560,false],"thumbnail":["https:\/\/bonnettperu.net\/wp56\/wp-content\/uploads\/2022\/10\/FILTRO-TAGELUS-150x150.png",150,150,true],"medium":["https:\/\/bonnettperu.net\/wp56\/wp-content\/uploads\/2022\/10\/FILTRO-TAGELUS-289x300.png",289,300,true],"medium_large":["https:\/\/bonnettperu.net\/wp56\/wp-content\/uploads\/2022\/10\/FILTRO-TAGELUS.png",540,560,false],"large":["https:\/\/bonnettperu.net\/wp56\/wp-content\/uploads\/2022\/10\/FILTRO-TAGELUS.png",540,560,false],"gswps_product_thumb":["https:\/\/bonnettperu.net\/wp56\/wp-content\/uploads\/2022\/10\/FILTRO-TAGELUS-350x363.png",350,363,true],"1536x1536":["https:\/\/bonnettperu.net\/wp56\/wp-content\/uploads\/2022\/10\/FILTRO-TAGELUS.png",540,560,false],"2048x2048":["https:\/\/bonnettperu.net\/wp56\/wp-content\/uploads\/2022\/10\/FILTRO-TAGELUS.png",540,560,false],"woocommerce_thumbnail":["https:\/\/bonnettperu.net\/wp56\/wp-content\/uploads\/2022\/10\/FILTRO-TAGELUS-300x300.png",300,300,true],"woocommerce_single":["https:\/\/bonnettperu.net\/wp56\/wp-content\/uploads\/2022\/10\/FILTRO-TAGELUS.png",540,560,false],"woocommerce_gallery_thumbnail":["https:\/\/bonnettperu.net\/wp56\/wp-content\/uploads\/2022\/10\/FILTRO-TAGELUS-100x100.png",100,100,true],"dgwt-wcas-product-suggestion":["https:\/\/bonnettperu.net\/wp56\/wp-content\/uploads\/2022\/10\/FILTRO-TAGELUS.png",64,66,false]},"uagb_author_info":{"display_name":"admin","author_link":"https:\/\/bonnettperu.net\/wp56\/author\/"},"uagb_comment_info":0,"uagb_excerpt":"FICHA TECNICA_Tagelus_Fiberglass_Sand_Filter_Spanish El tanque del filtro Tagelus est\u00e1 construido de una sola pieza de material reforzado con fibra de vidrio para brindar una resistencia y durabilidad inigualables durante a\u00f1os de servicio. Los filtros de montaje superior Tagelus est\u00e1n equipados con una v\u00e1lvula multipuerto de montaje superior de seis posiciones.","_links":{"self":[{"href":"https:\/\/bonnettperu.net\/wp56\/wp-json\/wp\/v2\/product\/4367"}],"collection":[{"href":"https:\/\/bonnettperu.net\/wp56\/wp-json\/wp\/v2\/product"}],"about":[{"href":"https:\/\/bonnettperu.net\/wp56\/wp-json\/wp\/v2\/types\/product"}],"replies":[{"embeddable":true,"href":"https:\/\/bonnettperu.net\/wp56\/wp-json\/wp\/v2\/comments?post=4367"}],"wp:featuredmedia":[{"embeddable":true,"href":"https:\/\/bonnettperu.net\/wp56\/wp-json\/wp\/v2\/media\/4368"}],"wp:attachment":[{"href":"https:\/\/bonnettperu.net\/wp56\/wp-json\/wp\/v2\/media?parent=4367"}],"wp:term":[{"taxonomy":"product_cat","embeddable":true,"href":"https:\/\/bonnettperu.net\/wp56\/wp-json\/wp\/v2\/product_cat?post=4367"},{"taxonomy":"product_tag","embeddable":true,"href":"https:\/\/bonnettperu.net\/wp56\/wp-json\/wp\/v2\/product_tag?post=4367"}],"curies":[{"name":"wp","href":"https:\/\/api.w.org\/{rel}","templated":true}]}}