{"id":4364,"date":"2022-10-13T17:33:02","date_gmt":"2022-10-13T17:33:02","guid":{"rendered":"https:\/\/bonnettperu.net\/wp56\/?post_type=product&#038;p=4364"},"modified":"2022-12-16T19:49:10","modified_gmt":"2022-12-16T19:49:10","slug":"filtro-pentair-sand-dollar-sd-60-de-22","status":"publish","type":"product","link":"https:\/\/bonnettperu.net\/wp56\/producto\/filtro-pentair-sand-dollar-sd-60-de-22\/","title":{"rendered":"FILTRO PENTAIR SAND DOLLAR SD-60 DE 22&#8243;"},"content":{"rendered":"<p><b>Caracter\u00edsticas<\/b><strong>:<\/strong><\/p>\n<ul>\n<li>Brinda agua limpia y cristalina para su piscina<\/li>\n<li>Fuerza y durabilidad superior incluso en las aplicaciones m\u00e1s exigentes<\/li>\n<li>V\u00e1lvula multipuerto de montaje superior de seis posiciones<\/li>\n<li>La combinaci\u00f3n de drenaje de agua y arena hace que el mantenimiento y la preparaci\u00f3n para el invierno sean r\u00e1pidos y f\u00e1ciles<\/li>\n<\/ul>\n","protected":false},"excerpt":{"rendered":"<p><a href=\"https:\/\/bonnettperu.net\/wp56\/wp-content\/uploads\/2022\/10\/FICHA-TECNICA_sand-dollar.pdf\">FICHA TECNICA_sand-dollar<\/a><\/p>\n<p>El filtro de piscina de montaje superior Sand Dollar de una pieza cuenta con una v\u00e1lvula multipuerto de seis posiciones estilo abrazadera. El dise\u00f1o lateral especial proporciona caracter\u00edsticas de flujo superiores y ciclos de filtraci\u00f3n largos para una operaci\u00f3n econ\u00f3mica.<\/p>\n","protected":false},"featured_media":4366,"comment_status":"open","ping_status":"closed","template":"","meta":{"_uag_custom_page_level_css":"","site-sidebar-layout":"default","site-content-layout":"default","ast-global-header-display":"","ast-banner-title-visibility":"","ast-main-header-display":"","ast-hfb-above-header-display":"","ast-hfb-below-header-display":"","ast-hfb-mobile-header-display":"","site-post-title":"","ast-breadcrumbs-content":"","ast-featured-img":"","footer-sml-layout":"","theme-transparent-header-meta":"default","adv-header-id-meta":"","stick-header-meta":"","header-above-stick-meta":"","header-main-stick-meta":"","header-below-stick-meta":""},"product_cat":[855,42],"product_tag":[],"uagb_featured_image_src":{"full":["https:\/\/bonnettperu.net\/wp56\/wp-content\/uploads\/2022\/10\/FILTRO-SD1-1.png",407,321,false],"thumbnail":["https:\/\/bonnettperu.net\/wp56\/wp-content\/uploads\/2022\/10\/FILTRO-SD1-1-150x150.png",150,150,true],"medium":["https:\/\/bonnettperu.net\/wp56\/wp-content\/uploads\/2022\/10\/FILTRO-SD1-1-300x237.png",300,237,true],"medium_large":["https:\/\/bonnettperu.net\/wp56\/wp-content\/uploads\/2022\/10\/FILTRO-SD1-1.png",407,321,false],"large":["https:\/\/bonnettperu.net\/wp56\/wp-content\/uploads\/2022\/10\/FILTRO-SD1-1.png",407,321,false],"gswps_product_thumb":["https:\/\/bonnettperu.net\/wp56\/wp-content\/uploads\/2022\/10\/FILTRO-SD1-1-350x276.png",350,276,true],"1536x1536":["https:\/\/bonnettperu.net\/wp56\/wp-content\/uploads\/2022\/10\/FILTRO-SD1-1.png",407,321,false],"2048x2048":["https:\/\/bonnettperu.net\/wp56\/wp-content\/uploads\/2022\/10\/FILTRO-SD1-1.png",407,321,false],"woocommerce_thumbnail":["https:\/\/bonnettperu.net\/wp56\/wp-content\/uploads\/2022\/10\/FILTRO-SD1-1-300x300.png",300,300,true],"woocommerce_single":["https:\/\/bonnettperu.net\/wp56\/wp-content\/uploads\/2022\/10\/FILTRO-SD1-1.png",407,321,false],"woocommerce_gallery_thumbnail":["https:\/\/bonnettperu.net\/wp56\/wp-content\/uploads\/2022\/10\/FILTRO-SD1-1-100x100.png",100,100,true],"dgwt-wcas-product-suggestion":["https:\/\/bonnettperu.net\/wp56\/wp-content\/uploads\/2022\/10\/FILTRO-SD1-1.png",64,50,false]},"uagb_author_info":{"display_name":"admin","author_link":"https:\/\/bonnettperu.net\/wp56\/author\/"},"uagb_comment_info":0,"uagb_excerpt":"FICHA TECNICA_sand-dollar El filtro de piscina de montaje superior Sand Dollar de una pieza cuenta con una v\u00e1lvula multipuerto de seis posiciones estilo abrazadera. El dise\u00f1o lateral especial proporciona caracter\u00edsticas de flujo superiores y ciclos de filtraci\u00f3n largos para una operaci\u00f3n econ\u00f3mica.","_links":{"self":[{"href":"https:\/\/bonnettperu.net\/wp56\/wp-json\/wp\/v2\/product\/4364"}],"collection":[{"href":"https:\/\/bonnettperu.net\/wp56\/wp-json\/wp\/v2\/product"}],"about":[{"href":"https:\/\/bonnettperu.net\/wp56\/wp-json\/wp\/v2\/types\/product"}],"replies":[{"embeddable":true,"href":"https:\/\/bonnettperu.net\/wp56\/wp-json\/wp\/v2\/comments?post=4364"}],"wp:featuredmedia":[{"embeddable":true,"href":"https:\/\/bonnettperu.net\/wp56\/wp-json\/wp\/v2\/media\/4366"}],"wp:attachment":[{"href":"https:\/\/bonnettperu.net\/wp56\/wp-json\/wp\/v2\/media?parent=4364"}],"wp:term":[{"taxonomy":"product_cat","embeddable":true,"href":"https:\/\/bonnettperu.net\/wp56\/wp-json\/wp\/v2\/product_cat?post=4364"},{"taxonomy":"product_tag","embeddable":true,"href":"https:\/\/bonnettperu.net\/wp56\/wp-json\/wp\/v2\/product_tag?post=4364"}],"curies":[{"name":"wp","href":"https:\/\/api.w.org\/{rel}","templated":true}]}}