{"id":4289,"date":"2022-10-11T16:12:14","date_gmt":"2022-10-11T16:12:14","guid":{"rendered":"https:\/\/bonnettperu.net\/wp56\/?post_type=product&#038;p=4289"},"modified":"2022-12-16T20:08:50","modified_gmt":"2022-12-16T20:08:50","slug":"electrbomba-pentair-modelo-optiflo-de-1-50-hp","status":"publish","type":"product","link":"https:\/\/bonnettperu.net\/wp56\/producto\/electrbomba-pentair-modelo-optiflo-de-1-50-hp\/","title":{"rendered":"ELECTRBOMBA PENTAIR MODELO OPTIFLO DE 1.50 HP."},"content":{"rendered":"<p><strong>Caracter\u00edsticas:<\/strong><\/p>\n<ul>\n<li>Motor patentado totalmente cerrado enfriado por ventilador (TEFC) disponible en modelos actualizados<\/li>\n<li>Cesta de colador grande<\/li>\n<li>Cerradura de tapa Cam and Ramp\u2122<\/li>\n<li>Conexi\u00f3n del puerto de descarga sindicalizado<\/li>\n<li>Modelos compatibles con DOE disponibles<\/li>\n<\/ul>\n","protected":false},"excerpt":{"rendered":"<p><a href=\"https:\/\/bonnettperu.net\/wp56\/wp-content\/uploads\/2022\/10\/optiflo-aboveground-pool-pump-english-1.pdf\">FICHA T\u00c9CNICA PENTAIR OPTIFLO<\/a><\/p>\n<p>Las bombas OptiFlo para piscinas elevadas cuentan con un dise\u00f1o revolucionario que ofrece un rendimiento de flujo alto confiable.\u00a0La bomba OptiFlo cuenta con un motor de 48 pernos de bastidor pasante, f\u00e1cil acceso para cambiar la posici\u00f3n del puerto de descarga, dar servicio al impulsor y una innovadora tapa Cam and Ramp.\u00a0La bomba OptiFlo est\u00e1 disponible con un cable de 3 pies, con cierre giratorio o enchufe est\u00e1ndar.\u00a0La l\u00ednea OptiFlo ahora tambi\u00e9n incluye modelos que cumplen con las regulaciones actualizadas del Departamento de Energ\u00eda (DOE) para los est\u00e1ndares de eficiencia energ\u00e9tica.<\/p>\n","protected":false},"featured_media":4363,"comment_status":"open","ping_status":"closed","template":"","meta":{"_uag_custom_page_level_css":"","site-sidebar-layout":"default","site-content-layout":"default","ast-global-header-display":"","ast-banner-title-visibility":"","ast-main-header-display":"","ast-hfb-above-header-display":"","ast-hfb-below-header-display":"","ast-hfb-mobile-header-display":"","site-post-title":"","ast-breadcrumbs-content":"","ast-featured-img":"","footer-sml-layout":"","theme-transparent-header-meta":"default","adv-header-id-meta":"","stick-header-meta":"","header-above-stick-meta":"","header-main-stick-meta":"","header-below-stick-meta":""},"product_cat":[832,42],"product_tag":[],"uagb_featured_image_src":{"full":["https:\/\/bonnettperu.net\/wp56\/wp-content\/uploads\/2022\/10\/optiflo.png",540,560,false],"thumbnail":["https:\/\/bonnettperu.net\/wp56\/wp-content\/uploads\/2022\/10\/optiflo-150x150.png",150,150,true],"medium":["https:\/\/bonnettperu.net\/wp56\/wp-content\/uploads\/2022\/10\/optiflo-289x300.png",289,300,true],"medium_large":["https:\/\/bonnettperu.net\/wp56\/wp-content\/uploads\/2022\/10\/optiflo.png",540,560,false],"large":["https:\/\/bonnettperu.net\/wp56\/wp-content\/uploads\/2022\/10\/optiflo.png",540,560,false],"gswps_product_thumb":["https:\/\/bonnettperu.net\/wp56\/wp-content\/uploads\/2022\/10\/optiflo-350x363.png",350,363,true],"1536x1536":["https:\/\/bonnettperu.net\/wp56\/wp-content\/uploads\/2022\/10\/optiflo.png",540,560,false],"2048x2048":["https:\/\/bonnettperu.net\/wp56\/wp-content\/uploads\/2022\/10\/optiflo.png",540,560,false],"woocommerce_thumbnail":["https:\/\/bonnettperu.net\/wp56\/wp-content\/uploads\/2022\/10\/optiflo-300x300.png",300,300,true],"woocommerce_single":["https:\/\/bonnettperu.net\/wp56\/wp-content\/uploads\/2022\/10\/optiflo.png",540,560,false],"woocommerce_gallery_thumbnail":["https:\/\/bonnettperu.net\/wp56\/wp-content\/uploads\/2022\/10\/optiflo-100x100.png",100,100,true],"dgwt-wcas-product-suggestion":["https:\/\/bonnettperu.net\/wp56\/wp-content\/uploads\/2022\/10\/optiflo.png",64,66,false]},"uagb_author_info":{"display_name":"admin","author_link":"https:\/\/bonnettperu.net\/wp56\/author\/"},"uagb_comment_info":0,"uagb_excerpt":"FICHA T\u00c9CNICA PENTAIR OPTIFLO Las bombas OptiFlo para piscinas elevadas cuentan con un dise\u00f1o revolucionario que ofrece un rendimiento de flujo alto confiable.\u00a0La bomba OptiFlo cuenta con un motor de 48 pernos de bastidor pasante, f\u00e1cil acceso para cambiar la posici\u00f3n del puerto de descarga, dar servicio al impulsor y una innovadora tapa Cam and&hellip;","_links":{"self":[{"href":"https:\/\/bonnettperu.net\/wp56\/wp-json\/wp\/v2\/product\/4289"}],"collection":[{"href":"https:\/\/bonnettperu.net\/wp56\/wp-json\/wp\/v2\/product"}],"about":[{"href":"https:\/\/bonnettperu.net\/wp56\/wp-json\/wp\/v2\/types\/product"}],"replies":[{"embeddable":true,"href":"https:\/\/bonnettperu.net\/wp56\/wp-json\/wp\/v2\/comments?post=4289"}],"wp:featuredmedia":[{"embeddable":true,"href":"https:\/\/bonnettperu.net\/wp56\/wp-json\/wp\/v2\/media\/4363"}],"wp:attachment":[{"href":"https:\/\/bonnettperu.net\/wp56\/wp-json\/wp\/v2\/media?parent=4289"}],"wp:term":[{"taxonomy":"product_cat","embeddable":true,"href":"https:\/\/bonnettperu.net\/wp56\/wp-json\/wp\/v2\/product_cat?post=4289"},{"taxonomy":"product_tag","embeddable":true,"href":"https:\/\/bonnettperu.net\/wp56\/wp-json\/wp\/v2\/product_tag?post=4289"}],"curies":[{"name":"wp","href":"https:\/\/api.w.org\/{rel}","templated":true}]}}