{"id":3864,"date":"2022-10-06T02:44:17","date_gmt":"2022-10-06T02:44:17","guid":{"rendered":"https:\/\/bonnettperu.net\/wp56\/?post_type=product&#038;p=3864"},"modified":"2023-06-02T17:01:16","modified_gmt":"2023-06-02T17:01:16","slug":"bomba-multietapica-travaini-glp-para-dispensador-mod-tba-405-2-r-gp","status":"publish","type":"product","link":"https:\/\/bonnettperu.net\/wp56\/producto\/bomba-multietapica-travaini-glp-para-dispensador-mod-tba-405-2-r-gp\/","title":{"rendered":"ELECTROBOMBA MULTIET\u00c1PICA POMPETRAVAINI TBA 405\/2- R\/GP"},"content":{"rendered":"<p>CARACTER\u00cdSTICAS<\/p>\n<ul>\n<li>Capacidad: 11,3 m3 \/ h (50 galones por minuto)<\/li>\n<li>Densidad media GPL: 0,55 kg \/ litro<\/li>\n<li>Presi\u00f3n diferencial: 8,6 bar (125 psi) que en caso de GPL genera una cabeza de 156 mcl (86 \/ 0,55 = 156 metros columna liquida)<\/li>\n<li>Cubierta &#8211; Hierro d\u00factil; Eje &#8211; AISI 420; Impulsor centr\u00edfugo &#8211; hierro fundido; Impulsores estrella &#8211; lat\u00f3n;<\/li>\n<li>Aspiraci\u00f3n \/ Descarga: 80 PN 40\/40 PN 40 &#8211; (UNI 2223-2229)<\/li>\n<\/ul>\n","protected":false},"excerpt":{"rendered":"<p><a href=\"https:\/\/grupobonnett.com\/wp-content\/uploads\/2022\/10\/CAT-Catalogo-TBH-TBA-Italiano-Inglese.pdf\">FICHA TECNICA-TBH-TBA<\/a><\/p>\n<p>Electrobomba centr\u00edfuga multietapa de canal lateral y autocebado con succi\u00f3n horizontal para GLP.<\/p>\n","protected":false},"featured_media":5543,"comment_status":"open","ping_status":"closed","template":"","meta":{"_uag_custom_page_level_css":"","site-sidebar-layout":"default","site-content-layout":"default","ast-global-header-display":"","ast-banner-title-visibility":"","ast-main-header-display":"","ast-hfb-above-header-display":"","ast-hfb-below-header-display":"","ast-hfb-mobile-header-display":"","site-post-title":"","ast-breadcrumbs-content":"","ast-featured-img":"","footer-sml-layout":"","theme-transparent-header-meta":"default","adv-header-id-meta":"","stick-header-meta":"","header-above-stick-meta":"","header-main-stick-meta":"","header-below-stick-meta":""},"product_cat":[905,864,836,898,851,56],"product_tag":[],"uagb_featured_image_src":{"full":["https:\/\/bonnettperu.net\/wp56\/wp-content\/uploads\/2023\/06\/POMPETRAVAINI-2.png",2500,2501,false],"thumbnail":["https:\/\/bonnettperu.net\/wp56\/wp-content\/uploads\/2023\/06\/POMPETRAVAINI-2-150x150.png",150,150,true],"medium":["https:\/\/bonnettperu.net\/wp56\/wp-content\/uploads\/2023\/06\/POMPETRAVAINI-2-300x300.png",300,300,true],"medium_large":["https:\/\/bonnettperu.net\/wp56\/wp-content\/uploads\/2023\/06\/POMPETRAVAINI-2-768x768.png",768,768,true],"large":["https:\/\/bonnettperu.net\/wp56\/wp-content\/uploads\/2023\/06\/POMPETRAVAINI-2-1024x1024.png",1024,1024,true],"gswps_product_thumb":["https:\/\/bonnettperu.net\/wp56\/wp-content\/uploads\/2023\/06\/POMPETRAVAINI-2-350x350.png",350,350,true],"1536x1536":["https:\/\/bonnettperu.net\/wp56\/wp-content\/uploads\/2023\/06\/POMPETRAVAINI-2-1536x1536.png",1536,1536,true],"2048x2048":["https:\/\/bonnettperu.net\/wp56\/wp-content\/uploads\/2023\/06\/POMPETRAVAINI-2-2048x2048.png",2048,2048,true],"woocommerce_thumbnail":["https:\/\/bonnettperu.net\/wp56\/wp-content\/uploads\/2023\/06\/POMPETRAVAINI-2-300x300.png",300,300,true],"woocommerce_single":["https:\/\/bonnettperu.net\/wp56\/wp-content\/uploads\/2023\/06\/POMPETRAVAINI-2-600x600.png",600,600,true],"woocommerce_gallery_thumbnail":["https:\/\/bonnettperu.net\/wp56\/wp-content\/uploads\/2023\/06\/POMPETRAVAINI-2-100x100.png",100,100,true],"dgwt-wcas-product-suggestion":["https:\/\/bonnettperu.net\/wp56\/wp-content\/uploads\/2023\/06\/POMPETRAVAINI-2-64x64.png",64,64,true]},"uagb_author_info":{"display_name":"admin","author_link":"https:\/\/bonnettperu.net\/wp56\/author\/"},"uagb_comment_info":0,"uagb_excerpt":"FICHA TECNICA-TBH-TBA Electrobomba centr\u00edfuga multietapa de canal lateral y autocebado con succi\u00f3n horizontal para GLP.","_links":{"self":[{"href":"https:\/\/bonnettperu.net\/wp56\/wp-json\/wp\/v2\/product\/3864"}],"collection":[{"href":"https:\/\/bonnettperu.net\/wp56\/wp-json\/wp\/v2\/product"}],"about":[{"href":"https:\/\/bonnettperu.net\/wp56\/wp-json\/wp\/v2\/types\/product"}],"replies":[{"embeddable":true,"href":"https:\/\/bonnettperu.net\/wp56\/wp-json\/wp\/v2\/comments?post=3864"}],"wp:featuredmedia":[{"embeddable":true,"href":"https:\/\/bonnettperu.net\/wp56\/wp-json\/wp\/v2\/media\/5543"}],"wp:attachment":[{"href":"https:\/\/bonnettperu.net\/wp56\/wp-json\/wp\/v2\/media?parent=3864"}],"wp:term":[{"taxonomy":"product_cat","embeddable":true,"href":"https:\/\/bonnettperu.net\/wp56\/wp-json\/wp\/v2\/product_cat?post=3864"},{"taxonomy":"product_tag","embeddable":true,"href":"https:\/\/bonnettperu.net\/wp56\/wp-json\/wp\/v2\/product_tag?post=3864"}],"curies":[{"name":"wp","href":"https:\/\/api.w.org\/{rel}","templated":true}]}}