{"id":3759,"date":"2022-10-05T20:09:51","date_gmt":"2022-10-05T20:09:51","guid":{"rendered":"https:\/\/bonnettperu.net\/wp56\/?post_type=product&#038;p=3759"},"modified":"2023-06-02T17:00:02","modified_gmt":"2023-06-02T17:00:02","slug":"medidor-mecanico-k700m-1-1-2-npt-diesel-flow-a-f00540000","status":"publish","type":"product","link":"https:\/\/bonnettperu.net\/wp56\/producto\/medidor-mecanico-k700m-1-1-2-npt-diesel-flow-a-f00540000\/","title":{"rendered":"MEDIDOR MEC\u00c1NICO K700M 1 .1\/2&#8243; -NPT DIESEL FLOW A"},"content":{"rendered":"","protected":false},"excerpt":{"rendered":"<p><a href=\"https:\/\/grupobonnett.com\/wp-content\/uploads\/2022\/10\/FICHA-TECNICA_K700-PIUSI.pdf\">FICHA TECNICA_K700-PIUSI<\/a><\/p>\n<p>El PIUSI K700 es un\u00a0medidor de flujo mec\u00e1nico dise\u00f1ado para controlar la cantidad de di\u00e9sel dispensado. El indicador mec\u00e1nico muestra un total parcial de 4 d\u00edgitos y puede mostrar hasta un m\u00e1ximo de 9999 litros, con un total de 7 d\u00edgitos.<\/p>\n","protected":false},"featured_media":5531,"comment_status":"open","ping_status":"closed","template":"","meta":{"_uag_custom_page_level_css":"","site-sidebar-layout":"default","site-content-layout":"default","ast-global-header-display":"","ast-banner-title-visibility":"","ast-main-header-display":"","ast-hfb-above-header-display":"","ast-hfb-below-header-display":"","ast-hfb-mobile-header-display":"","site-post-title":"","ast-breadcrumbs-content":"","ast-featured-img":"","footer-sml-layout":"","theme-transparent-header-meta":"default","adv-header-id-meta":"","stick-header-meta":"","header-above-stick-meta":"","header-main-stick-meta":"","header-below-stick-meta":""},"product_cat":[836,868,50],"product_tag":[],"uagb_featured_image_src":{"full":["https:\/\/bonnettperu.net\/wp56\/wp-content\/uploads\/2023\/06\/PIUSI-part-2-WEB-08-2.png",2500,2500,false],"thumbnail":["https:\/\/bonnettperu.net\/wp56\/wp-content\/uploads\/2023\/06\/PIUSI-part-2-WEB-08-2-150x150.png",150,150,true],"medium":["https:\/\/bonnettperu.net\/wp56\/wp-content\/uploads\/2023\/06\/PIUSI-part-2-WEB-08-2-300x300.png",300,300,true],"medium_large":["https:\/\/bonnettperu.net\/wp56\/wp-content\/uploads\/2023\/06\/PIUSI-part-2-WEB-08-2-768x768.png",768,768,true],"large":["https:\/\/bonnettperu.net\/wp56\/wp-content\/uploads\/2023\/06\/PIUSI-part-2-WEB-08-2-1024x1024.png",1024,1024,true],"gswps_product_thumb":["https:\/\/bonnettperu.net\/wp56\/wp-content\/uploads\/2023\/06\/PIUSI-part-2-WEB-08-2-350x350.png",350,350,true],"1536x1536":["https:\/\/bonnettperu.net\/wp56\/wp-content\/uploads\/2023\/06\/PIUSI-part-2-WEB-08-2-1536x1536.png",1536,1536,true],"2048x2048":["https:\/\/bonnettperu.net\/wp56\/wp-content\/uploads\/2023\/06\/PIUSI-part-2-WEB-08-2-2048x2048.png",2048,2048,true],"woocommerce_thumbnail":["https:\/\/bonnettperu.net\/wp56\/wp-content\/uploads\/2023\/06\/PIUSI-part-2-WEB-08-2-300x300.png",300,300,true],"woocommerce_single":["https:\/\/bonnettperu.net\/wp56\/wp-content\/uploads\/2023\/06\/PIUSI-part-2-WEB-08-2-600x600.png",600,600,true],"woocommerce_gallery_thumbnail":["https:\/\/bonnettperu.net\/wp56\/wp-content\/uploads\/2023\/06\/PIUSI-part-2-WEB-08-2-100x100.png",100,100,true],"dgwt-wcas-product-suggestion":["https:\/\/bonnettperu.net\/wp56\/wp-content\/uploads\/2023\/06\/PIUSI-part-2-WEB-08-2-64x64.png",64,64,true]},"uagb_author_info":{"display_name":"admin","author_link":"https:\/\/bonnettperu.net\/wp56\/author\/"},"uagb_comment_info":0,"uagb_excerpt":"FICHA TECNICA_K700-PIUSI El PIUSI K700 es un\u00a0medidor de flujo mec\u00e1nico dise\u00f1ado para controlar la cantidad de di\u00e9sel dispensado. El indicador mec\u00e1nico muestra un total parcial de 4 d\u00edgitos y puede mostrar hasta un m\u00e1ximo de 9999 litros, con un total de 7 d\u00edgitos.","_links":{"self":[{"href":"https:\/\/bonnettperu.net\/wp56\/wp-json\/wp\/v2\/product\/3759"}],"collection":[{"href":"https:\/\/bonnettperu.net\/wp56\/wp-json\/wp\/v2\/product"}],"about":[{"href":"https:\/\/bonnettperu.net\/wp56\/wp-json\/wp\/v2\/types\/product"}],"replies":[{"embeddable":true,"href":"https:\/\/bonnettperu.net\/wp56\/wp-json\/wp\/v2\/comments?post=3759"}],"wp:featuredmedia":[{"embeddable":true,"href":"https:\/\/bonnettperu.net\/wp56\/wp-json\/wp\/v2\/media\/5531"}],"wp:attachment":[{"href":"https:\/\/bonnettperu.net\/wp56\/wp-json\/wp\/v2\/media?parent=3759"}],"wp:term":[{"taxonomy":"product_cat","embeddable":true,"href":"https:\/\/bonnettperu.net\/wp56\/wp-json\/wp\/v2\/product_cat?post=3759"},{"taxonomy":"product_tag","embeddable":true,"href":"https:\/\/bonnettperu.net\/wp56\/wp-json\/wp\/v2\/product_tag?post=3759"}],"curies":[{"name":"wp","href":"https:\/\/api.w.org\/{rel}","templated":true}]}}