{"id":3734,"date":"2022-10-05T19:30:35","date_gmt":"2022-10-05T19:30:35","guid":{"rendered":"https:\/\/bonnettperu.net\/wp56\/?post_type=product&#038;p=3734"},"modified":"2023-06-02T16:59:46","modified_gmt":"2023-06-02T16:59:46","slug":"f0033253a-piusi-hand-pump-for-oil-diesel-2-conexion-s-npt-incl-mang","status":"publish","type":"product","link":"https:\/\/bonnettperu.net\/wp56\/producto\/f0033253a-piusi-hand-pump-for-oil-diesel-2-conexion-s-npt-incl-mang\/","title":{"rendered":"PIUSI HAND PUMP FOR OIL-DIESEL 2&#8243; CONEXI\u00d3N &#8220;S&#8221; NPT"},"content":{"rendered":"<p>Caracter\u00edsticas:<\/p>\n<ul>\n<li>Capacidad de Succi\u00f3n Optimizada<\/li>\n<li>Conector Robusto<\/li>\n<li>Palanca Resistente<\/li>\n<li>Revoluci\u00f3n Fluida<\/li>\n<li>Alta Eficiencia<\/li>\n<li>Tubo de Succi\u00f3n Ajustable<\/li>\n<\/ul>\n","protected":false},"excerpt":{"rendered":"<p><a href=\"https:\/\/grupobonnett.com\/wp-content\/uploads\/2022\/10\/FICHA-TECNICA_PIUSI-HAND-PUMP.pdf\">FICHA TECNICA_PIUSI-HAND-PUMP<\/a><\/p>\n<p>La bomba manual Piusi es una\u00a0bomba de paletas manual\u00a0dise\u00f1ada espec\u00edficamente para la transferencia de di\u00e9sel y combustible di\u00e9sel.<\/p>\n<p>Desarrollada y dise\u00f1ada por el equipo de I+D de Piusi, esta bomba manual se fabrica \u00edntegramente en la planta de producci\u00f3n de Suzzara (Mantua, Italia) y es adecuada para todas las aplicaciones de barriles (incluida la conexi\u00f3n de 2&#8243; BSP) y para diferentes industrias como la miner\u00eda, la construcci\u00f3n, la automoci\u00f3n, el transporte, los talleres y la agricultura, por nombrar algunas. Esta bomba rotativa di\u00e9sel PIUSI es ideal para rellenar y transferir el di\u00e9sel de los barriles.<\/p>\n","protected":false},"featured_media":5529,"comment_status":"open","ping_status":"closed","template":"","meta":{"_uag_custom_page_level_css":"","site-sidebar-layout":"default","site-content-layout":"default","ast-global-header-display":"","ast-banner-title-visibility":"","ast-main-header-display":"","ast-hfb-above-header-display":"","ast-hfb-below-header-display":"","ast-hfb-mobile-header-display":"","site-post-title":"","ast-breadcrumbs-content":"","ast-featured-img":"","footer-sml-layout":"","theme-transparent-header-meta":"default","adv-header-id-meta":"","stick-header-meta":"","header-above-stick-meta":"","header-main-stick-meta":"","header-below-stick-meta":""},"product_cat":[836,50,866],"product_tag":[],"uagb_featured_image_src":{"full":["https:\/\/bonnettperu.net\/wp56\/wp-content\/uploads\/2023\/06\/PIUSI-WEB-04.png",2500,2500,false],"thumbnail":["https:\/\/bonnettperu.net\/wp56\/wp-content\/uploads\/2023\/06\/PIUSI-WEB-04-150x150.png",150,150,true],"medium":["https:\/\/bonnettperu.net\/wp56\/wp-content\/uploads\/2023\/06\/PIUSI-WEB-04-300x300.png",300,300,true],"medium_large":["https:\/\/bonnettperu.net\/wp56\/wp-content\/uploads\/2023\/06\/PIUSI-WEB-04-768x768.png",768,768,true],"large":["https:\/\/bonnettperu.net\/wp56\/wp-content\/uploads\/2023\/06\/PIUSI-WEB-04-1024x1024.png",1024,1024,true],"gswps_product_thumb":["https:\/\/bonnettperu.net\/wp56\/wp-content\/uploads\/2023\/06\/PIUSI-WEB-04-350x350.png",350,350,true],"1536x1536":["https:\/\/bonnettperu.net\/wp56\/wp-content\/uploads\/2023\/06\/PIUSI-WEB-04-1536x1536.png",1536,1536,true],"2048x2048":["https:\/\/bonnettperu.net\/wp56\/wp-content\/uploads\/2023\/06\/PIUSI-WEB-04-2048x2048.png",2048,2048,true],"woocommerce_thumbnail":["https:\/\/bonnettperu.net\/wp56\/wp-content\/uploads\/2023\/06\/PIUSI-WEB-04-300x300.png",300,300,true],"woocommerce_single":["https:\/\/bonnettperu.net\/wp56\/wp-content\/uploads\/2023\/06\/PIUSI-WEB-04-600x600.png",600,600,true],"woocommerce_gallery_thumbnail":["https:\/\/bonnettperu.net\/wp56\/wp-content\/uploads\/2023\/06\/PIUSI-WEB-04-100x100.png",100,100,true],"dgwt-wcas-product-suggestion":["https:\/\/bonnettperu.net\/wp56\/wp-content\/uploads\/2023\/06\/PIUSI-WEB-04-64x64.png",64,64,true]},"uagb_author_info":{"display_name":"admin","author_link":"https:\/\/bonnettperu.net\/wp56\/author\/"},"uagb_comment_info":0,"uagb_excerpt":"FICHA TECNICA_PIUSI-HAND-PUMP La bomba manual Piusi es una\u00a0bomba de paletas manual\u00a0dise\u00f1ada espec\u00edficamente para la transferencia de di\u00e9sel y combustible di\u00e9sel. Desarrollada y dise\u00f1ada por el equipo de I+D de Piusi, esta bomba manual se fabrica \u00edntegramente en la planta de producci\u00f3n de Suzzara (Mantua, Italia) y es adecuada para todas las aplicaciones de barriles (incluida&hellip;","_links":{"self":[{"href":"https:\/\/bonnettperu.net\/wp56\/wp-json\/wp\/v2\/product\/3734"}],"collection":[{"href":"https:\/\/bonnettperu.net\/wp56\/wp-json\/wp\/v2\/product"}],"about":[{"href":"https:\/\/bonnettperu.net\/wp56\/wp-json\/wp\/v2\/types\/product"}],"replies":[{"embeddable":true,"href":"https:\/\/bonnettperu.net\/wp56\/wp-json\/wp\/v2\/comments?post=3734"}],"wp:featuredmedia":[{"embeddable":true,"href":"https:\/\/bonnettperu.net\/wp56\/wp-json\/wp\/v2\/media\/5529"}],"wp:attachment":[{"href":"https:\/\/bonnettperu.net\/wp56\/wp-json\/wp\/v2\/media?parent=3734"}],"wp:term":[{"taxonomy":"product_cat","embeddable":true,"href":"https:\/\/bonnettperu.net\/wp56\/wp-json\/wp\/v2\/product_cat?post=3734"},{"taxonomy":"product_tag","embeddable":true,"href":"https:\/\/bonnettperu.net\/wp56\/wp-json\/wp\/v2\/product_tag?post=3734"}],"curies":[{"name":"wp","href":"https:\/\/api.w.org\/{rel}","templated":true}]}}