{"id":3731,"date":"2022-10-05T19:11:02","date_gmt":"2022-10-05T19:11:02","guid":{"rendered":"https:\/\/bonnettperu.net\/wp56\/?post_type=product&#038;p=3731"},"modified":"2023-06-02T16:59:40","modified_gmt":"2023-06-02T16:59:40","slug":"carry-3000-f0022300c-12v","status":"publish","type":"product","link":"https:\/\/bonnettperu.net\/wp56\/producto\/carry-3000-f0022300c-12v\/","title":{"rendered":"CARRY 3000. 12V"},"content":{"rendered":"<p>Caracter\u00edsticas:<\/p>\n<ul>\n<li>F\u00e1cil de Instalar.<\/li>\n<li>Segura de Mover.<\/li>\n<li>Aplicaci\u00f3n de Larga Duraci\u00f3n.<\/li>\n<\/ul>\n","protected":false},"excerpt":{"rendered":"<p><a href=\"https:\/\/grupobonnett.com\/wp-content\/uploads\/2022\/10\/FICHA-TECNICA_CARRY-PIUSI.pdf\">FICHA TECNICA_CARRY-PIUSI<\/a><\/p>\n<p>La Carry es una bomba de transferencia de di\u00e9sel m\u00f3vil. Como\u00a0bomba de transferencia di\u00e9sel, la bomba Carry ha sido dise\u00f1ada para satisfacer las necesidades de aquellos que buscan una bomba de larga duraci\u00f3n, de calidad y port\u00e1til, as\u00ed como una que sea aplicable a diferentes industrias como la automotriz, la agr\u00edcola, la minera y la de la construcci\u00f3n.<\/p>\n","protected":false},"featured_media":5528,"comment_status":"open","ping_status":"closed","template":"","meta":{"_uag_custom_page_level_css":"","site-sidebar-layout":"default","site-content-layout":"default","ast-global-header-display":"","ast-banner-title-visibility":"","ast-main-header-display":"","ast-hfb-above-header-display":"","ast-hfb-below-header-display":"","ast-hfb-mobile-header-display":"","site-post-title":"","ast-breadcrumbs-content":"","ast-featured-img":"","footer-sml-layout":"","theme-transparent-header-meta":"default","adv-header-id-meta":"","stick-header-meta":"","header-above-stick-meta":"","header-main-stick-meta":"","header-below-stick-meta":""},"product_cat":[836,50,866],"product_tag":[],"uagb_featured_image_src":{"full":["https:\/\/bonnettperu.net\/wp56\/wp-content\/uploads\/2023\/06\/PIUSI-part-2-WEB-06.png",2500,2500,false],"thumbnail":["https:\/\/bonnettperu.net\/wp56\/wp-content\/uploads\/2023\/06\/PIUSI-part-2-WEB-06-150x150.png",150,150,true],"medium":["https:\/\/bonnettperu.net\/wp56\/wp-content\/uploads\/2023\/06\/PIUSI-part-2-WEB-06-300x300.png",300,300,true],"medium_large":["https:\/\/bonnettperu.net\/wp56\/wp-content\/uploads\/2023\/06\/PIUSI-part-2-WEB-06-768x768.png",768,768,true],"large":["https:\/\/bonnettperu.net\/wp56\/wp-content\/uploads\/2023\/06\/PIUSI-part-2-WEB-06-1024x1024.png",1024,1024,true],"gswps_product_thumb":["https:\/\/bonnettperu.net\/wp56\/wp-content\/uploads\/2023\/06\/PIUSI-part-2-WEB-06-350x350.png",350,350,true],"1536x1536":["https:\/\/bonnettperu.net\/wp56\/wp-content\/uploads\/2023\/06\/PIUSI-part-2-WEB-06-1536x1536.png",1536,1536,true],"2048x2048":["https:\/\/bonnettperu.net\/wp56\/wp-content\/uploads\/2023\/06\/PIUSI-part-2-WEB-06-2048x2048.png",2048,2048,true],"woocommerce_thumbnail":["https:\/\/bonnettperu.net\/wp56\/wp-content\/uploads\/2023\/06\/PIUSI-part-2-WEB-06-300x300.png",300,300,true],"woocommerce_single":["https:\/\/bonnettperu.net\/wp56\/wp-content\/uploads\/2023\/06\/PIUSI-part-2-WEB-06-600x600.png",600,600,true],"woocommerce_gallery_thumbnail":["https:\/\/bonnettperu.net\/wp56\/wp-content\/uploads\/2023\/06\/PIUSI-part-2-WEB-06-100x100.png",100,100,true],"dgwt-wcas-product-suggestion":["https:\/\/bonnettperu.net\/wp56\/wp-content\/uploads\/2023\/06\/PIUSI-part-2-WEB-06-64x64.png",64,64,true]},"uagb_author_info":{"display_name":"admin","author_link":"https:\/\/bonnettperu.net\/wp56\/author\/"},"uagb_comment_info":0,"uagb_excerpt":"FICHA TECNICA_CARRY-PIUSI La Carry es una bomba de transferencia de di\u00e9sel m\u00f3vil. Como\u00a0bomba de transferencia di\u00e9sel, la bomba Carry ha sido dise\u00f1ada para satisfacer las necesidades de aquellos que buscan una bomba de larga duraci\u00f3n, de calidad y port\u00e1til, as\u00ed como una que sea aplicable a diferentes industrias como la automotriz, la agr\u00edcola, la minera&hellip;","_links":{"self":[{"href":"https:\/\/bonnettperu.net\/wp56\/wp-json\/wp\/v2\/product\/3731"}],"collection":[{"href":"https:\/\/bonnettperu.net\/wp56\/wp-json\/wp\/v2\/product"}],"about":[{"href":"https:\/\/bonnettperu.net\/wp56\/wp-json\/wp\/v2\/types\/product"}],"replies":[{"embeddable":true,"href":"https:\/\/bonnettperu.net\/wp56\/wp-json\/wp\/v2\/comments?post=3731"}],"wp:featuredmedia":[{"embeddable":true,"href":"https:\/\/bonnettperu.net\/wp56\/wp-json\/wp\/v2\/media\/5528"}],"wp:attachment":[{"href":"https:\/\/bonnettperu.net\/wp56\/wp-json\/wp\/v2\/media?parent=3731"}],"wp:term":[{"taxonomy":"product_cat","embeddable":true,"href":"https:\/\/bonnettperu.net\/wp56\/wp-json\/wp\/v2\/product_cat?post=3731"},{"taxonomy":"product_tag","embeddable":true,"href":"https:\/\/bonnettperu.net\/wp56\/wp-json\/wp\/v2\/product_tag?post=3731"}],"curies":[{"name":"wp","href":"https:\/\/api.w.org\/{rel}","templated":true}]}}