{"id":3694,"date":"2022-10-05T17:24:51","date_gmt":"2022-10-05T17:24:51","guid":{"rendered":"https:\/\/bonnettperu.net\/wp56\/?post_type=product&#038;p=3694"},"modified":"2023-06-02T16:59:11","modified_gmt":"2023-06-02T16:59:11","slug":"self-service-100-fm-2-0-f0074301a-diesel-90lm-24gpm-e120-k600","status":"publish","type":"product","link":"https:\/\/bonnettperu.net\/wp56\/producto\/self-service-100-fm-2-0-f0074301a-diesel-90lm-24gpm-e120-k600\/","title":{"rendered":"SELF SERVICE 100 FM 2.0 DIESEL 90LM 24GPM E120\/K600"},"content":{"rendered":"<p>Caracter\u00edsticas:<\/p>\n<ul>\n<li>Ideal para Gesti\u00f3n de Combustible<\/li>\n<li>Indicador de Nivel de Dep\u00f3sito<\/li>\n<li>Impresora de Tickets<\/li>\n<li>Gesti\u00f3n Multiusuario<\/li>\n<li>Estructura Robusta<\/li>\n<li>F\u00e1cil Mantenimiento<\/li>\n<li>Bomba de Paletas de gran capacidad<\/li>\n<li>Se Requiere el Software SSM 2.0<\/li>\n<li>IP55<\/li>\n<\/ul>\n","protected":false},"excerpt":{"rendered":"<p><a href=\"https:\/\/grupobonnett.com\/wp-content\/uploads\/2022\/10\/FICHA-TECNICA_SELF-SERVICE-FM-2.0-PIUSI.pdf\">FICHA TECNICA_SELF-SERVICE-FM-2.0-PIUSI<\/a><\/p>\n<p>Surtidor de di\u00e9sel no comercial con opciones. Dise\u00f1ado para usuarios que insisten en lo mejor y no aceptan concesiones. La llave de usuario y la llave del veh\u00edculo permiten acceder a la entrega de combustible y mantener un registro sobre qui\u00e9n repost\u00f3 el veh\u00edculo y qu\u00e9 veh\u00edculo se utiliz\u00f3, todo ello resumido en un informe detallado.<\/p>\n","protected":false},"featured_media":5524,"comment_status":"open","ping_status":"closed","template":"","meta":{"_uag_custom_page_level_css":"","site-sidebar-layout":"default","site-content-layout":"default","ast-global-header-display":"","ast-banner-title-visibility":"","ast-main-header-display":"","ast-hfb-above-header-display":"","ast-hfb-below-header-display":"","ast-hfb-mobile-header-display":"","site-post-title":"","ast-breadcrumbs-content":"","ast-featured-img":"","footer-sml-layout":"","theme-transparent-header-meta":"default","adv-header-id-meta":"","stick-header-meta":"","header-above-stick-meta":"","header-main-stick-meta":"","header-below-stick-meta":""},"product_cat":[836,50,866],"product_tag":[],"uagb_featured_image_src":{"full":["https:\/\/bonnettperu.net\/wp56\/wp-content\/uploads\/2023\/06\/PIUSI-WEB-09.png",2500,2500,false],"thumbnail":["https:\/\/bonnettperu.net\/wp56\/wp-content\/uploads\/2023\/06\/PIUSI-WEB-09-150x150.png",150,150,true],"medium":["https:\/\/bonnettperu.net\/wp56\/wp-content\/uploads\/2023\/06\/PIUSI-WEB-09-300x300.png",300,300,true],"medium_large":["https:\/\/bonnettperu.net\/wp56\/wp-content\/uploads\/2023\/06\/PIUSI-WEB-09-768x768.png",768,768,true],"large":["https:\/\/bonnettperu.net\/wp56\/wp-content\/uploads\/2023\/06\/PIUSI-WEB-09-1024x1024.png",1024,1024,true],"gswps_product_thumb":["https:\/\/bonnettperu.net\/wp56\/wp-content\/uploads\/2023\/06\/PIUSI-WEB-09-350x350.png",350,350,true],"1536x1536":["https:\/\/bonnettperu.net\/wp56\/wp-content\/uploads\/2023\/06\/PIUSI-WEB-09-1536x1536.png",1536,1536,true],"2048x2048":["https:\/\/bonnettperu.net\/wp56\/wp-content\/uploads\/2023\/06\/PIUSI-WEB-09-2048x2048.png",2048,2048,true],"woocommerce_thumbnail":["https:\/\/bonnettperu.net\/wp56\/wp-content\/uploads\/2023\/06\/PIUSI-WEB-09-300x300.png",300,300,true],"woocommerce_single":["https:\/\/bonnettperu.net\/wp56\/wp-content\/uploads\/2023\/06\/PIUSI-WEB-09-600x600.png",600,600,true],"woocommerce_gallery_thumbnail":["https:\/\/bonnettperu.net\/wp56\/wp-content\/uploads\/2023\/06\/PIUSI-WEB-09-100x100.png",100,100,true],"dgwt-wcas-product-suggestion":["https:\/\/bonnettperu.net\/wp56\/wp-content\/uploads\/2023\/06\/PIUSI-WEB-09-64x64.png",64,64,true]},"uagb_author_info":{"display_name":"admin","author_link":"https:\/\/bonnettperu.net\/wp56\/author\/"},"uagb_comment_info":0,"uagb_excerpt":"FICHA TECNICA_SELF-SERVICE-FM-2.0-PIUSI Surtidor de di\u00e9sel no comercial con opciones. Dise\u00f1ado para usuarios que insisten en lo mejor y no aceptan concesiones. La llave de usuario y la llave del veh\u00edculo permiten acceder a la entrega de combustible y mantener un registro sobre qui\u00e9n repost\u00f3 el veh\u00edculo y qu\u00e9 veh\u00edculo se utiliz\u00f3, todo ello resumido en&hellip;","_links":{"self":[{"href":"https:\/\/bonnettperu.net\/wp56\/wp-json\/wp\/v2\/product\/3694"}],"collection":[{"href":"https:\/\/bonnettperu.net\/wp56\/wp-json\/wp\/v2\/product"}],"about":[{"href":"https:\/\/bonnettperu.net\/wp56\/wp-json\/wp\/v2\/types\/product"}],"replies":[{"embeddable":true,"href":"https:\/\/bonnettperu.net\/wp56\/wp-json\/wp\/v2\/comments?post=3694"}],"wp:featuredmedia":[{"embeddable":true,"href":"https:\/\/bonnettperu.net\/wp56\/wp-json\/wp\/v2\/media\/5524"}],"wp:attachment":[{"href":"https:\/\/bonnettperu.net\/wp56\/wp-json\/wp\/v2\/media?parent=3694"}],"wp:term":[{"taxonomy":"product_cat","embeddable":true,"href":"https:\/\/bonnettperu.net\/wp56\/wp-json\/wp\/v2\/product_cat?post=3694"},{"taxonomy":"product_tag","embeddable":true,"href":"https:\/\/bonnettperu.net\/wp56\/wp-json\/wp\/v2\/product_tag?post=3694"}],"curies":[{"name":"wp","href":"https:\/\/api.w.org\/{rel}","templated":true}]}}