{"id":3660,"date":"2022-10-05T16:41:01","date_gmt":"2022-10-05T16:41:01","guid":{"rendered":"https:\/\/bonnettperu.net\/wp56\/?post_type=product&#038;p=3660"},"modified":"2023-06-02T16:59:02","modified_gmt":"2023-06-02T16:59:02","slug":"cube-70-mc-dc-24v-d-npt-1-f0059414c-marca-piusi","status":"publish","type":"product","link":"https:\/\/bonnettperu.net\/wp56\/producto\/cube-70-mc-dc-24v-d-npt-1-f0059414c-marca-piusi\/","title":{"rendered":"CUBE 70 MC DC PIUSI 24V D NPT 1&#8243;"},"content":{"rendered":"<p>Caracter\u00edsticas:<\/p>\n<ul>\n<li>Gesti\u00f3n Multiusuario<\/li>\n<li>Equipo todo en uno<\/li>\n<li>Dise\u00f1o compacto<\/li>\n<li>Compatible con el Software SSM 2018<\/li>\n<li>Filtro de Succi\u00f3n<\/li>\n<li>IP55<\/li>\n<\/ul>\n","protected":false},"excerpt":{"rendered":"<p><a href=\"https:\/\/grupobonnett.com\/wp-content\/uploads\/2022\/10\/FICHA-TECNICA_CUBE-MC-PIUSI.pdf\">FICHA TECNICA_CUBE-MC-PIUSI<\/a><\/p>\n<p>Cube MC es un surtidor de di\u00e9sel espec\u00edfico para uso no comercial.\u00a0La singularidad de este surtidor de di\u00e9sel es su versatilidad, por lo que es apto para diferentes aplicaciones. De hecho, es posible aplicar el CUBE MC directamente en los tanques, en la pared, en las cisternas, en los barriles o aplicarlo en su pedestal especial.<\/p>\n<p>Otra de las peculiaridades de este surtidor de di\u00e9sel es su versatilidad para adaptarse a diferentes sectores: agr\u00edcola, automoci\u00f3n, log\u00edstica, construcci\u00f3n e industrial.<\/p>\n","protected":false},"featured_media":5522,"comment_status":"open","ping_status":"closed","template":"","meta":{"_uag_custom_page_level_css":"","site-sidebar-layout":"default","site-content-layout":"default","ast-global-header-display":"","ast-banner-title-visibility":"","ast-main-header-display":"","ast-hfb-above-header-display":"","ast-hfb-below-header-display":"","ast-hfb-mobile-header-display":"","site-post-title":"","ast-breadcrumbs-content":"","ast-featured-img":"","footer-sml-layout":"","theme-transparent-header-meta":"default","adv-header-id-meta":"","stick-header-meta":"","header-above-stick-meta":"","header-main-stick-meta":"","header-below-stick-meta":""},"product_cat":[836,50,866],"product_tag":[],"uagb_featured_image_src":{"full":["https:\/\/bonnettperu.net\/wp56\/wp-content\/uploads\/2023\/06\/PIUSI-WEB-02.png",2500,2500,false],"thumbnail":["https:\/\/bonnettperu.net\/wp56\/wp-content\/uploads\/2023\/06\/PIUSI-WEB-02-150x150.png",150,150,true],"medium":["https:\/\/bonnettperu.net\/wp56\/wp-content\/uploads\/2023\/06\/PIUSI-WEB-02-300x300.png",300,300,true],"medium_large":["https:\/\/bonnettperu.net\/wp56\/wp-content\/uploads\/2023\/06\/PIUSI-WEB-02-768x768.png",768,768,true],"large":["https:\/\/bonnettperu.net\/wp56\/wp-content\/uploads\/2023\/06\/PIUSI-WEB-02-1024x1024.png",1024,1024,true],"gswps_product_thumb":["https:\/\/bonnettperu.net\/wp56\/wp-content\/uploads\/2023\/06\/PIUSI-WEB-02-350x350.png",350,350,true],"1536x1536":["https:\/\/bonnettperu.net\/wp56\/wp-content\/uploads\/2023\/06\/PIUSI-WEB-02-1536x1536.png",1536,1536,true],"2048x2048":["https:\/\/bonnettperu.net\/wp56\/wp-content\/uploads\/2023\/06\/PIUSI-WEB-02-2048x2048.png",2048,2048,true],"woocommerce_thumbnail":["https:\/\/bonnettperu.net\/wp56\/wp-content\/uploads\/2023\/06\/PIUSI-WEB-02-300x300.png",300,300,true],"woocommerce_single":["https:\/\/bonnettperu.net\/wp56\/wp-content\/uploads\/2023\/06\/PIUSI-WEB-02-600x600.png",600,600,true],"woocommerce_gallery_thumbnail":["https:\/\/bonnettperu.net\/wp56\/wp-content\/uploads\/2023\/06\/PIUSI-WEB-02-100x100.png",100,100,true],"dgwt-wcas-product-suggestion":["https:\/\/bonnettperu.net\/wp56\/wp-content\/uploads\/2023\/06\/PIUSI-WEB-02-64x64.png",64,64,true]},"uagb_author_info":{"display_name":"admin","author_link":"https:\/\/bonnettperu.net\/wp56\/author\/"},"uagb_comment_info":0,"uagb_excerpt":"FICHA TECNICA_CUBE-MC-PIUSI Cube MC es un surtidor de di\u00e9sel espec\u00edfico para uso no comercial.\u00a0La singularidad de este surtidor de di\u00e9sel es su versatilidad, por lo que es apto para diferentes aplicaciones. De hecho, es posible aplicar el CUBE MC directamente en los tanques, en la pared, en las cisternas, en los barriles o aplicarlo en&hellip;","_links":{"self":[{"href":"https:\/\/bonnettperu.net\/wp56\/wp-json\/wp\/v2\/product\/3660"}],"collection":[{"href":"https:\/\/bonnettperu.net\/wp56\/wp-json\/wp\/v2\/product"}],"about":[{"href":"https:\/\/bonnettperu.net\/wp56\/wp-json\/wp\/v2\/types\/product"}],"replies":[{"embeddable":true,"href":"https:\/\/bonnettperu.net\/wp56\/wp-json\/wp\/v2\/comments?post=3660"}],"wp:featuredmedia":[{"embeddable":true,"href":"https:\/\/bonnettperu.net\/wp56\/wp-json\/wp\/v2\/media\/5522"}],"wp:attachment":[{"href":"https:\/\/bonnettperu.net\/wp56\/wp-json\/wp\/v2\/media?parent=3660"}],"wp:term":[{"taxonomy":"product_cat","embeddable":true,"href":"https:\/\/bonnettperu.net\/wp56\/wp-json\/wp\/v2\/product_cat?post=3660"},{"taxonomy":"product_tag","embeddable":true,"href":"https:\/\/bonnettperu.net\/wp56\/wp-json\/wp\/v2\/product_tag?post=3660"}],"curies":[{"name":"wp","href":"https:\/\/api.w.org\/{rel}","templated":true}]}}