{"id":3568,"date":"2022-10-05T14:27:23","date_gmt":"2022-10-05T14:27:23","guid":{"rendered":"https:\/\/bonnettperu.net\/wp56\/?post_type=product&#038;p=3568"},"modified":"2023-06-02T16:58:13","modified_gmt":"2023-06-02T16:58:13","slug":"enrollador-hose-10-x-3-4-f0075013b-marca-piusi","status":"publish","type":"product","link":"https:\/\/bonnettperu.net\/wp56\/producto\/enrollador-hose-10-x-3-4-f0075013b-marca-piusi\/","title":{"rendered":"ENROLLADOR HOSE PIUSI 10 x 3\/4&#8243;"},"content":{"rendered":"<p>Caracter\u00edsticas:<\/p>\n<ul>\n<li>Estructura Robusta<\/li>\n<li>Protecci\u00f3n para las manos<\/li>\n<li>Resistencia a la corrosi\u00f3n: La estructura, en acero inoxidable<\/li>\n<li>P\u00e9rdida de Presi\u00f3n Reducida<\/li>\n<li>Seguridad: Tapas laterales de protecci\u00f3n<\/li>\n<li>15 Bar<\/li>\n<li>Entrada y salida de 1 &#8221; &#8211; 10 mt de manguera<\/li>\n<li>80 lpm<\/li>\n<\/ul>\n","protected":false},"excerpt":{"rendered":"<p><a href=\"https:\/\/grupobonnett.com\/wp-content\/uploads\/2022\/10\/FICHA-TECNICA_ENROLLADOR-HOSE.pdf\">FICHA TECNICA_ENROLLADOR HOSE<\/a><\/p>\n<p>Los enrolladores de manguera autom\u00e1ticos Piusi para diesel y aceite han sido dise\u00f1ado para garantizar una alta eficiencia. La estructura robusta garantiza el mejor rendimiento a\u00fan en condiciones de trabajo al limite.<\/p>\n","protected":false},"featured_media":5515,"comment_status":"open","ping_status":"closed","template":"","meta":{"_uag_custom_page_level_css":"","site-sidebar-layout":"default","site-content-layout":"default","ast-global-header-display":"","ast-banner-title-visibility":"","ast-main-header-display":"","ast-hfb-above-header-display":"","ast-hfb-below-header-display":"","ast-hfb-mobile-header-display":"","site-post-title":"","ast-breadcrumbs-content":"","ast-featured-img":"","footer-sml-layout":"","theme-transparent-header-meta":"default","adv-header-id-meta":"","stick-header-meta":"","header-above-stick-meta":"","header-main-stick-meta":"","header-below-stick-meta":""},"product_cat":[836,50,866],"product_tag":[],"uagb_featured_image_src":{"full":["https:\/\/bonnettperu.net\/wp56\/wp-content\/uploads\/2023\/06\/PIUSI-part-2-WEB-07-2.png",2500,2500,false],"thumbnail":["https:\/\/bonnettperu.net\/wp56\/wp-content\/uploads\/2023\/06\/PIUSI-part-2-WEB-07-2-150x150.png",150,150,true],"medium":["https:\/\/bonnettperu.net\/wp56\/wp-content\/uploads\/2023\/06\/PIUSI-part-2-WEB-07-2-300x300.png",300,300,true],"medium_large":["https:\/\/bonnettperu.net\/wp56\/wp-content\/uploads\/2023\/06\/PIUSI-part-2-WEB-07-2-768x768.png",768,768,true],"large":["https:\/\/bonnettperu.net\/wp56\/wp-content\/uploads\/2023\/06\/PIUSI-part-2-WEB-07-2-1024x1024.png",1024,1024,true],"gswps_product_thumb":["https:\/\/bonnettperu.net\/wp56\/wp-content\/uploads\/2023\/06\/PIUSI-part-2-WEB-07-2-350x350.png",350,350,true],"1536x1536":["https:\/\/bonnettperu.net\/wp56\/wp-content\/uploads\/2023\/06\/PIUSI-part-2-WEB-07-2-1536x1536.png",1536,1536,true],"2048x2048":["https:\/\/bonnettperu.net\/wp56\/wp-content\/uploads\/2023\/06\/PIUSI-part-2-WEB-07-2-2048x2048.png",2048,2048,true],"woocommerce_thumbnail":["https:\/\/bonnettperu.net\/wp56\/wp-content\/uploads\/2023\/06\/PIUSI-part-2-WEB-07-2-300x300.png",300,300,true],"woocommerce_single":["https:\/\/bonnettperu.net\/wp56\/wp-content\/uploads\/2023\/06\/PIUSI-part-2-WEB-07-2-600x600.png",600,600,true],"woocommerce_gallery_thumbnail":["https:\/\/bonnettperu.net\/wp56\/wp-content\/uploads\/2023\/06\/PIUSI-part-2-WEB-07-2-100x100.png",100,100,true],"dgwt-wcas-product-suggestion":["https:\/\/bonnettperu.net\/wp56\/wp-content\/uploads\/2023\/06\/PIUSI-part-2-WEB-07-2-64x64.png",64,64,true]},"uagb_author_info":{"display_name":"admin","author_link":"https:\/\/bonnettperu.net\/wp56\/author\/"},"uagb_comment_info":0,"uagb_excerpt":"FICHA TECNICA_ENROLLADOR HOSE Los enrolladores de manguera autom\u00e1ticos Piusi para diesel y aceite han sido dise\u00f1ado para garantizar una alta eficiencia. La estructura robusta garantiza el mejor rendimiento a\u00fan en condiciones de trabajo al limite.","_links":{"self":[{"href":"https:\/\/bonnettperu.net\/wp56\/wp-json\/wp\/v2\/product\/3568"}],"collection":[{"href":"https:\/\/bonnettperu.net\/wp56\/wp-json\/wp\/v2\/product"}],"about":[{"href":"https:\/\/bonnettperu.net\/wp56\/wp-json\/wp\/v2\/types\/product"}],"replies":[{"embeddable":true,"href":"https:\/\/bonnettperu.net\/wp56\/wp-json\/wp\/v2\/comments?post=3568"}],"wp:featuredmedia":[{"embeddable":true,"href":"https:\/\/bonnettperu.net\/wp56\/wp-json\/wp\/v2\/media\/5515"}],"wp:attachment":[{"href":"https:\/\/bonnettperu.net\/wp56\/wp-json\/wp\/v2\/media?parent=3568"}],"wp:term":[{"taxonomy":"product_cat","embeddable":true,"href":"https:\/\/bonnettperu.net\/wp56\/wp-json\/wp\/v2\/product_cat?post=3568"},{"taxonomy":"product_tag","embeddable":true,"href":"https:\/\/bonnettperu.net\/wp56\/wp-json\/wp\/v2\/product_tag?post=3568"}],"curies":[{"name":"wp","href":"https:\/\/api.w.org\/{rel}","templated":true}]}}