{"id":3307,"date":"2022-09-27T16:50:47","date_gmt":"2022-09-27T16:50:47","guid":{"rendered":"http:\/\/bonnettperu.net\/wp56\/?post_type=product&#038;p=3307"},"modified":"2023-06-02T16:58:01","modified_gmt":"2023-06-02T16:58:01","slug":"auto-servicio-k44","status":"publish","type":"product","link":"https:\/\/bonnettperu.net\/wp56\/producto\/auto-servicio-k44\/","title":{"rendered":"DISPENSADOR DE COMBUSTIBLE SELF SERVICE K44 DIESEL NPT 1.1\/2&#8243;"},"content":{"rendered":"<p>Caracter\u00edsticas:<\/p>\n<ul>\n<li>Equipo todo en uno<\/li>\n<li>Filtro Water Captor<\/li>\n<li>Dise\u00f1o compacto<\/li>\n<li>IP55<\/li>\n<\/ul>\n","protected":false},"excerpt":{"rendered":"<p><a href=\"https:\/\/grupobonnett.com\/wp-content\/uploads\/2022\/09\/FICHA-TECNICA_SELF-SERVICE-K44-PIUSI.pdf\">FICHA TECNICA_SELF-SERVICE-K44-PIUSI<\/a><\/p>\n<p>El Self Service K44 es un dispensador de di\u00e9sel que responde a las exigencias de los operadores privados\u00a0que buscan un surtidor de di\u00e9sel para repostar cada vez m\u00e1s r\u00e1pido y que sea capaz de mantener controlada la cantidad de combustible dispensado gracias al medidor de flujo volum\u00e9trico con disco oscilante y lectura mec\u00e1nica.<\/p>\n","protected":false},"featured_media":5513,"comment_status":"open","ping_status":"closed","template":"","meta":{"_uag_custom_page_level_css":"","site-sidebar-layout":"default","site-content-layout":"default","ast-global-header-display":"","ast-banner-title-visibility":"","ast-main-header-display":"","ast-hfb-above-header-display":"","ast-hfb-below-header-display":"","ast-hfb-mobile-header-display":"","site-post-title":"","ast-breadcrumbs-content":"","ast-featured-img":"","footer-sml-layout":"","theme-transparent-header-meta":"default","adv-header-id-meta":"","stick-header-meta":"","header-above-stick-meta":"","header-main-stick-meta":"","header-below-stick-meta":""},"product_cat":[836,50,866],"product_tag":[],"uagb_featured_image_src":{"full":["https:\/\/bonnettperu.net\/wp56\/wp-content\/uploads\/2023\/06\/PIUSI-WEB-10.png",2500,2500,false],"thumbnail":["https:\/\/bonnettperu.net\/wp56\/wp-content\/uploads\/2023\/06\/PIUSI-WEB-10-150x150.png",150,150,true],"medium":["https:\/\/bonnettperu.net\/wp56\/wp-content\/uploads\/2023\/06\/PIUSI-WEB-10-300x300.png",300,300,true],"medium_large":["https:\/\/bonnettperu.net\/wp56\/wp-content\/uploads\/2023\/06\/PIUSI-WEB-10-768x768.png",768,768,true],"large":["https:\/\/bonnettperu.net\/wp56\/wp-content\/uploads\/2023\/06\/PIUSI-WEB-10-1024x1024.png",1024,1024,true],"gswps_product_thumb":["https:\/\/bonnettperu.net\/wp56\/wp-content\/uploads\/2023\/06\/PIUSI-WEB-10-350x350.png",350,350,true],"1536x1536":["https:\/\/bonnettperu.net\/wp56\/wp-content\/uploads\/2023\/06\/PIUSI-WEB-10-1536x1536.png",1536,1536,true],"2048x2048":["https:\/\/bonnettperu.net\/wp56\/wp-content\/uploads\/2023\/06\/PIUSI-WEB-10-2048x2048.png",2048,2048,true],"woocommerce_thumbnail":["https:\/\/bonnettperu.net\/wp56\/wp-content\/uploads\/2023\/06\/PIUSI-WEB-10-300x300.png",300,300,true],"woocommerce_single":["https:\/\/bonnettperu.net\/wp56\/wp-content\/uploads\/2023\/06\/PIUSI-WEB-10-600x600.png",600,600,true],"woocommerce_gallery_thumbnail":["https:\/\/bonnettperu.net\/wp56\/wp-content\/uploads\/2023\/06\/PIUSI-WEB-10-100x100.png",100,100,true],"dgwt-wcas-product-suggestion":["https:\/\/bonnettperu.net\/wp56\/wp-content\/uploads\/2023\/06\/PIUSI-WEB-10-64x64.png",64,64,true]},"uagb_author_info":{"display_name":"admin","author_link":"https:\/\/bonnettperu.net\/wp56\/author\/"},"uagb_comment_info":0,"uagb_excerpt":"FICHA TECNICA_SELF-SERVICE-K44-PIUSI El Self Service K44 es un dispensador de di\u00e9sel que responde a las exigencias de los operadores privados\u00a0que buscan un surtidor de di\u00e9sel para repostar cada vez m\u00e1s r\u00e1pido y que sea capaz de mantener controlada la cantidad de combustible dispensado gracias al medidor de flujo volum\u00e9trico con disco oscilante y lectura mec\u00e1nica.","_links":{"self":[{"href":"https:\/\/bonnettperu.net\/wp56\/wp-json\/wp\/v2\/product\/3307"}],"collection":[{"href":"https:\/\/bonnettperu.net\/wp56\/wp-json\/wp\/v2\/product"}],"about":[{"href":"https:\/\/bonnettperu.net\/wp56\/wp-json\/wp\/v2\/types\/product"}],"replies":[{"embeddable":true,"href":"https:\/\/bonnettperu.net\/wp56\/wp-json\/wp\/v2\/comments?post=3307"}],"wp:featuredmedia":[{"embeddable":true,"href":"https:\/\/bonnettperu.net\/wp56\/wp-json\/wp\/v2\/media\/5513"}],"wp:attachment":[{"href":"https:\/\/bonnettperu.net\/wp56\/wp-json\/wp\/v2\/media?parent=3307"}],"wp:term":[{"taxonomy":"product_cat","embeddable":true,"href":"https:\/\/bonnettperu.net\/wp56\/wp-json\/wp\/v2\/product_cat?post=3307"},{"taxonomy":"product_tag","embeddable":true,"href":"https:\/\/bonnettperu.net\/wp56\/wp-json\/wp\/v2\/product_tag?post=3307"}],"curies":[{"name":"wp","href":"https:\/\/api.w.org\/{rel}","templated":true}]}}