{"id":3214,"date":"2022-09-26T15:09:23","date_gmt":"2022-09-26T15:09:23","guid":{"rendered":"http:\/\/bonnettperu.net\/wp56\/?post_type=product&#038;p=3214"},"modified":"2023-06-02T16:57:56","modified_gmt":"2023-06-02T16:57:56","slug":"dispensador-para-gas-petrolmecanica-mod-lpg-6000-bp","status":"publish","type":"product","link":"https:\/\/bonnettperu.net\/wp56\/producto\/dispensador-para-gas-petrolmecanica-mod-lpg-6000-bp\/","title":{"rendered":"DISPENSADOR PARA GAS LPG 6000 BP"},"content":{"rendered":"<p>Caracter\u00edsticas:<\/p>\n<ul>\n<li>Medidor: cuatro pistones y cuatro cilindros con tratamiento inoxidable<\/li>\n<li>V\u00e1lvula diferencial que evita la formaci\u00f3n de burbujas de gas despu\u00e9s del desgasificador, adem\u00e1s de protegerlo de los golpes<\/li>\n<li>Campana del desgasificador con capacidad de 2 litros<\/li>\n<li>Cada circuito est\u00e1 dotado de un man\u00f3metro de glicerina para detectar la presi\u00f3n de suministro y el retorno de la fase gaseosa<\/li>\n<\/ul>\n","protected":false},"excerpt":{"rendered":"<p><a href=\"https:\/\/grupobonnett.com\/wp-content\/uploads\/2022\/09\/Ficha-Tecnica-LPG6000-BP.pdf\">Ficha T\u00e9cnica LPG6000 BP<\/a><\/p>\n<p>El Surtidor de GLP Modelo BP6000-2 es una evoluci\u00f3n tecnol\u00f3gica del modelo b\u00e1sico LPG6000 gracias a a la fabricaci\u00f3n de doble suministro, bifronte o monofronte.<\/p>\n","protected":false},"featured_media":5511,"comment_status":"open","ping_status":"closed","template":"","meta":{"_uag_custom_page_level_css":"","site-sidebar-layout":"default","site-content-layout":"default","ast-global-header-display":"","ast-banner-title-visibility":"","ast-main-header-display":"","ast-hfb-above-header-display":"","ast-hfb-below-header-display":"","ast-hfb-mobile-header-display":"","site-post-title":"","ast-breadcrumbs-content":"","ast-featured-img":"","footer-sml-layout":"","theme-transparent-header-meta":"default","adv-header-id-meta":"","stick-header-meta":"","header-above-stick-meta":"","header-main-stick-meta":"","header-below-stick-meta":""},"product_cat":[903,864,836,865,49],"product_tag":[],"uagb_featured_image_src":{"full":["https:\/\/bonnettperu.net\/wp56\/wp-content\/uploads\/2023\/06\/Petrolmeccanica-WEB-01.png",2500,2500,false],"thumbnail":["https:\/\/bonnettperu.net\/wp56\/wp-content\/uploads\/2023\/06\/Petrolmeccanica-WEB-01-150x150.png",150,150,true],"medium":["https:\/\/bonnettperu.net\/wp56\/wp-content\/uploads\/2023\/06\/Petrolmeccanica-WEB-01-300x300.png",300,300,true],"medium_large":["https:\/\/bonnettperu.net\/wp56\/wp-content\/uploads\/2023\/06\/Petrolmeccanica-WEB-01-768x768.png",768,768,true],"large":["https:\/\/bonnettperu.net\/wp56\/wp-content\/uploads\/2023\/06\/Petrolmeccanica-WEB-01-1024x1024.png",1024,1024,true],"gswps_product_thumb":["https:\/\/bonnettperu.net\/wp56\/wp-content\/uploads\/2023\/06\/Petrolmeccanica-WEB-01-350x350.png",350,350,true],"1536x1536":["https:\/\/bonnettperu.net\/wp56\/wp-content\/uploads\/2023\/06\/Petrolmeccanica-WEB-01-1536x1536.png",1536,1536,true],"2048x2048":["https:\/\/bonnettperu.net\/wp56\/wp-content\/uploads\/2023\/06\/Petrolmeccanica-WEB-01-2048x2048.png",2048,2048,true],"woocommerce_thumbnail":["https:\/\/bonnettperu.net\/wp56\/wp-content\/uploads\/2023\/06\/Petrolmeccanica-WEB-01-300x300.png",300,300,true],"woocommerce_single":["https:\/\/bonnettperu.net\/wp56\/wp-content\/uploads\/2023\/06\/Petrolmeccanica-WEB-01-600x600.png",600,600,true],"woocommerce_gallery_thumbnail":["https:\/\/bonnettperu.net\/wp56\/wp-content\/uploads\/2023\/06\/Petrolmeccanica-WEB-01-100x100.png",100,100,true],"dgwt-wcas-product-suggestion":["https:\/\/bonnettperu.net\/wp56\/wp-content\/uploads\/2023\/06\/Petrolmeccanica-WEB-01-64x64.png",64,64,true]},"uagb_author_info":{"display_name":"admin","author_link":"https:\/\/bonnettperu.net\/wp56\/author\/"},"uagb_comment_info":0,"uagb_excerpt":"Ficha T\u00e9cnica LPG6000 BP El Surtidor de GLP Modelo BP6000-2 es una evoluci\u00f3n tecnol\u00f3gica del modelo b\u00e1sico LPG6000 gracias a a la fabricaci\u00f3n de doble suministro, bifronte o monofronte.","_links":{"self":[{"href":"https:\/\/bonnettperu.net\/wp56\/wp-json\/wp\/v2\/product\/3214"}],"collection":[{"href":"https:\/\/bonnettperu.net\/wp56\/wp-json\/wp\/v2\/product"}],"about":[{"href":"https:\/\/bonnettperu.net\/wp56\/wp-json\/wp\/v2\/types\/product"}],"replies":[{"embeddable":true,"href":"https:\/\/bonnettperu.net\/wp56\/wp-json\/wp\/v2\/comments?post=3214"}],"wp:featuredmedia":[{"embeddable":true,"href":"https:\/\/bonnettperu.net\/wp56\/wp-json\/wp\/v2\/media\/5511"}],"wp:attachment":[{"href":"https:\/\/bonnettperu.net\/wp56\/wp-json\/wp\/v2\/media?parent=3214"}],"wp:term":[{"taxonomy":"product_cat","embeddable":true,"href":"https:\/\/bonnettperu.net\/wp56\/wp-json\/wp\/v2\/product_cat?post=3214"},{"taxonomy":"product_tag","embeddable":true,"href":"https:\/\/bonnettperu.net\/wp56\/wp-json\/wp\/v2\/product_tag?post=3214"}],"curies":[{"name":"wp","href":"https:\/\/api.w.org\/{rel}","templated":true}]}}