{"id":3109,"date":"2022-09-20T22:20:30","date_gmt":"2022-09-20T22:20:30","guid":{"rendered":"http:\/\/bonnettperu.net\/wp56\/?post_type=product&#038;p=3109"},"modified":"2022-11-14T15:49:22","modified_gmt":"2022-11-14T15:49:22","slug":"rejilla-antideslizante-emaux-para-rebosadero-de2720w-200-x-26-5-mm-x-1-mts-blanco","status":"publish","type":"product","link":"https:\/\/bonnettperu.net\/wp56\/producto\/rejilla-antideslizante-emaux-para-rebosadero-de2720w-200-x-26-5-mm-x-1-mts-blanco\/","title":{"rendered":"REJILLA ANTIDESLIZANTE EMAUX PARA REBOSADERO  DE2720W 200 x 26.5 mm. X 1 Mts. BLANCO"},"content":{"rendered":"","protected":false},"excerpt":{"rendered":"<p><a href=\"https:\/\/bonnettperu.net\/wp56\/wp-content\/uploads\/2022\/09\/Ficha-Tecnica_REJILLA_ANTIDESLIZANTE_EMAUX-_DE2720W.pdf\">Ficha T\u00e9cnica_REJILLA_ANTIDESLIZANTE_EMAUX _DE2720W<\/a><\/p>\n<p class=\"selectable-text copyable-text\"><span class=\"selectable-text copyable-text\">Esta rejilla antideslizante est\u00e1 dise\u00f1ada para profesionales. <\/span><span class=\"selectable-text copyable-text\">La rejilla de un solo lomo es adecuada para <\/span><span class=\"selectable-text copyable-text\">Piscinas desbordantes rectas y curvas.\u00a0<\/span><\/p>\n","protected":false},"featured_media":3941,"comment_status":"open","ping_status":"closed","template":"","meta":{"_uag_custom_page_level_css":"","site-sidebar-layout":"default","site-content-layout":"default","ast-global-header-display":"","ast-banner-title-visibility":"","ast-main-header-display":"","ast-hfb-above-header-display":"","ast-hfb-below-header-display":"","ast-hfb-mobile-header-display":"","site-post-title":"","ast-breadcrumbs-content":"","ast-featured-img":"","footer-sml-layout":"","theme-transparent-header-meta":"default","adv-header-id-meta":"","stick-header-meta":"","header-above-stick-meta":"","header-main-stick-meta":"","header-below-stick-meta":""},"product_cat":[859,46,834],"product_tag":[],"uagb_featured_image_src":{"full":["https:\/\/bonnettperu.net\/wp56\/wp-content\/uploads\/2022\/09\/REJILLA-ANTIDESLIZANTE-EMAUX-PARA-REBOSADERO-DE2720W-BLANCO.jpg",439,272,false],"thumbnail":["https:\/\/bonnettperu.net\/wp56\/wp-content\/uploads\/2022\/09\/REJILLA-ANTIDESLIZANTE-EMAUX-PARA-REBOSADERO-DE2720W-BLANCO-150x150.jpg",150,150,true],"medium":["https:\/\/bonnettperu.net\/wp56\/wp-content\/uploads\/2022\/09\/REJILLA-ANTIDESLIZANTE-EMAUX-PARA-REBOSADERO-DE2720W-BLANCO-300x186.jpg",300,186,true],"medium_large":["https:\/\/bonnettperu.net\/wp56\/wp-content\/uploads\/2022\/09\/REJILLA-ANTIDESLIZANTE-EMAUX-PARA-REBOSADERO-DE2720W-BLANCO.jpg",439,272,false],"large":["https:\/\/bonnettperu.net\/wp56\/wp-content\/uploads\/2022\/09\/REJILLA-ANTIDESLIZANTE-EMAUX-PARA-REBOSADERO-DE2720W-BLANCO.jpg",439,272,false],"gswps_product_thumb":["https:\/\/bonnettperu.net\/wp56\/wp-content\/uploads\/2022\/09\/REJILLA-ANTIDESLIZANTE-EMAUX-PARA-REBOSADERO-DE2720W-BLANCO-350x217.jpg",350,217,true],"1536x1536":["https:\/\/bonnettperu.net\/wp56\/wp-content\/uploads\/2022\/09\/REJILLA-ANTIDESLIZANTE-EMAUX-PARA-REBOSADERO-DE2720W-BLANCO.jpg",439,272,false],"2048x2048":["https:\/\/bonnettperu.net\/wp56\/wp-content\/uploads\/2022\/09\/REJILLA-ANTIDESLIZANTE-EMAUX-PARA-REBOSADERO-DE2720W-BLANCO.jpg",439,272,false],"woocommerce_thumbnail":["https:\/\/bonnettperu.net\/wp56\/wp-content\/uploads\/2022\/09\/REJILLA-ANTIDESLIZANTE-EMAUX-PARA-REBOSADERO-DE2720W-BLANCO-300x272.jpg",300,272,true],"woocommerce_single":["https:\/\/bonnettperu.net\/wp56\/wp-content\/uploads\/2022\/09\/REJILLA-ANTIDESLIZANTE-EMAUX-PARA-REBOSADERO-DE2720W-BLANCO.jpg",439,272,false],"woocommerce_gallery_thumbnail":["https:\/\/bonnettperu.net\/wp56\/wp-content\/uploads\/2022\/09\/REJILLA-ANTIDESLIZANTE-EMAUX-PARA-REBOSADERO-DE2720W-BLANCO-100x100.jpg",100,100,true],"dgwt-wcas-product-suggestion":["https:\/\/bonnettperu.net\/wp56\/wp-content\/uploads\/2022\/09\/REJILLA-ANTIDESLIZANTE-EMAUX-PARA-REBOSADERO-DE2720W-BLANCO.jpg",64,40,false]},"uagb_author_info":{"display_name":"admin","author_link":"https:\/\/bonnettperu.net\/wp56\/author\/"},"uagb_comment_info":0,"uagb_excerpt":"Ficha T\u00e9cnica_REJILLA_ANTIDESLIZANTE_EMAUX _DE2720W Esta rejilla antideslizante est\u00e1 dise\u00f1ada para profesionales. La rejilla de un solo lomo es adecuada para Piscinas desbordantes rectas y curvas.\u00a0","_links":{"self":[{"href":"https:\/\/bonnettperu.net\/wp56\/wp-json\/wp\/v2\/product\/3109"}],"collection":[{"href":"https:\/\/bonnettperu.net\/wp56\/wp-json\/wp\/v2\/product"}],"about":[{"href":"https:\/\/bonnettperu.net\/wp56\/wp-json\/wp\/v2\/types\/product"}],"replies":[{"embeddable":true,"href":"https:\/\/bonnettperu.net\/wp56\/wp-json\/wp\/v2\/comments?post=3109"}],"wp:featuredmedia":[{"embeddable":true,"href":"https:\/\/bonnettperu.net\/wp56\/wp-json\/wp\/v2\/media\/3941"}],"wp:attachment":[{"href":"https:\/\/bonnettperu.net\/wp56\/wp-json\/wp\/v2\/media?parent=3109"}],"wp:term":[{"taxonomy":"product_cat","embeddable":true,"href":"https:\/\/bonnettperu.net\/wp56\/wp-json\/wp\/v2\/product_cat?post=3109"},{"taxonomy":"product_tag","embeddable":true,"href":"https:\/\/bonnettperu.net\/wp56\/wp-json\/wp\/v2\/product_tag?post=3109"}],"curies":[{"name":"wp","href":"https:\/\/api.w.org\/{rel}","templated":true}]}}