{"id":3087,"date":"2022-09-20T17:30:43","date_gmt":"2022-09-20T17:30:43","guid":{"rendered":"http:\/\/bonnettperu.net\/wp56\/?post_type=product&#038;p=3087"},"modified":"2022-12-20T14:15:33","modified_gmt":"2022-12-20T14:15:33","slug":"canaleta-flexible-para-piscinas-astral-19-5-cm-28656","status":"publish","type":"product","link":"https:\/\/bonnettperu.net\/wp56\/producto\/canaleta-flexible-para-piscinas-astral-19-5-cm-28656\/","title":{"rendered":"CANALETA FLEXIBLE PARA PISCINAS PENTAIR MODELO ASTRAL"},"content":{"rendered":"<p><strong>Caracter\u00edsticas:<\/strong><\/p>\n<ul>\n<li>19.5 cent\u00edmetros<\/li>\n<li>Modelo 203 R201388<\/li>\n<li>8 Ruedca<\/li>\n<li>Soporte<\/li>\n<\/ul>\n","protected":false},"excerpt":{"rendered":"<p>Permite el tr\u00e1nsito de personas y drena la acumulaci\u00f3n de agua, disminuyendo el riesgo de ca\u00eddas.<\/p>\n","protected":false},"featured_media":3988,"comment_status":"open","ping_status":"closed","template":"","meta":{"_uag_custom_page_level_css":"","site-sidebar-layout":"default","site-content-layout":"default","ast-global-header-display":"","ast-banner-title-visibility":"","ast-main-header-display":"","ast-hfb-above-header-display":"","ast-hfb-below-header-display":"","ast-hfb-mobile-header-display":"","site-post-title":"","ast-breadcrumbs-content":"","ast-featured-img":"","footer-sml-layout":"","theme-transparent-header-meta":"default","adv-header-id-meta":"","stick-header-meta":"","header-above-stick-meta":"","header-main-stick-meta":"","header-below-stick-meta":""},"product_cat":[859,42],"product_tag":[],"uagb_featured_image_src":{"full":["https:\/\/bonnettperu.net\/wp56\/wp-content\/uploads\/2022\/09\/BKw9abZS8J6t0w78rAkpuP5iht01ForgJslP3Tgj.png",540,560,false],"thumbnail":["https:\/\/bonnettperu.net\/wp56\/wp-content\/uploads\/2022\/09\/BKw9abZS8J6t0w78rAkpuP5iht01ForgJslP3Tgj-150x150.png",150,150,true],"medium":["https:\/\/bonnettperu.net\/wp56\/wp-content\/uploads\/2022\/09\/BKw9abZS8J6t0w78rAkpuP5iht01ForgJslP3Tgj-289x300.png",289,300,true],"medium_large":["https:\/\/bonnettperu.net\/wp56\/wp-content\/uploads\/2022\/09\/BKw9abZS8J6t0w78rAkpuP5iht01ForgJslP3Tgj.png",540,560,false],"large":["https:\/\/bonnettperu.net\/wp56\/wp-content\/uploads\/2022\/09\/BKw9abZS8J6t0w78rAkpuP5iht01ForgJslP3Tgj.png",540,560,false],"gswps_product_thumb":["https:\/\/bonnettperu.net\/wp56\/wp-content\/uploads\/2022\/09\/BKw9abZS8J6t0w78rAkpuP5iht01ForgJslP3Tgj-350x363.png",350,363,true],"1536x1536":["https:\/\/bonnettperu.net\/wp56\/wp-content\/uploads\/2022\/09\/BKw9abZS8J6t0w78rAkpuP5iht01ForgJslP3Tgj.png",540,560,false],"2048x2048":["https:\/\/bonnettperu.net\/wp56\/wp-content\/uploads\/2022\/09\/BKw9abZS8J6t0w78rAkpuP5iht01ForgJslP3Tgj.png",540,560,false],"woocommerce_thumbnail":["https:\/\/bonnettperu.net\/wp56\/wp-content\/uploads\/2022\/09\/BKw9abZS8J6t0w78rAkpuP5iht01ForgJslP3Tgj-300x300.png",300,300,true],"woocommerce_single":["https:\/\/bonnettperu.net\/wp56\/wp-content\/uploads\/2022\/09\/BKw9abZS8J6t0w78rAkpuP5iht01ForgJslP3Tgj.png",540,560,false],"woocommerce_gallery_thumbnail":["https:\/\/bonnettperu.net\/wp56\/wp-content\/uploads\/2022\/09\/BKw9abZS8J6t0w78rAkpuP5iht01ForgJslP3Tgj-100x100.png",100,100,true],"dgwt-wcas-product-suggestion":["https:\/\/bonnettperu.net\/wp56\/wp-content\/uploads\/2022\/09\/BKw9abZS8J6t0w78rAkpuP5iht01ForgJslP3Tgj.png",64,66,false]},"uagb_author_info":{"display_name":"admin","author_link":"https:\/\/bonnettperu.net\/wp56\/author\/"},"uagb_comment_info":0,"uagb_excerpt":"Permite el tr\u00e1nsito de personas y drena la acumulaci\u00f3n de agua, disminuyendo el riesgo de ca\u00eddas.","_links":{"self":[{"href":"https:\/\/bonnettperu.net\/wp56\/wp-json\/wp\/v2\/product\/3087"}],"collection":[{"href":"https:\/\/bonnettperu.net\/wp56\/wp-json\/wp\/v2\/product"}],"about":[{"href":"https:\/\/bonnettperu.net\/wp56\/wp-json\/wp\/v2\/types\/product"}],"replies":[{"embeddable":true,"href":"https:\/\/bonnettperu.net\/wp56\/wp-json\/wp\/v2\/comments?post=3087"}],"wp:featuredmedia":[{"embeddable":true,"href":"https:\/\/bonnettperu.net\/wp56\/wp-json\/wp\/v2\/media\/3988"}],"wp:attachment":[{"href":"https:\/\/bonnettperu.net\/wp56\/wp-json\/wp\/v2\/media?parent=3087"}],"wp:term":[{"taxonomy":"product_cat","embeddable":true,"href":"https:\/\/bonnettperu.net\/wp56\/wp-json\/wp\/v2\/product_cat?post=3087"},{"taxonomy":"product_tag","embeddable":true,"href":"https:\/\/bonnettperu.net\/wp56\/wp-json\/wp\/v2\/product_tag?post=3087"}],"curies":[{"name":"wp","href":"https:\/\/api.w.org\/{rel}","templated":true}]}}