{"id":2992,"date":"2022-09-19T21:20:34","date_gmt":"2022-09-19T21:20:34","guid":{"rendered":"http:\/\/bonnettperu.net\/wp56\/?post_type=product&#038;p=2992"},"modified":"2022-12-26T15:43:59","modified_gmt":"2022-12-26T15:43:59","slug":"elctrobomba-de-turbina-vertical-ideal-modelo-vs82-4f-a-5-30-e-55-75hp-60hz","status":"publish","type":"product","link":"https:\/\/bonnettperu.net\/wp56\/producto\/elctrobomba-de-turbina-vertical-ideal-modelo-vs82-4f-a-5-30-e-55-75hp-60hz\/","title":{"rendered":"ELECTROBOMBA DE TURBINA VERTICAL IDEAL MODELO VS82\/4F-A\/5-30\/E-55 75HP 60HZ"},"content":{"rendered":"<p><strong>Caracter\u00edsticas:<\/strong><\/p>\n<ul>\n<li>220\/380V<\/li>\n<li>30x30M<\/li>\n<li>3550RPM<\/li>\n<li>COLUM 5&#8243;<\/li>\n<li>Potencia: hasta 450 HP<\/li>\n<li>Caudal: m\u00e1x.. 2000 m3\/h<\/li>\n<li>A.D.T.: 400 m.c.h.<\/li>\n<li>ID: 991001<\/li>\n<\/ul>\n<p>&nbsp;<\/p>\n","protected":false},"excerpt":{"rendered":"<p><a href=\"https:\/\/bonnettperu.net\/wp56\/wp-content\/uploads\/2022\/09\/Ficha-Tecnica-VS-VG.pdf\">Ficha T\u00e9cnica VS &#8211; VG<\/a><\/p>\n<p>La bomba centr\u00edfuga VS est\u00e1 compuesta de succi\u00f3n, impulsor y un cabezal de descarga.<\/p>\n<p>Para grandes elevaciones de l\u00edquidos en industrias, riegos, abastecimiento de agua, minas, productos petroqu\u00edmicos, instalaciones contra incendios, aire acondicionado, agua marina, etc.<\/p>\n","protected":false},"featured_media":3680,"comment_status":"open","ping_status":"closed","template":"","meta":{"_uag_custom_page_level_css":"","site-sidebar-layout":"default","site-content-layout":"default","ast-global-header-display":"","ast-banner-title-visibility":"","ast-main-header-display":"","ast-hfb-above-header-display":"","ast-hfb-below-header-display":"","ast-hfb-mobile-header-display":"","site-post-title":"","ast-breadcrumbs-content":"","ast-featured-img":"","footer-sml-layout":"","theme-transparent-header-meta":"default","adv-header-id-meta":"","stick-header-meta":"","header-above-stick-meta":"","header-main-stick-meta":"","header-below-stick-meta":""},"product_cat":[41,833,850],"product_tag":[],"uagb_featured_image_src":{"full":["https:\/\/bonnettperu.net\/wp56\/wp-content\/uploads\/2022\/09\/VS_Ideal.png",8164,8220,false],"thumbnail":["https:\/\/bonnettperu.net\/wp56\/wp-content\/uploads\/2022\/09\/VS_Ideal-150x150.png",150,150,true],"medium":["https:\/\/bonnettperu.net\/wp56\/wp-content\/uploads\/2022\/09\/VS_Ideal-298x300.png",298,300,true],"medium_large":["https:\/\/bonnettperu.net\/wp56\/wp-content\/uploads\/2022\/09\/VS_Ideal-768x773.png",768,773,true],"large":["https:\/\/bonnettperu.net\/wp56\/wp-content\/uploads\/2022\/09\/VS_Ideal-1017x1024.png",1017,1024,true],"gswps_product_thumb":["https:\/\/bonnettperu.net\/wp56\/wp-content\/uploads\/2022\/09\/VS_Ideal-350x352.png",350,352,true],"1536x1536":["https:\/\/bonnettperu.net\/wp56\/wp-content\/uploads\/2022\/09\/VS_Ideal-1526x1536.png",1526,1536,true],"2048x2048":["https:\/\/bonnettperu.net\/wp56\/wp-content\/uploads\/2022\/09\/VS_Ideal-2034x2048.png",2034,2048,true],"woocommerce_thumbnail":["https:\/\/bonnettperu.net\/wp56\/wp-content\/uploads\/2022\/09\/VS_Ideal-300x300.png",300,300,true],"woocommerce_single":["https:\/\/bonnettperu.net\/wp56\/wp-content\/uploads\/2022\/09\/VS_Ideal-600x604.png",600,604,true],"woocommerce_gallery_thumbnail":["https:\/\/bonnettperu.net\/wp56\/wp-content\/uploads\/2022\/09\/VS_Ideal-100x100.png",100,100,true],"dgwt-wcas-product-suggestion":["https:\/\/bonnettperu.net\/wp56\/wp-content\/uploads\/2022\/09\/VS_Ideal.png",64,64,false]},"uagb_author_info":{"display_name":"admin","author_link":"https:\/\/bonnettperu.net\/wp56\/author\/"},"uagb_comment_info":0,"uagb_excerpt":"Ficha T\u00e9cnica VS - VG La bomba centr\u00edfuga VS est\u00e1 compuesta de succi\u00f3n, impulsor y un cabezal de descarga. Para grandes elevaciones de l\u00edquidos en industrias, riegos, abastecimiento de agua, minas, productos petroqu\u00edmicos, instalaciones contra incendios, aire acondicionado, agua marina, etc.","_links":{"self":[{"href":"https:\/\/bonnettperu.net\/wp56\/wp-json\/wp\/v2\/product\/2992"}],"collection":[{"href":"https:\/\/bonnettperu.net\/wp56\/wp-json\/wp\/v2\/product"}],"about":[{"href":"https:\/\/bonnettperu.net\/wp56\/wp-json\/wp\/v2\/types\/product"}],"replies":[{"embeddable":true,"href":"https:\/\/bonnettperu.net\/wp56\/wp-json\/wp\/v2\/comments?post=2992"}],"wp:featuredmedia":[{"embeddable":true,"href":"https:\/\/bonnettperu.net\/wp56\/wp-json\/wp\/v2\/media\/3680"}],"wp:attachment":[{"href":"https:\/\/bonnettperu.net\/wp56\/wp-json\/wp\/v2\/media?parent=2992"}],"wp:term":[{"taxonomy":"product_cat","embeddable":true,"href":"https:\/\/bonnettperu.net\/wp56\/wp-json\/wp\/v2\/product_cat?post=2992"},{"taxonomy":"product_tag","embeddable":true,"href":"https:\/\/bonnettperu.net\/wp56\/wp-json\/wp\/v2\/product_tag?post=2992"}],"curies":[{"name":"wp","href":"https:\/\/api.w.org\/{rel}","templated":true}]}}