{"id":2982,"date":"2022-09-19T21:06:32","date_gmt":"2022-09-19T21:06:32","guid":{"rendered":"http:\/\/bonnettperu.net\/wp56\/?post_type=product&#038;p=2982"},"modified":"2022-12-21T20:25:44","modified_gmt":"2022-12-21T20:25:44","slug":"bomba-neumatica-de-engrase-actwell-modelo-s487-r","status":"publish","type":"product","link":"https:\/\/bonnettperu.net\/wp56\/producto\/bomba-neumatica-de-engrase-actwell-modelo-s487-r\/","title":{"rendered":"DISPENSADOR DE GRASA NEUM\u00c1TICO ACTWELL MODELO S487-R"},"content":{"rendered":"<p><strong>Caracter\u00edsticas:<\/strong><\/p>\n<ul>\n<li>16 kg<\/li>\n<li>Gatillo de precisi\u00f3n para facilitar la operaci\u00f3n<\/li>\n<li>Presi\u00f3n de trabajo recomendado: 4 &#8211; 9 kg\/cm\u00b2<\/li>\n<li>Suministro: 1.40 kg\/min<\/li>\n<\/ul>\n<p>&nbsp;<\/p>\n","protected":false},"excerpt":{"rendered":"<p><a href=\"https:\/\/bonnettperu.net\/wp56\/wp-content\/uploads\/2022\/09\/BombasEngrase-Neumatica-S43-Actwell-Bonnett-1.pdf\">FICHA T\u00c9CNICA ACTWELL DISPENSADOR DE GRASA NEUM\u00c1TICO S487<\/a><\/p>\n<p>El engrasador m\u00f3vil ActWell brinda una mayor resistencia y flujo continuo de operaci\u00f3n.<\/p>\n","protected":false},"featured_media":3778,"comment_status":"open","ping_status":"closed","template":"","meta":{"_uag_custom_page_level_css":"","site-sidebar-layout":"default","site-content-layout":"default","ast-global-header-display":"","ast-banner-title-visibility":"","ast-main-header-display":"","ast-hfb-above-header-display":"","ast-hfb-below-header-display":"","ast-hfb-mobile-header-display":"","site-post-title":"","ast-breadcrumbs-content":"","ast-featured-img":"","footer-sml-layout":"","theme-transparent-header-meta":"default","adv-header-id-meta":"","stick-header-meta":"","header-above-stick-meta":"","header-main-stick-meta":"","header-below-stick-meta":""},"product_cat":[70,882,838],"product_tag":[],"uagb_featured_image_src":{"full":["https:\/\/bonnettperu.net\/wp56\/wp-content\/uploads\/2022\/09\/S487-Actwell.jpg",1066,1272,false],"thumbnail":["https:\/\/bonnettperu.net\/wp56\/wp-content\/uploads\/2022\/09\/S487-Actwell-150x150.jpg",150,150,true],"medium":["https:\/\/bonnettperu.net\/wp56\/wp-content\/uploads\/2022\/09\/S487-Actwell-251x300.jpg",251,300,true],"medium_large":["https:\/\/bonnettperu.net\/wp56\/wp-content\/uploads\/2022\/09\/S487-Actwell-768x916.jpg",768,916,true],"large":["https:\/\/bonnettperu.net\/wp56\/wp-content\/uploads\/2022\/09\/S487-Actwell-858x1024.jpg",858,1024,true],"gswps_product_thumb":["https:\/\/bonnettperu.net\/wp56\/wp-content\/uploads\/2022\/09\/S487-Actwell-350x418.jpg",350,418,true],"1536x1536":["https:\/\/bonnettperu.net\/wp56\/wp-content\/uploads\/2022\/09\/S487-Actwell.jpg",1066,1272,false],"2048x2048":["https:\/\/bonnettperu.net\/wp56\/wp-content\/uploads\/2022\/09\/S487-Actwell.jpg",1066,1272,false],"woocommerce_thumbnail":["https:\/\/bonnettperu.net\/wp56\/wp-content\/uploads\/2022\/09\/S487-Actwell-300x300.jpg",300,300,true],"woocommerce_single":["https:\/\/bonnettperu.net\/wp56\/wp-content\/uploads\/2022\/09\/S487-Actwell-600x716.jpg",600,716,true],"woocommerce_gallery_thumbnail":["https:\/\/bonnettperu.net\/wp56\/wp-content\/uploads\/2022\/09\/S487-Actwell-100x100.jpg",100,100,true],"dgwt-wcas-product-suggestion":["https:\/\/bonnettperu.net\/wp56\/wp-content\/uploads\/2022\/09\/S487-Actwell.jpg",64,76,false]},"uagb_author_info":{"display_name":"admin","author_link":"https:\/\/bonnettperu.net\/wp56\/author\/"},"uagb_comment_info":0,"uagb_excerpt":"FICHA T\u00c9CNICA ACTWELL DISPENSADOR DE GRASA NEUM\u00c1TICO S487 El engrasador m\u00f3vil ActWell brinda una mayor resistencia y flujo continuo de operaci\u00f3n.","_links":{"self":[{"href":"https:\/\/bonnettperu.net\/wp56\/wp-json\/wp\/v2\/product\/2982"}],"collection":[{"href":"https:\/\/bonnettperu.net\/wp56\/wp-json\/wp\/v2\/product"}],"about":[{"href":"https:\/\/bonnettperu.net\/wp56\/wp-json\/wp\/v2\/types\/product"}],"replies":[{"embeddable":true,"href":"https:\/\/bonnettperu.net\/wp56\/wp-json\/wp\/v2\/comments?post=2982"}],"wp:featuredmedia":[{"embeddable":true,"href":"https:\/\/bonnettperu.net\/wp56\/wp-json\/wp\/v2\/media\/3778"}],"wp:attachment":[{"href":"https:\/\/bonnettperu.net\/wp56\/wp-json\/wp\/v2\/media?parent=2982"}],"wp:term":[{"taxonomy":"product_cat","embeddable":true,"href":"https:\/\/bonnettperu.net\/wp56\/wp-json\/wp\/v2\/product_cat?post=2982"},{"taxonomy":"product_tag","embeddable":true,"href":"https:\/\/bonnettperu.net\/wp56\/wp-json\/wp\/v2\/product_tag?post=2982"}],"curies":[{"name":"wp","href":"https:\/\/api.w.org\/{rel}","templated":true}]}}