{"id":2979,"date":"2022-09-19T20:43:03","date_gmt":"2022-09-19T20:43:03","guid":{"rendered":"http:\/\/bonnettperu.net\/wp56\/?post_type=product&#038;p=2979"},"modified":"2022-12-16T20:48:09","modified_gmt":"2022-12-16T20:48:09","slug":"reflectores-pentair-modelo-lights-intellibrite-spa-lt-led","status":"publish","type":"product","link":"https:\/\/bonnettperu.net\/wp56\/producto\/reflectores-pentair-modelo-lights-intellibrite-spa-lt-led\/","title":{"rendered":"REFLECTORES SPA PENTAIR MODELO INTELLIBRITE LED 23 WTS."},"content":{"rendered":"<p><strong>Caracter\u00edsticas:<\/strong><\/p>\n<ul>\n<li>30FT 12V<\/li>\n<li>Mezcla de colores combinados LED a velocidades variables<\/li>\n<li>Mayor eficiencia en el consumo de energ\u00eda del mercado con duraci\u00f3n de 30,000 horas o m\u00e1s<\/li>\n<li>La intensidad y el color se distribuyen m\u00e1s uniformemente por la piscina<\/li>\n<li>Cinco colores predeterminados: azul, verde, magenta, blanco y rojo<\/li>\n<li>Siete espect\u00e1culos de colores preprogramados<\/li>\n<\/ul>\n","protected":false},"excerpt":{"rendered":"<p><a href=\"https:\/\/bonnettperu.net\/wp56\/wp-content\/uploads\/2022\/09\/IntelliBrite_Spa_Light_Owners_Manual_English_Spanish-17-32.pdf\">IntelliBrite_Spa_Light_Owners_Manual_English_Spanish-17-32<\/a><\/p>\n<p><span>La tecnolog\u00eda LED es la ola del futuro en eficiencia energ\u00e9tica, valor de vida \u00fatil, calidad de la luz y la capacidad de controlarla.\u00a0<\/span><span>Con su reflector personalizado y su innovador dise\u00f1o de lente, la luz IntelliBrite 5G es una de las luces subacu\u00e1ticas m\u00e1s eficientes disponibles.<\/span><\/p>\n<p>&nbsp;<\/p>\n","protected":false},"featured_media":4118,"comment_status":"open","ping_status":"closed","template":"","meta":{"_uag_custom_page_level_css":"","site-sidebar-layout":"default","site-content-layout":"default","ast-global-header-display":"","ast-banner-title-visibility":"","ast-main-header-display":"","ast-hfb-above-header-display":"","ast-hfb-below-header-display":"","ast-hfb-mobile-header-display":"","site-post-title":"","ast-breadcrumbs-content":"","ast-featured-img":"","footer-sml-layout":"","theme-transparent-header-meta":"default","adv-header-id-meta":"","stick-header-meta":"","header-above-stick-meta":"","header-main-stick-meta":"","header-below-stick-meta":""},"product_cat":[858,42],"product_tag":[],"uagb_featured_image_src":{"full":["https:\/\/bonnettperu.net\/wp56\/wp-content\/uploads\/2022\/09\/Captura-10.png",320,271,false],"thumbnail":["https:\/\/bonnettperu.net\/wp56\/wp-content\/uploads\/2022\/09\/Captura-10-150x150.png",150,150,true],"medium":["https:\/\/bonnettperu.net\/wp56\/wp-content\/uploads\/2022\/09\/Captura-10-300x254.png",300,254,true],"medium_large":["https:\/\/bonnettperu.net\/wp56\/wp-content\/uploads\/2022\/09\/Captura-10.png",320,271,false],"large":["https:\/\/bonnettperu.net\/wp56\/wp-content\/uploads\/2022\/09\/Captura-10.png",320,271,false],"gswps_product_thumb":["https:\/\/bonnettperu.net\/wp56\/wp-content\/uploads\/2022\/09\/Captura-10.png",320,271,false],"1536x1536":["https:\/\/bonnettperu.net\/wp56\/wp-content\/uploads\/2022\/09\/Captura-10.png",320,271,false],"2048x2048":["https:\/\/bonnettperu.net\/wp56\/wp-content\/uploads\/2022\/09\/Captura-10.png",320,271,false],"woocommerce_thumbnail":["https:\/\/bonnettperu.net\/wp56\/wp-content\/uploads\/2022\/09\/Captura-10-300x271.png",300,271,true],"woocommerce_single":["https:\/\/bonnettperu.net\/wp56\/wp-content\/uploads\/2022\/09\/Captura-10.png",320,271,false],"woocommerce_gallery_thumbnail":["https:\/\/bonnettperu.net\/wp56\/wp-content\/uploads\/2022\/09\/Captura-10-100x100.png",100,100,true],"dgwt-wcas-product-suggestion":["https:\/\/bonnettperu.net\/wp56\/wp-content\/uploads\/2022\/09\/Captura-10.png",64,54,false]},"uagb_author_info":{"display_name":"admin","author_link":"https:\/\/bonnettperu.net\/wp56\/author\/"},"uagb_comment_info":0,"uagb_excerpt":"IntelliBrite_Spa_Light_Owners_Manual_English_Spanish-17-32 La tecnolog\u00eda LED es la ola del futuro en eficiencia energ\u00e9tica, valor de vida \u00fatil, calidad de la luz y la capacidad de controlarla.\u00a0Con su reflector personalizado y su innovador dise\u00f1o de lente, la luz IntelliBrite 5G es una de las luces subacu\u00e1ticas m\u00e1s eficientes disponibles. &nbsp;","_links":{"self":[{"href":"https:\/\/bonnettperu.net\/wp56\/wp-json\/wp\/v2\/product\/2979"}],"collection":[{"href":"https:\/\/bonnettperu.net\/wp56\/wp-json\/wp\/v2\/product"}],"about":[{"href":"https:\/\/bonnettperu.net\/wp56\/wp-json\/wp\/v2\/types\/product"}],"replies":[{"embeddable":true,"href":"https:\/\/bonnettperu.net\/wp56\/wp-json\/wp\/v2\/comments?post=2979"}],"wp:featuredmedia":[{"embeddable":true,"href":"https:\/\/bonnettperu.net\/wp56\/wp-json\/wp\/v2\/media\/4118"}],"wp:attachment":[{"href":"https:\/\/bonnettperu.net\/wp56\/wp-json\/wp\/v2\/media?parent=2979"}],"wp:term":[{"taxonomy":"product_cat","embeddable":true,"href":"https:\/\/bonnettperu.net\/wp56\/wp-json\/wp\/v2\/product_cat?post=2979"},{"taxonomy":"product_tag","embeddable":true,"href":"https:\/\/bonnettperu.net\/wp56\/wp-json\/wp\/v2\/product_tag?post=2979"}],"curies":[{"name":"wp","href":"https:\/\/api.w.org\/{rel}","templated":true}]}}