{"id":2976,"date":"2022-09-19T20:39:08","date_gmt":"2022-09-19T20:39:08","guid":{"rendered":"http:\/\/bonnettperu.net\/wp56\/?post_type=product&#038;p=2976"},"modified":"2022-12-21T21:32:03","modified_gmt":"2022-12-21T21:32:03","slug":"electrobomba-sumergible-pedrollo-modelo-fluid-solar-4-4","status":"publish","type":"product","link":"https:\/\/bonnettperu.net\/wp56\/producto\/electrobomba-sumergible-pedrollo-modelo-fluid-solar-4-4\/","title":{"rendered":"ELECTROBOMBA SUMERGIBLE PEDROLLO MODELO FLUID SOLAR 4\/4\u00a0"},"content":{"rendered":"<p><strong>Caracter\u00edsticas:<\/strong><\/p>\n<ul>\n<li>Incluye cuadro de control y Kit de Juntas<\/li>\n<li>Hechas para bombear agua limpia desde un pozo aprovechando la energ\u00eda proveniente de los m\u00f3dulos fotovoltaicos.<\/li>\n<li>El control electr\u00f3nico agregado integrado en el motor de alto rendimiento transforma la tensi\u00f3n en salida de los m\u00f3dulos y regula la velocidad de rotaci\u00f3n del motor de forma que se pueda aprovechar al m\u00e1ximo la energ\u00eda disponible en un determinado instante.<\/li>\n<li>En una jornada soleada se conseguir\u00e1 una velocidad de rotaci\u00f3n y prestaciones elevadas.<\/li>\n<li>En una jornada nublada la velocidad ser\u00e1 reducida y las prestaciones ser\u00e1n m\u00e1s bajas.<\/li>\n<\/ul>\n<p>&nbsp;<\/p>\n","protected":false},"excerpt":{"rendered":"<p><a href=\"https:\/\/bonnettperu.net\/wp56\/wp-content\/uploads\/2022\/09\/PEDROLLO_FLUID-SOLAR_ES_60Hz-1.pdf\">Ficha T\u00e9cnica FLUID SOLAR<\/a><\/p>\n<p>La electrobomba fluid solar puede trabajar directamente mediante la corriente continua generada por los paneles solares, ya que lleva un inversor encapsulado en el cuerpo de la bomba. El control electr\u00f3nico integrado en el motor de alto rendimiento transforma la tensi\u00f3n en salida de los m\u00f3dulos y regula la velocidad de rotaci\u00f3n del motor de forma que se pueda aprovechar al m\u00e1ximo la energ\u00eda disponible en un determinado instante.<\/p>\n","protected":false},"featured_media":3351,"comment_status":"open","ping_status":"closed","template":"","meta":{"_uag_custom_page_level_css":"","site-sidebar-layout":"default","site-content-layout":"default","ast-global-header-display":"","ast-banner-title-visibility":"","ast-main-header-display":"","ast-hfb-above-header-display":"","ast-hfb-below-header-display":"","ast-hfb-mobile-header-display":"","site-post-title":"","ast-breadcrumbs-content":"","ast-featured-img":"","footer-sml-layout":"","theme-transparent-header-meta":"default","adv-header-id-meta":"","stick-header-meta":"","header-above-stick-meta":"","header-main-stick-meta":"","header-below-stick-meta":""},"product_cat":[863,835,36,829,827],"product_tag":[],"uagb_featured_image_src":{"full":["https:\/\/bonnettperu.net\/wp56\/wp-content\/uploads\/2022\/09\/fluid-solar.jpg",1000,1000,false],"thumbnail":["https:\/\/bonnettperu.net\/wp56\/wp-content\/uploads\/2022\/09\/fluid-solar-150x150.jpg",150,150,true],"medium":["https:\/\/bonnettperu.net\/wp56\/wp-content\/uploads\/2022\/09\/fluid-solar-300x300.jpg",300,300,true],"medium_large":["https:\/\/bonnettperu.net\/wp56\/wp-content\/uploads\/2022\/09\/fluid-solar-768x768.jpg",768,768,true],"large":["https:\/\/bonnettperu.net\/wp56\/wp-content\/uploads\/2022\/09\/fluid-solar.jpg",1000,1000,false],"gswps_product_thumb":["https:\/\/bonnettperu.net\/wp56\/wp-content\/uploads\/2022\/09\/fluid-solar.jpg",350,350,false],"1536x1536":["https:\/\/bonnettperu.net\/wp56\/wp-content\/uploads\/2022\/09\/fluid-solar.jpg",1000,1000,false],"2048x2048":["https:\/\/bonnettperu.net\/wp56\/wp-content\/uploads\/2022\/09\/fluid-solar.jpg",1000,1000,false],"woocommerce_thumbnail":["https:\/\/bonnettperu.net\/wp56\/wp-content\/uploads\/2022\/09\/fluid-solar-300x300.jpg",300,300,true],"woocommerce_single":["https:\/\/bonnettperu.net\/wp56\/wp-content\/uploads\/2022\/09\/fluid-solar-600x600.jpg",600,600,true],"woocommerce_gallery_thumbnail":["https:\/\/bonnettperu.net\/wp56\/wp-content\/uploads\/2022\/09\/fluid-solar-100x100.jpg",100,100,true],"dgwt-wcas-product-suggestion":["https:\/\/bonnettperu.net\/wp56\/wp-content\/uploads\/2022\/09\/fluid-solar.jpg",64,64,false]},"uagb_author_info":{"display_name":"admin","author_link":"https:\/\/bonnettperu.net\/wp56\/author\/"},"uagb_comment_info":0,"uagb_excerpt":"Ficha T\u00e9cnica FLUID SOLAR La electrobomba fluid solar puede trabajar directamente mediante la corriente continua generada por los paneles solares, ya que lleva un inversor encapsulado en el cuerpo de la bomba. El control electr\u00f3nico integrado en el motor de alto rendimiento transforma la tensi\u00f3n en salida de los m\u00f3dulos y regula la velocidad de&hellip;","_links":{"self":[{"href":"https:\/\/bonnettperu.net\/wp56\/wp-json\/wp\/v2\/product\/2976"}],"collection":[{"href":"https:\/\/bonnettperu.net\/wp56\/wp-json\/wp\/v2\/product"}],"about":[{"href":"https:\/\/bonnettperu.net\/wp56\/wp-json\/wp\/v2\/types\/product"}],"replies":[{"embeddable":true,"href":"https:\/\/bonnettperu.net\/wp56\/wp-json\/wp\/v2\/comments?post=2976"}],"wp:featuredmedia":[{"embeddable":true,"href":"https:\/\/bonnettperu.net\/wp56\/wp-json\/wp\/v2\/media\/3351"}],"wp:attachment":[{"href":"https:\/\/bonnettperu.net\/wp56\/wp-json\/wp\/v2\/media?parent=2976"}],"wp:term":[{"taxonomy":"product_cat","embeddable":true,"href":"https:\/\/bonnettperu.net\/wp56\/wp-json\/wp\/v2\/product_cat?post=2976"},{"taxonomy":"product_tag","embeddable":true,"href":"https:\/\/bonnettperu.net\/wp56\/wp-json\/wp\/v2\/product_tag?post=2976"}],"curies":[{"name":"wp","href":"https:\/\/api.w.org\/{rel}","templated":true}]}}