{"id":2974,"date":"2022-09-19T20:24:06","date_gmt":"2022-09-19T20:24:06","guid":{"rendered":"http:\/\/bonnettperu.net\/wp56\/?post_type=product&#038;p=2974"},"modified":"2022-12-27T20:14:19","modified_gmt":"2022-12-27T20:14:19","slug":"electrobomba-vertical-multietapica-c-r-i-modelo-mvs-050-12-10-hp-3-ph","status":"publish","type":"product","link":"https:\/\/bonnettperu.net\/wp56\/producto\/electrobomba-vertical-multietapica-c-r-i-modelo-mvs-050-12-10-hp-3-ph\/","title":{"rendered":"ELECTROBOMBA VERTICAL MULTIET\u00c1PICA C.R.I. MODELO MVS-050\/12 10 HP. 3 ph."},"content":{"rendered":"<p><strong>Caracter\u00edsticas:<\/strong><\/p>\n<ul>\n<li>7.5 KW<\/li>\n<li>220\/380v.<\/li>\n<li>11\/2&#8243; x 11\/2&#8243;<\/li>\n<li>Eje de tama\u00f1o amplio hecha de acero inoxidable<\/li>\n<li>Temperatura: min. -15\u00b0C m\u00e1x.. 120\u00b0C<\/li>\n<li>Buena altura de succi\u00f3n y presi\u00f3n de trabajo.<\/li>\n<li>Piezas equilibradas, din\u00e1micas y r\u00edgidas.<\/li>\n<\/ul>\n","protected":false},"excerpt":{"rendered":"<p><a href=\"https:\/\/bonnettperu.net\/wp56\/wp-content\/uploads\/2022\/09\/Ficha-Tecnica-MVS.pdf\">Ficha T\u00e9cnica MVS<\/a><\/p>\n<p>Las electrobombas autocebantes CRI verticales est\u00e1n disponibles con la norma DIN. Sus componentes son resistentes a la corrosi\u00f3n y ofrecen el mejor rendimiento hidr\u00e1ulico.<\/p>\n","protected":false},"featured_media":3783,"comment_status":"open","ping_status":"closed","template":"","meta":{"_uag_custom_page_level_css":"","site-sidebar-layout":"default","site-content-layout":"default","ast-global-header-display":"","ast-banner-title-visibility":"","ast-main-header-display":"","ast-hfb-above-header-display":"","ast-hfb-below-header-display":"","ast-hfb-mobile-header-display":"","site-post-title":"","ast-breadcrumbs-content":"","ast-featured-img":"","footer-sml-layout":"","theme-transparent-header-meta":"default","adv-header-id-meta":"","stick-header-meta":"","header-above-stick-meta":"","header-main-stick-meta":"","header-below-stick-meta":""},"product_cat":[38,832,845,829,826],"product_tag":[],"uagb_featured_image_src":{"full":["https:\/\/bonnettperu.net\/wp56\/wp-content\/uploads\/2022\/09\/CRI-mvs.png",569,567,false],"thumbnail":["https:\/\/bonnettperu.net\/wp56\/wp-content\/uploads\/2022\/09\/CRI-mvs-150x150.png",150,150,true],"medium":["https:\/\/bonnettperu.net\/wp56\/wp-content\/uploads\/2022\/09\/CRI-mvs-300x300.png",300,300,true],"medium_large":["https:\/\/bonnettperu.net\/wp56\/wp-content\/uploads\/2022\/09\/CRI-mvs.png",569,567,false],"large":["https:\/\/bonnettperu.net\/wp56\/wp-content\/uploads\/2022\/09\/CRI-mvs.png",569,567,false],"gswps_product_thumb":["https:\/\/bonnettperu.net\/wp56\/wp-content\/uploads\/2022\/09\/CRI-mvs-350x349.png",350,349,true],"1536x1536":["https:\/\/bonnettperu.net\/wp56\/wp-content\/uploads\/2022\/09\/CRI-mvs.png",569,567,false],"2048x2048":["https:\/\/bonnettperu.net\/wp56\/wp-content\/uploads\/2022\/09\/CRI-mvs.png",569,567,false],"woocommerce_thumbnail":["https:\/\/bonnettperu.net\/wp56\/wp-content\/uploads\/2022\/09\/CRI-mvs-300x300.png",300,300,true],"woocommerce_single":["https:\/\/bonnettperu.net\/wp56\/wp-content\/uploads\/2022\/09\/CRI-mvs.png",569,567,false],"woocommerce_gallery_thumbnail":["https:\/\/bonnettperu.net\/wp56\/wp-content\/uploads\/2022\/09\/CRI-mvs-100x100.png",100,100,true],"dgwt-wcas-product-suggestion":["https:\/\/bonnettperu.net\/wp56\/wp-content\/uploads\/2022\/09\/CRI-mvs.png",64,64,false]},"uagb_author_info":{"display_name":"admin","author_link":"https:\/\/bonnettperu.net\/wp56\/author\/"},"uagb_comment_info":0,"uagb_excerpt":"Ficha T\u00e9cnica MVS Las electrobombas autocebantes CRI verticales est\u00e1n disponibles con la norma DIN. Sus componentes son resistentes a la corrosi\u00f3n y ofrecen el mejor rendimiento hidr\u00e1ulico.","_links":{"self":[{"href":"https:\/\/bonnettperu.net\/wp56\/wp-json\/wp\/v2\/product\/2974"}],"collection":[{"href":"https:\/\/bonnettperu.net\/wp56\/wp-json\/wp\/v2\/product"}],"about":[{"href":"https:\/\/bonnettperu.net\/wp56\/wp-json\/wp\/v2\/types\/product"}],"replies":[{"embeddable":true,"href":"https:\/\/bonnettperu.net\/wp56\/wp-json\/wp\/v2\/comments?post=2974"}],"wp:featuredmedia":[{"embeddable":true,"href":"https:\/\/bonnettperu.net\/wp56\/wp-json\/wp\/v2\/media\/3783"}],"wp:attachment":[{"href":"https:\/\/bonnettperu.net\/wp56\/wp-json\/wp\/v2\/media?parent=2974"}],"wp:term":[{"taxonomy":"product_cat","embeddable":true,"href":"https:\/\/bonnettperu.net\/wp56\/wp-json\/wp\/v2\/product_cat?post=2974"},{"taxonomy":"product_tag","embeddable":true,"href":"https:\/\/bonnettperu.net\/wp56\/wp-json\/wp\/v2\/product_tag?post=2974"}],"curies":[{"name":"wp","href":"https:\/\/api.w.org\/{rel}","templated":true}]}}