{"id":2943,"date":"2022-09-19T17:10:59","date_gmt":"2022-09-19T17:10:59","guid":{"rendered":"http:\/\/bonnettperu.net\/wp56\/?post_type=product&#038;p=2943"},"modified":"2023-06-02T16:55:29","modified_gmt":"2023-06-02T16:55:29","slug":"bomba-hidraulica-panelli-modelo-140-pr34-n-10-de-6-30-hp-descarga-3-npt","status":"publish","type":"product","link":"https:\/\/bonnettperu.net\/wp56\/producto\/bomba-hidraulica-panelli-modelo-140-pr34-n-10-de-6-30-hp-descarga-3-npt\/","title":{"rendered":"BOMBA HIDR\u00c1ULICA PANELLI 140 PR34 N\/ 10 DE 6&#8243; 30 HP. DESCARGA 3&#8243; NPT"},"content":{"rendered":"<p><strong>Ventajas:<\/strong><\/p>\n<ul>\n<li>Elevada eficiencias<\/li>\n<li>Elevada resistencia a la abrasi\u00f3n de la arena<\/li>\n<li>Durada de vida mas importante gracias a la calidad de los materiales y al concepto de<br \/>\nimpulsor flotante<\/li>\n<li>Manutenci\u00f3n m\u00ednima<\/li>\n<li>Componentes homologados F.D.A.<\/li>\n<\/ul>\n<p><strong>Materiales:<\/strong><\/p>\n<ul>\n<li>Rodete en technopolymero (Noryl).<\/li>\n<li>Difusor en technopolymero (Noryl).<\/li>\n<li>Elemento intermedio en Acero inoxidable AISI 304.<\/li>\n<li>Camisa externa en Acero inoxidable AISI 304.<\/li>\n<li>Cuerpo de aspiraci\u00f3n y cuerpo de impulsi\u00f3n en fundici\u00f3n hierro G25.<\/li>\n<li>V\u00e1lvula de retenci\u00f3n (bola de goma ) incorporada directamente <span style=\"font-size: 16px;\">dentro de la bomba.\u00a0<\/span><\/li>\n<\/ul>\n<p><strong>Prestaciones Hidr\u00e1ulicas:<\/strong><\/p>\n<ul>\n<li>Capacidad hasta 58 m\u00b3\/h. Altura manom\u00e9trica hasta 630 m. Potencia hasta 37 KW &#8211; 50<br \/>\nHP.<\/li>\n<li>Cantidad m\u00e1x. de arena contenida en el agua: 400 g\/m\u00b3<\/li>\n<\/ul>\n","protected":false},"excerpt":{"rendered":"<p><a href=\"https:\/\/grupobonnett.com\/wp-content\/uploads\/2022\/09\/ficha-tecnica-140-pr.pdf\">ficha t\u00e9cnica 140-pr<\/a><\/p>\n<p>Est\u00e1n dentro de la gama de las bombas sumergibles de 6\u2019\u2019, son las \u00fanicas en el mundo con rodete flotante. Este concepto innovador y patentado permite su uso en trabajos pesados y continuos sin renunciar a prestaciones y rendimientos al top de su segmento, con una notable competitividad del producto en toda su gama a nivel econ\u00f3mico.<br \/>\nConcebida para el bombeo de aguas limpias en aplicaciones civiles e industriales para el suministro de agua a nivel residencial, industrial, en grupos de presi\u00f3n, sistemas contra incendio, irrigaci\u00f3n y sistemas de agua p\u00fablica.<\/p>\n","protected":false},"featured_media":5502,"comment_status":"open","ping_status":"closed","template":"","meta":{"_uag_custom_page_level_css":"","site-sidebar-layout":"default","site-content-layout":"default","ast-global-header-display":"","ast-banner-title-visibility":"","ast-main-header-display":"","ast-hfb-above-header-display":"","ast-hfb-below-header-display":"","ast-hfb-mobile-header-display":"","site-post-title":"","ast-breadcrumbs-content":"","ast-featured-img":"","footer-sml-layout":"","theme-transparent-header-meta":"default","adv-header-id-meta":"","stick-header-meta":"","header-above-stick-meta":"","header-main-stick-meta":"","header-below-stick-meta":""},"product_cat":[57,829,830,826,847],"product_tag":[],"uagb_featured_image_src":{"full":["https:\/\/bonnettperu.net\/wp56\/wp-content\/uploads\/2023\/06\/PANELLI-WEB-06.png",2501,2501,false],"thumbnail":["https:\/\/bonnettperu.net\/wp56\/wp-content\/uploads\/2023\/06\/PANELLI-WEB-06-150x150.png",150,150,true],"medium":["https:\/\/bonnettperu.net\/wp56\/wp-content\/uploads\/2023\/06\/PANELLI-WEB-06-300x300.png",300,300,true],"medium_large":["https:\/\/bonnettperu.net\/wp56\/wp-content\/uploads\/2023\/06\/PANELLI-WEB-06-768x768.png",768,768,true],"large":["https:\/\/bonnettperu.net\/wp56\/wp-content\/uploads\/2023\/06\/PANELLI-WEB-06-1024x1024.png",1024,1024,true],"gswps_product_thumb":["https:\/\/bonnettperu.net\/wp56\/wp-content\/uploads\/2023\/06\/PANELLI-WEB-06-350x350.png",350,350,true],"1536x1536":["https:\/\/bonnettperu.net\/wp56\/wp-content\/uploads\/2023\/06\/PANELLI-WEB-06-1536x1536.png",1536,1536,true],"2048x2048":["https:\/\/bonnettperu.net\/wp56\/wp-content\/uploads\/2023\/06\/PANELLI-WEB-06-2048x2048.png",2048,2048,true],"woocommerce_thumbnail":["https:\/\/bonnettperu.net\/wp56\/wp-content\/uploads\/2023\/06\/PANELLI-WEB-06-300x300.png",300,300,true],"woocommerce_single":["https:\/\/bonnettperu.net\/wp56\/wp-content\/uploads\/2023\/06\/PANELLI-WEB-06-600x600.png",600,600,true],"woocommerce_gallery_thumbnail":["https:\/\/bonnettperu.net\/wp56\/wp-content\/uploads\/2023\/06\/PANELLI-WEB-06-100x100.png",100,100,true],"dgwt-wcas-product-suggestion":["https:\/\/bonnettperu.net\/wp56\/wp-content\/uploads\/2023\/06\/PANELLI-WEB-06-64x64.png",64,64,true]},"uagb_author_info":{"display_name":"admin","author_link":"https:\/\/bonnettperu.net\/wp56\/author\/"},"uagb_comment_info":0,"uagb_excerpt":"ficha t\u00e9cnica 140-pr Est\u00e1n dentro de la gama de las bombas sumergibles de 6\u2019\u2019, son las \u00fanicas en el mundo con rodete flotante. Este concepto innovador y patentado permite su uso en trabajos pesados y continuos sin renunciar a prestaciones y rendimientos al top de su segmento, con una notable competitividad del producto en toda&hellip;","_links":{"self":[{"href":"https:\/\/bonnettperu.net\/wp56\/wp-json\/wp\/v2\/product\/2943"}],"collection":[{"href":"https:\/\/bonnettperu.net\/wp56\/wp-json\/wp\/v2\/product"}],"about":[{"href":"https:\/\/bonnettperu.net\/wp56\/wp-json\/wp\/v2\/types\/product"}],"replies":[{"embeddable":true,"href":"https:\/\/bonnettperu.net\/wp56\/wp-json\/wp\/v2\/comments?post=2943"}],"wp:featuredmedia":[{"embeddable":true,"href":"https:\/\/bonnettperu.net\/wp56\/wp-json\/wp\/v2\/media\/5502"}],"wp:attachment":[{"href":"https:\/\/bonnettperu.net\/wp56\/wp-json\/wp\/v2\/media?parent=2943"}],"wp:term":[{"taxonomy":"product_cat","embeddable":true,"href":"https:\/\/bonnettperu.net\/wp56\/wp-json\/wp\/v2\/product_cat?post=2943"},{"taxonomy":"product_tag","embeddable":true,"href":"https:\/\/bonnettperu.net\/wp56\/wp-json\/wp\/v2\/product_tag?post=2943"}],"curies":[{"name":"wp","href":"https:\/\/api.w.org\/{rel}","templated":true}]}}