{"id":2932,"date":"2022-09-19T16:26:19","date_gmt":"2022-09-19T16:26:19","guid":{"rendered":"http:\/\/bonnettperu.net\/wp56\/?post_type=product&#038;p=2932"},"modified":"2022-11-11T20:35:07","modified_gmt":"2022-11-11T20:35:07","slug":"electrobomba-sumergible-pedrollo-modelo-bc-15-50-st-1-5hp-60hz","status":"publish","type":"product","link":"https:\/\/bonnettperu.net\/wp56\/producto\/electrobomba-sumergible-pedrollo-modelo-bc-15-50-st-1-5hp-60hz\/","title":{"rendered":"ELECTROBOMBA SUMERGIBLE PEDROLLO MODELO BC 15\/50-ST 1.5HP 60HZ"},"content":{"rendered":"<p><strong>Caracter\u00edsticas:<\/strong><\/p>\n<ul>\n<li>Trif\u00e1sica<\/li>\n<li>440V.<\/li>\n<li>Acero inoxidable<\/li>\n<\/ul>\n<p><strong>Campo de Prestaciones:<\/strong><\/p>\n<ul>\n<li>Caudal hasta 850 l\/min (51 m3\/h)<\/li>\n<li>Altura manom\u00e9trica hasta 16 m<\/li>\n<\/ul>\n<p><strong>L\u00edmites de uso:<\/strong><\/p>\n<ul>\n<li>Profundidad m\u00e1xima de uso hasta 5 m<\/li>\n<li>Temperatura m\u00e1xima del fluido hasta +40 \u00b0C<\/li>\n<li>Pasaje de cuerpos s\u00f3lidos en suspensi\u00f3n hasta \u00d8 50 mm<\/li>\n<li>Para servicio continuo nivel m\u00ednimo de inmersi\u00f3n:<br \/>\n\u2013 290 mm para BC 10\/50-ST<br \/>\n\u2013 330 mm para BC 15\/50-ST<br \/>\n\u2013 360 mm para BC 20\/50-ST<\/li>\n<\/ul>\n","protected":false},"excerpt":{"rendered":"<p><a href=\"https:\/\/bonnettperu.net\/wp56\/wp-content\/uploads\/2022\/09\/PEDROLLO_BC-ST_ES_60Hz-1.pdf\">Ficha T\u00e9cnica BC-ST<\/a><\/p>\n<p>Las bombas sumergibles en acero inoxidable BC-ST son aconsejables para el drenaje de aguas inmundas y cargadas en los sectores residencial, civil e industrial. Est\u00e1n equipadas con rodete BICANAL que permite el bombeo de l\u00edquidos con presencia de cuerpos s\u00f3lidos en suspensi\u00f3n de dimensiones hasta 50 mm de fibra corta.<br \/>\nSe recomienda para el bombeo de aguas de descarga y purines, aguas de superficie, agua mixta con fango y para su uso en casas de verano, peque\u00f1as viviendas individuales, habitaciones unifamiliares.<br \/>\nEstas bombas se caracterizan por su fiabilidad en las instalaciones fijas con funcionamiento autom\u00e1tico.<\/p>\n","protected":false},"featured_media":3357,"comment_status":"open","ping_status":"closed","template":"","meta":{"_uag_custom_page_level_css":"","site-sidebar-layout":"default","site-content-layout":"default","ast-global-header-display":"","ast-banner-title-visibility":"","ast-main-header-display":"","ast-hfb-above-header-display":"","ast-hfb-below-header-display":"","ast-hfb-mobile-header-display":"","site-post-title":"","ast-breadcrumbs-content":"","ast-featured-img":"","footer-sml-layout":"","theme-transparent-header-meta":"default","adv-header-id-meta":"","stick-header-meta":"","header-above-stick-meta":"","header-main-stick-meta":"","header-below-stick-meta":""},"product_cat":[36,830,826,827,847],"product_tag":[],"uagb_featured_image_src":{"full":["https:\/\/bonnettperu.net\/wp56\/wp-content\/uploads\/2022\/09\/BCm-01.jpg",1667,1667,false],"thumbnail":["https:\/\/bonnettperu.net\/wp56\/wp-content\/uploads\/2022\/09\/BCm-01-150x150.jpg",150,150,true],"medium":["https:\/\/bonnettperu.net\/wp56\/wp-content\/uploads\/2022\/09\/BCm-01-300x300.jpg",300,300,true],"medium_large":["https:\/\/bonnettperu.net\/wp56\/wp-content\/uploads\/2022\/09\/BCm-01-768x768.jpg",768,768,true],"large":["https:\/\/bonnettperu.net\/wp56\/wp-content\/uploads\/2022\/09\/BCm-01-1024x1024.jpg",1024,1024,true],"gswps_product_thumb":["https:\/\/bonnettperu.net\/wp56\/wp-content\/uploads\/2022\/09\/BCm-01.jpg",350,350,false],"1536x1536":["https:\/\/bonnettperu.net\/wp56\/wp-content\/uploads\/2022\/09\/BCm-01-1536x1536.jpg",1536,1536,true],"2048x2048":["https:\/\/bonnettperu.net\/wp56\/wp-content\/uploads\/2022\/09\/BCm-01.jpg",1667,1667,false],"woocommerce_thumbnail":["https:\/\/bonnettperu.net\/wp56\/wp-content\/uploads\/2022\/09\/BCm-01-300x300.jpg",300,300,true],"woocommerce_single":["https:\/\/bonnettperu.net\/wp56\/wp-content\/uploads\/2022\/09\/BCm-01-600x600.jpg",600,600,true],"woocommerce_gallery_thumbnail":["https:\/\/bonnettperu.net\/wp56\/wp-content\/uploads\/2022\/09\/BCm-01-100x100.jpg",100,100,true],"dgwt-wcas-product-suggestion":["https:\/\/bonnettperu.net\/wp56\/wp-content\/uploads\/2022\/09\/BCm-01.jpg",64,64,false]},"uagb_author_info":{"display_name":"admin","author_link":"https:\/\/bonnettperu.net\/wp56\/author\/"},"uagb_comment_info":0,"uagb_excerpt":"Ficha T\u00e9cnica BC-ST Las bombas sumergibles en acero inoxidable BC-ST son aconsejables para el drenaje de aguas inmundas y cargadas en los sectores residencial, civil e industrial. Est\u00e1n equipadas con rodete BICANAL que permite el bombeo de l\u00edquidos con presencia de cuerpos s\u00f3lidos en suspensi\u00f3n de dimensiones hasta 50 mm de fibra corta. Se recomienda&hellip;","_links":{"self":[{"href":"https:\/\/bonnettperu.net\/wp56\/wp-json\/wp\/v2\/product\/2932"}],"collection":[{"href":"https:\/\/bonnettperu.net\/wp56\/wp-json\/wp\/v2\/product"}],"about":[{"href":"https:\/\/bonnettperu.net\/wp56\/wp-json\/wp\/v2\/types\/product"}],"replies":[{"embeddable":true,"href":"https:\/\/bonnettperu.net\/wp56\/wp-json\/wp\/v2\/comments?post=2932"}],"wp:featuredmedia":[{"embeddable":true,"href":"https:\/\/bonnettperu.net\/wp56\/wp-json\/wp\/v2\/media\/3357"}],"wp:attachment":[{"href":"https:\/\/bonnettperu.net\/wp56\/wp-json\/wp\/v2\/media?parent=2932"}],"wp:term":[{"taxonomy":"product_cat","embeddable":true,"href":"https:\/\/bonnettperu.net\/wp56\/wp-json\/wp\/v2\/product_cat?post=2932"},{"taxonomy":"product_tag","embeddable":true,"href":"https:\/\/bonnettperu.net\/wp56\/wp-json\/wp\/v2\/product_tag?post=2932"}],"curies":[{"name":"wp","href":"https:\/\/api.w.org\/{rel}","templated":true}]}}