{"id":2923,"date":"2022-09-16T22:15:50","date_gmt":"2022-09-16T22:15:50","guid":{"rendered":"http:\/\/bonnettperu.net\/wp56\/?post_type=product&#038;p=2923"},"modified":"2022-11-11T20:50:56","modified_gmt":"2022-11-11T20:50:56","slug":"electrobomba-sumergible-pedrollo-modelo-vx15-35-mf-1-5-h-p-220v","status":"publish","type":"product","link":"https:\/\/bonnettperu.net\/wp56\/producto\/electrobomba-sumergible-pedrollo-modelo-vx15-35-mf-1-5-h-p-220v\/","title":{"rendered":"ELECTROBOMBA SUMERGIBLE PEDROLLO MODELO VX15-35-MF 1.5 H.P. 220V."},"content":{"rendered":"<p><strong>Caracter\u00edsticas:<\/strong><\/p>\n<ul>\n<li class=\"product-feature\">Tipo:\u00a0Aguas negras<\/li>\n<li class=\"product-feature\">Aplicaciones: residencial, civil, industrial<\/li>\n<li class=\"product-feature\">Usos: desag\u00fce, drenaje, movimiento de agua ligeramente sucia<\/li>\n<li class=\"product-feature\">Tipolog\u00eda:\u00a0sumergibles<\/li>\n<li class=\"product-feature\">Familia:\u00a0elevaci\u00f3n aguas cargadas<\/li>\n<\/ul>\n<p><strong>Campo de prestaciones:<\/strong><\/p>\n<ul>\n<li class=\"product-feature\"><span style=\"font-size: 16px;\">Caudal hasta 750 l\/min (45,0 m\u00b3\/h)<\/span><\/li>\n<li class=\"product-feature\"><span style=\"font-size: 16px;\">Altura manom\u00e9trica hasta 15,50 m<\/span><\/li>\n<\/ul>\n<p class=\"product-feature\"><strong style=\"font-size: 16px;\">L\u00edmites de empleo:<\/strong><\/p>\n<ul>\n<li><span class=\"feature-description\">Temperatura del l\u00edquido hasta +40 \u00b0C<\/span><\/li>\n<li>Profundidad m\u00e1xima de uso hasta 5 m (con cable de alimentaci\u00f3n de longitud adecuada)<\/li>\n<li>Pasaje m\u00e1ximo de cuerpos s\u00f3lidos en suspensi\u00f3n: hasta \u00d8 40 mm para VX \/35 y hasta \u00d8 50 mm para VX\/50<\/li>\n<li>Para servicio continuo nivel m\u00ednimo de inmersi\u00f3n: 290 mm para VX 8 e VX 10, 330 mm para VX 15, 360 mm para VX 20<\/li>\n<\/ul>\n","protected":false},"excerpt":{"rendered":"<p><a href=\"https:\/\/bonnettperu.net\/wp56\/wp-content\/uploads\/2022\/09\/PEDROLLO_VX_ES_60Hz-1.pdf\">Ficha T\u00e9cnica VX<\/a><\/p>\n<p>Las electrobombas VX son aconsejadas para el uso residencial, civil e industrial, en todos los casos en los cuales en las aguas est\u00e9n presentes cuerpos s\u00f3lidos en suspensi\u00f3n hasta \u00d8 50 mm, por ejemplo aguas subterr\u00e1neas, aguas de superficie, aguas inmundas y cargadas.<\/p>\n<p>Es aconsejable para el vaciado de ambientes inundados como: cantinas, garajes subterr\u00e1neos, \u00e1reas de autolavado, para el vaciado de pozos de aguas negras y para el vaciado de purines.<br \/>\nEstas bombas se caracterizan por su fiabilidad en las instalaciones fijas con funcionamiento autom\u00e1tico.<\/p>\n","protected":false},"featured_media":3359,"comment_status":"open","ping_status":"closed","template":"","meta":{"_uag_custom_page_level_css":"","site-sidebar-layout":"default","site-content-layout":"default","ast-global-header-display":"","ast-banner-title-visibility":"","ast-main-header-display":"","ast-hfb-above-header-display":"","ast-hfb-below-header-display":"","ast-hfb-mobile-header-display":"","site-post-title":"","ast-breadcrumbs-content":"","ast-featured-img":"","footer-sml-layout":"","theme-transparent-header-meta":"default","adv-header-id-meta":"","stick-header-meta":"","header-above-stick-meta":"","header-main-stick-meta":"","header-below-stick-meta":""},"product_cat":[832,36,830,826,827,847],"product_tag":[],"uagb_featured_image_src":{"full":["https:\/\/bonnettperu.net\/wp56\/wp-content\/uploads\/2022\/09\/vx-01.jpg",1667,1667,false],"thumbnail":["https:\/\/bonnettperu.net\/wp56\/wp-content\/uploads\/2022\/09\/vx-01-150x150.jpg",150,150,true],"medium":["https:\/\/bonnettperu.net\/wp56\/wp-content\/uploads\/2022\/09\/vx-01-300x300.jpg",300,300,true],"medium_large":["https:\/\/bonnettperu.net\/wp56\/wp-content\/uploads\/2022\/09\/vx-01-768x768.jpg",768,768,true],"large":["https:\/\/bonnettperu.net\/wp56\/wp-content\/uploads\/2022\/09\/vx-01-1024x1024.jpg",1024,1024,true],"gswps_product_thumb":["https:\/\/bonnettperu.net\/wp56\/wp-content\/uploads\/2022\/09\/vx-01.jpg",350,350,false],"1536x1536":["https:\/\/bonnettperu.net\/wp56\/wp-content\/uploads\/2022\/09\/vx-01-1536x1536.jpg",1536,1536,true],"2048x2048":["https:\/\/bonnettperu.net\/wp56\/wp-content\/uploads\/2022\/09\/vx-01.jpg",1667,1667,false],"woocommerce_thumbnail":["https:\/\/bonnettperu.net\/wp56\/wp-content\/uploads\/2022\/09\/vx-01-300x300.jpg",300,300,true],"woocommerce_single":["https:\/\/bonnettperu.net\/wp56\/wp-content\/uploads\/2022\/09\/vx-01-600x600.jpg",600,600,true],"woocommerce_gallery_thumbnail":["https:\/\/bonnettperu.net\/wp56\/wp-content\/uploads\/2022\/09\/vx-01-100x100.jpg",100,100,true],"dgwt-wcas-product-suggestion":["https:\/\/bonnettperu.net\/wp56\/wp-content\/uploads\/2022\/09\/vx-01.jpg",64,64,false]},"uagb_author_info":{"display_name":"admin","author_link":"https:\/\/bonnettperu.net\/wp56\/author\/"},"uagb_comment_info":0,"uagb_excerpt":"Ficha T\u00e9cnica VX Las electrobombas VX son aconsejadas para el uso residencial, civil e industrial, en todos los casos en los cuales en las aguas est\u00e9n presentes cuerpos s\u00f3lidos en suspensi\u00f3n hasta \u00d8 50 mm, por ejemplo aguas subterr\u00e1neas, aguas de superficie, aguas inmundas y cargadas. Es aconsejable para el vaciado de ambientes inundados como:&hellip;","_links":{"self":[{"href":"https:\/\/bonnettperu.net\/wp56\/wp-json\/wp\/v2\/product\/2923"}],"collection":[{"href":"https:\/\/bonnettperu.net\/wp56\/wp-json\/wp\/v2\/product"}],"about":[{"href":"https:\/\/bonnettperu.net\/wp56\/wp-json\/wp\/v2\/types\/product"}],"replies":[{"embeddable":true,"href":"https:\/\/bonnettperu.net\/wp56\/wp-json\/wp\/v2\/comments?post=2923"}],"wp:featuredmedia":[{"embeddable":true,"href":"https:\/\/bonnettperu.net\/wp56\/wp-json\/wp\/v2\/media\/3359"}],"wp:attachment":[{"href":"https:\/\/bonnettperu.net\/wp56\/wp-json\/wp\/v2\/media?parent=2923"}],"wp:term":[{"taxonomy":"product_cat","embeddable":true,"href":"https:\/\/bonnettperu.net\/wp56\/wp-json\/wp\/v2\/product_cat?post=2923"},{"taxonomy":"product_tag","embeddable":true,"href":"https:\/\/bonnettperu.net\/wp56\/wp-json\/wp\/v2\/product_tag?post=2923"}],"curies":[{"name":"wp","href":"https:\/\/api.w.org\/{rel}","templated":true}]}}