{"id":2903,"date":"2022-09-16T21:04:15","date_gmt":"2022-09-16T21:04:15","guid":{"rendered":"http:\/\/bonnettperu.net\/wp56\/?post_type=product&#038;p=2903"},"modified":"2022-11-11T21:07:55","modified_gmt":"2022-11-11T21:07:55","slug":"electrobomba-sumergible-pedrollo-modelo-mc40-70-4-0-h-p","status":"publish","type":"product","link":"https:\/\/bonnettperu.net\/wp56\/producto\/electrobomba-sumergible-pedrollo-modelo-mc40-70-4-0-h-p\/","title":{"rendered":"ELECTROBOMBA SUMERGIBLE PEDROLLO MODELO MC40\/70 4.0 h.p. 220V."},"content":{"rendered":"<p><strong>Caracter\u00edsticas:<\/strong><\/p>\n<ul>\n<li>3 kW<\/li>\n<\/ul>\n<p><strong>Campo de prestaciones:<\/strong><\/p>\n<ul>\n<li>Caudal hasta 1600 l\/ min (96 m\u00b3\/h)<\/li>\n<li>Altura manom\u00e9trica hasta 25 m<\/li>\n<\/ul>\n<p>&nbsp;<\/p>\n","protected":false},"excerpt":{"rendered":"<p><a href=\"https:\/\/bonnettperu.net\/wp56\/wp-content\/uploads\/2022\/09\/PEDROLLO_MC-50-70_ES_60Hz-1.pdf\">PEDROLLO_MC 50-70_ES_60Hz<\/a><\/p>\n<p>Las bombas sumergibles MC construidas en hierro fundido con espesor de material consistente, se caracterizan por una gran robustez, alta resistencia a ala abrasi\u00f3n y duraci\u00f3n en el tiempo. Equipajes con rodete tipo BICANAL. Son adecuadas para el drenaje de aguas con cuerpos s\u00f3lidos en suspensi\u00f3n con fibra corta.<\/p>\n<p>Son adecuadas para el manejo de aguas de descarga y cloacales, aguas mixtas con fango, aguas fre\u00e1ticas y aguas de superficie para uso en condominios, edificios, industrias, aparcamientos subterr\u00e1neos, zonas de lavado, etc.<\/p>\n","protected":false},"featured_media":3535,"comment_status":"open","ping_status":"closed","template":"","meta":{"_uag_custom_page_level_css":"","site-sidebar-layout":"default","site-content-layout":"default","ast-global-header-display":"","ast-banner-title-visibility":"","ast-main-header-display":"","ast-hfb-above-header-display":"","ast-hfb-below-header-display":"","ast-hfb-mobile-header-display":"","site-post-title":"","ast-breadcrumbs-content":"","ast-featured-img":"","footer-sml-layout":"","theme-transparent-header-meta":"default","adv-header-id-meta":"","stick-header-meta":"","header-above-stick-meta":"","header-main-stick-meta":"","header-below-stick-meta":""},"product_cat":[832,36,830,826,827,847],"product_tag":[],"uagb_featured_image_src":{"full":["https:\/\/bonnettperu.net\/wp56\/wp-content\/uploads\/2022\/09\/MC-Pedrollo-540x560-1.jpg",540,560,false],"thumbnail":["https:\/\/bonnettperu.net\/wp56\/wp-content\/uploads\/2022\/09\/MC-Pedrollo-540x560-1-150x150.jpg",150,150,true],"medium":["https:\/\/bonnettperu.net\/wp56\/wp-content\/uploads\/2022\/09\/MC-Pedrollo-540x560-1-289x300.jpg",289,300,true],"medium_large":["https:\/\/bonnettperu.net\/wp56\/wp-content\/uploads\/2022\/09\/MC-Pedrollo-540x560-1.jpg",540,560,false],"large":["https:\/\/bonnettperu.net\/wp56\/wp-content\/uploads\/2022\/09\/MC-Pedrollo-540x560-1.jpg",540,560,false],"gswps_product_thumb":["https:\/\/bonnettperu.net\/wp56\/wp-content\/uploads\/2022\/09\/MC-Pedrollo-540x560-1-350x363.jpg",350,363,true],"1536x1536":["https:\/\/bonnettperu.net\/wp56\/wp-content\/uploads\/2022\/09\/MC-Pedrollo-540x560-1.jpg",540,560,false],"2048x2048":["https:\/\/bonnettperu.net\/wp56\/wp-content\/uploads\/2022\/09\/MC-Pedrollo-540x560-1.jpg",540,560,false],"woocommerce_thumbnail":["https:\/\/bonnettperu.net\/wp56\/wp-content\/uploads\/2022\/09\/MC-Pedrollo-540x560-1-300x300.jpg",300,300,true],"woocommerce_single":["https:\/\/bonnettperu.net\/wp56\/wp-content\/uploads\/2022\/09\/MC-Pedrollo-540x560-1.jpg",540,560,false],"woocommerce_gallery_thumbnail":["https:\/\/bonnettperu.net\/wp56\/wp-content\/uploads\/2022\/09\/MC-Pedrollo-540x560-1-100x100.jpg",100,100,true],"dgwt-wcas-product-suggestion":["https:\/\/bonnettperu.net\/wp56\/wp-content\/uploads\/2022\/09\/MC-Pedrollo-540x560-1.jpg",64,66,false]},"uagb_author_info":{"display_name":"admin","author_link":"https:\/\/bonnettperu.net\/wp56\/author\/"},"uagb_comment_info":0,"uagb_excerpt":"PEDROLLO_MC 50-70_ES_60Hz Las bombas sumergibles MC construidas en hierro fundido con espesor de material consistente, se caracterizan por una gran robustez, alta resistencia a ala abrasi\u00f3n y duraci\u00f3n en el tiempo. Equipajes con rodete tipo BICANAL. Son adecuadas para el drenaje de aguas con cuerpos s\u00f3lidos en suspensi\u00f3n con fibra corta. Son adecuadas para el&hellip;","_links":{"self":[{"href":"https:\/\/bonnettperu.net\/wp56\/wp-json\/wp\/v2\/product\/2903"}],"collection":[{"href":"https:\/\/bonnettperu.net\/wp56\/wp-json\/wp\/v2\/product"}],"about":[{"href":"https:\/\/bonnettperu.net\/wp56\/wp-json\/wp\/v2\/types\/product"}],"replies":[{"embeddable":true,"href":"https:\/\/bonnettperu.net\/wp56\/wp-json\/wp\/v2\/comments?post=2903"}],"wp:featuredmedia":[{"embeddable":true,"href":"https:\/\/bonnettperu.net\/wp56\/wp-json\/wp\/v2\/media\/3535"}],"wp:attachment":[{"href":"https:\/\/bonnettperu.net\/wp56\/wp-json\/wp\/v2\/media?parent=2903"}],"wp:term":[{"taxonomy":"product_cat","embeddable":true,"href":"https:\/\/bonnettperu.net\/wp56\/wp-json\/wp\/v2\/product_cat?post=2903"},{"taxonomy":"product_tag","embeddable":true,"href":"https:\/\/bonnettperu.net\/wp56\/wp-json\/wp\/v2\/product_tag?post=2903"}],"curies":[{"name":"wp","href":"https:\/\/api.w.org\/{rel}","templated":true}]}}