{"id":2870,"date":"2022-09-16T17:32:40","date_gmt":"2022-09-16T17:32:40","guid":{"rendered":"http:\/\/bonnettperu.net\/wp56\/?post_type=product&#038;p=2870"},"modified":"2022-11-11T21:38:22","modified_gmt":"2022-11-11T21:38:22","slug":"electrobomba-sumergible-pedrollo-modelo-bc-10-50-st-de-1-0-hp","status":"publish","type":"product","link":"https:\/\/bonnettperu.net\/wp56\/producto\/electrobomba-sumergible-pedrollo-modelo-bc-10-50-st-de-1-0-hp\/","title":{"rendered":"ELECTROBOMBA SUMERGIBLE PEDROLLO MODELO BC 10\/50-ST DE 1.0 HP"},"content":{"rendered":"<p><strong>Caracter\u00edsticas:<\/strong><\/p>\n<ul>\n<li>\u00a0Acero inoxidable<\/li>\n<li>\u00a0Monof\u00e1sica<\/li>\n<li>Recomendadas para el drenaje de aguas sucias y cargadas en los sectores residencial y civil.<\/li>\n<li>Recomendadas para el bombeo de aguas de descarga y purines, aguas de superficie, agua mixta con fango en lugares como casas de verano, peque\u00f1as viviendas individuales.<\/li>\n<\/ul>\n","protected":false},"excerpt":{"rendered":"<p><a href=\"https:\/\/bonnettperu.net\/wp56\/wp-content\/uploads\/2022\/09\/PEDROLLO_BC-ST_ES_60Hz-1-1.pdf\">PEDROLLO_BC-ST_ES_60Hz (1)<\/a><\/p>\n<p>Las electrobombas sumergibles BC est\u00e1n equipadas con rodete Bicanal, el cual permite el bombeo de l\u00edquidos con presencia de cuerpos s\u00f3lidos en suspensi\u00f3n de dimensiones hasta 50 mm de fibra corta.<\/p>\n","protected":false},"featured_media":3389,"comment_status":"open","ping_status":"closed","template":"","meta":{"_uag_custom_page_level_css":"","site-sidebar-layout":"default","site-content-layout":"default","ast-global-header-display":"","ast-banner-title-visibility":"","ast-main-header-display":"","ast-hfb-above-header-display":"","ast-hfb-below-header-display":"","ast-hfb-mobile-header-display":"","site-post-title":"","ast-breadcrumbs-content":"","ast-featured-img":"","footer-sml-layout":"","theme-transparent-header-meta":"default","adv-header-id-meta":"","stick-header-meta":"","header-above-stick-meta":"","header-main-stick-meta":"","header-below-stick-meta":""},"product_cat":[832,36,829,830,826,847],"product_tag":[],"uagb_featured_image_src":{"full":["https:\/\/bonnettperu.net\/wp56\/wp-content\/uploads\/2022\/09\/BC-ST-foto-scaled.jpg",1593,2560,false],"thumbnail":["https:\/\/bonnettperu.net\/wp56\/wp-content\/uploads\/2022\/09\/BC-ST-foto-150x150.jpg",150,150,true],"medium":["https:\/\/bonnettperu.net\/wp56\/wp-content\/uploads\/2022\/09\/BC-ST-foto-187x300.jpg",187,300,true],"medium_large":["https:\/\/bonnettperu.net\/wp56\/wp-content\/uploads\/2022\/09\/BC-ST-foto-768x1234.jpg",768,1234,true],"large":["https:\/\/bonnettperu.net\/wp56\/wp-content\/uploads\/2022\/09\/BC-ST-foto-637x1024.jpg",637,1024,true],"gswps_product_thumb":["https:\/\/bonnettperu.net\/wp56\/wp-content\/uploads\/2022\/09\/BC-ST-foto-350x563.jpg",350,563,true],"1536x1536":["https:\/\/bonnettperu.net\/wp56\/wp-content\/uploads\/2022\/09\/BC-ST-foto-956x1536.jpg",956,1536,true],"2048x2048":["https:\/\/bonnettperu.net\/wp56\/wp-content\/uploads\/2022\/09\/BC-ST-foto-1274x2048.jpg",1274,2048,true],"woocommerce_thumbnail":["https:\/\/bonnettperu.net\/wp56\/wp-content\/uploads\/2022\/09\/BC-ST-foto-300x300.jpg",300,300,true],"woocommerce_single":["https:\/\/bonnettperu.net\/wp56\/wp-content\/uploads\/2022\/09\/BC-ST-foto-600x964.jpg",600,964,true],"woocommerce_gallery_thumbnail":["https:\/\/bonnettperu.net\/wp56\/wp-content\/uploads\/2022\/09\/BC-ST-foto-100x100.jpg",100,100,true],"dgwt-wcas-product-suggestion":["https:\/\/bonnettperu.net\/wp56\/wp-content\/uploads\/2022\/09\/BC-ST-foto-scaled.jpg",64,103,false]},"uagb_author_info":{"display_name":"admin","author_link":"https:\/\/bonnettperu.net\/wp56\/author\/"},"uagb_comment_info":0,"uagb_excerpt":"PEDROLLO_BC-ST_ES_60Hz (1) Las electrobombas sumergibles BC est\u00e1n equipadas con rodete Bicanal, el cual permite el bombeo de l\u00edquidos con presencia de cuerpos s\u00f3lidos en suspensi\u00f3n de dimensiones hasta 50 mm de fibra corta.","_links":{"self":[{"href":"https:\/\/bonnettperu.net\/wp56\/wp-json\/wp\/v2\/product\/2870"}],"collection":[{"href":"https:\/\/bonnettperu.net\/wp56\/wp-json\/wp\/v2\/product"}],"about":[{"href":"https:\/\/bonnettperu.net\/wp56\/wp-json\/wp\/v2\/types\/product"}],"replies":[{"embeddable":true,"href":"https:\/\/bonnettperu.net\/wp56\/wp-json\/wp\/v2\/comments?post=2870"}],"wp:featuredmedia":[{"embeddable":true,"href":"https:\/\/bonnettperu.net\/wp56\/wp-json\/wp\/v2\/media\/3389"}],"wp:attachment":[{"href":"https:\/\/bonnettperu.net\/wp56\/wp-json\/wp\/v2\/media?parent=2870"}],"wp:term":[{"taxonomy":"product_cat","embeddable":true,"href":"https:\/\/bonnettperu.net\/wp56\/wp-json\/wp\/v2\/product_cat?post=2870"},{"taxonomy":"product_tag","embeddable":true,"href":"https:\/\/bonnettperu.net\/wp56\/wp-json\/wp\/v2\/product_tag?post=2870"}],"curies":[{"name":"wp","href":"https:\/\/api.w.org\/{rel}","templated":true}]}}