{"id":2845,"date":"2022-09-16T16:17:17","date_gmt":"2022-09-16T16:17:17","guid":{"rendered":"http:\/\/bonnettperu.net\/wp56\/?post_type=product&#038;p=2845"},"modified":"2022-11-12T12:46:17","modified_gmt":"2022-11-12T12:46:17","slug":"electrobomba-sumergible-pedrollo-modelo-vx-40-40-4-0-h-p-60-hz","status":"publish","type":"product","link":"https:\/\/bonnettperu.net\/wp56\/producto\/electrobomba-sumergible-pedrollo-modelo-vx-40-40-4-0-h-p-60-hz\/","title":{"rendered":"ELECTROBOMBA SUMERGIBLE PEDROLLO MODELO VX 40\/40 4.0 h.p. 60 Hz."},"content":{"rendered":"<p><strong>Caracter\u00edsticas:<\/strong><\/p>\n<ul>\n<li>Trif\u00e1sica<\/li>\n<li>380 v.<\/li>\n<li class=\"product-feature\">Tipo :Aguas negras<\/li>\n<li class=\"product-feature\">Aplicaciones:\u00a0civil, industrial<\/li>\n<li class=\"product-feature\">Usos: desag\u00fce, drenaje, movimiento de agua ligeramente sucia<\/li>\n<li class=\"product-feature\">Familia: elevaci\u00f3n aguas cargadas<\/li>\n<\/ul>\n<p><strong>Campo de prestaciones:<\/strong><\/p>\n<ul>\n<li><span class=\"feature-description\">Caudal hasta\u00a01800 l\/min (108,0 m\u00b3\/h)<\/span><\/li>\n<li><span class=\"feature-description\">Altura manom\u00e9trica hasta\u00a026 m<\/span><\/li>\n<\/ul>\n","protected":false},"excerpt":{"rendered":"<p><a href=\"https:\/\/bonnettperu.net\/wp56\/wp-content\/uploads\/2022\/09\/PEDROLLO_VX-40-VX-50-VX-65_ES_60Hz-1.pdf\">FICHA TECNICA_PEDROLLO_VX 40 &#8211; VX 50 &#8211; VX 65_ES_60Hz (1)<\/a><\/p>\n<p>Las bombas de la serie VX, construidas en acero inoxidable y fundici\u00f3n de gran espesor, excepcional robustez, resistencia a la abrasi\u00f3n y durabilidad, est\u00e1n equipadas con un rodete tipo VORTEX, especialmente recomendado por la fiabilidad de funcionamiento y el bajo riesgo de obstrucci\u00f3n. Por lo tanto, son adecuadas para el drenaje de aguas cargadas, sucias, residuales, aguas mixtas con lodos, lodos reavivados y podridos.<br \/>\nSe recomiendan en todas las instalaciones para el bombeo de aguas negras con cuerpos s\u00f3lidos en suspensi\u00f3n hasta un di\u00e1metro de 80 mm, aguas residuales, aguas de lluvia, purines, aguas residuales urbanas, aguas residuales industriales.<br \/>\nEst\u00e1n indicadas para su instalaci\u00f3n en alcantarillas, t\u00faneles, excavaciones, canales, aparcamientos subterr\u00e1neos, etc.<\/p>\n<p>&nbsp;<\/p>\n","protected":false},"featured_media":3406,"comment_status":"open","ping_status":"closed","template":"","meta":{"_uag_custom_page_level_css":"","site-sidebar-layout":"default","site-content-layout":"default","ast-global-header-display":"","ast-banner-title-visibility":"","ast-main-header-display":"","ast-hfb-above-header-display":"","ast-hfb-below-header-display":"","ast-hfb-mobile-header-display":"","site-post-title":"","ast-breadcrumbs-content":"","ast-featured-img":"","footer-sml-layout":"","theme-transparent-header-meta":"default","adv-header-id-meta":"","stick-header-meta":"","header-above-stick-meta":"","header-main-stick-meta":"","header-below-stick-meta":""},"product_cat":[832,36,830,826,847],"product_tag":[],"uagb_featured_image_src":{"full":["https:\/\/bonnettperu.net\/wp56\/wp-content\/uploads\/2022\/09\/VX-50-foto-scaled.jpg",1706,2560,false],"thumbnail":["https:\/\/bonnettperu.net\/wp56\/wp-content\/uploads\/2022\/09\/VX-50-foto-150x150.jpg",150,150,true],"medium":["https:\/\/bonnettperu.net\/wp56\/wp-content\/uploads\/2022\/09\/VX-50-foto-200x300.jpg",200,300,true],"medium_large":["https:\/\/bonnettperu.net\/wp56\/wp-content\/uploads\/2022\/09\/VX-50-foto-768x1153.jpg",768,1153,true],"large":["https:\/\/bonnettperu.net\/wp56\/wp-content\/uploads\/2022\/09\/VX-50-foto-682x1024.jpg",682,1024,true],"gswps_product_thumb":["https:\/\/bonnettperu.net\/wp56\/wp-content\/uploads\/2022\/09\/VX-50-foto-350x525.jpg",350,525,true],"1536x1536":["https:\/\/bonnettperu.net\/wp56\/wp-content\/uploads\/2022\/09\/VX-50-foto-1023x1536.jpg",1023,1536,true],"2048x2048":["https:\/\/bonnettperu.net\/wp56\/wp-content\/uploads\/2022\/09\/VX-50-foto-1365x2048.jpg",1365,2048,true],"woocommerce_thumbnail":["https:\/\/bonnettperu.net\/wp56\/wp-content\/uploads\/2022\/09\/VX-50-foto-300x300.jpg",300,300,true],"woocommerce_single":["https:\/\/bonnettperu.net\/wp56\/wp-content\/uploads\/2022\/09\/VX-50-foto-600x900.jpg",600,900,true],"woocommerce_gallery_thumbnail":["https:\/\/bonnettperu.net\/wp56\/wp-content\/uploads\/2022\/09\/VX-50-foto-100x100.jpg",100,100,true],"dgwt-wcas-product-suggestion":["https:\/\/bonnettperu.net\/wp56\/wp-content\/uploads\/2022\/09\/VX-50-foto-scaled.jpg",64,96,false]},"uagb_author_info":{"display_name":"admin","author_link":"https:\/\/bonnettperu.net\/wp56\/author\/"},"uagb_comment_info":0,"uagb_excerpt":"FICHA TECNICA_PEDROLLO_VX 40 - VX 50 - VX 65_ES_60Hz (1) Las bombas de la serie VX, construidas en acero inoxidable y fundici\u00f3n de gran espesor, excepcional robustez, resistencia a la abrasi\u00f3n y durabilidad, est\u00e1n equipadas con un rodete tipo VORTEX, especialmente recomendado por la fiabilidad de funcionamiento y el bajo riesgo de obstrucci\u00f3n. Por lo&hellip;","_links":{"self":[{"href":"https:\/\/bonnettperu.net\/wp56\/wp-json\/wp\/v2\/product\/2845"}],"collection":[{"href":"https:\/\/bonnettperu.net\/wp56\/wp-json\/wp\/v2\/product"}],"about":[{"href":"https:\/\/bonnettperu.net\/wp56\/wp-json\/wp\/v2\/types\/product"}],"replies":[{"embeddable":true,"href":"https:\/\/bonnettperu.net\/wp56\/wp-json\/wp\/v2\/comments?post=2845"}],"wp:featuredmedia":[{"embeddable":true,"href":"https:\/\/bonnettperu.net\/wp56\/wp-json\/wp\/v2\/media\/3406"}],"wp:attachment":[{"href":"https:\/\/bonnettperu.net\/wp56\/wp-json\/wp\/v2\/media?parent=2845"}],"wp:term":[{"taxonomy":"product_cat","embeddable":true,"href":"https:\/\/bonnettperu.net\/wp56\/wp-json\/wp\/v2\/product_cat?post=2845"},{"taxonomy":"product_tag","embeddable":true,"href":"https:\/\/bonnettperu.net\/wp56\/wp-json\/wp\/v2\/product_tag?post=2845"}],"curies":[{"name":"wp","href":"https:\/\/api.w.org\/{rel}","templated":true}]}}