{"id":2814,"date":"2022-09-15T21:21:48","date_gmt":"2022-09-15T21:21:48","guid":{"rendered":"http:\/\/bonnettperu.net\/wp56\/?post_type=product&#038;p=2814"},"modified":"2022-11-12T12:53:53","modified_gmt":"2022-11-12T12:53:53","slug":"electrobomba-sumergible-pedrollo-modelo-top-multi-ii-0-75-h-p-60hz","status":"publish","type":"product","link":"https:\/\/bonnettperu.net\/wp56\/producto\/electrobomba-sumergible-pedrollo-modelo-top-multi-ii-0-75-h-p-60hz\/","title":{"rendered":"ELECTROBOMBA SUMERGIBLE PEDROLLO MODELO TOP MULTI II 0.75 h.p. 60HZ"},"content":{"rendered":"<p><strong>Caracter\u00edsticas:<\/strong><\/p>\n<ul>\n<li>220V<\/li>\n<li>Se recomiendan para bombear agua limpia y l\u00edquidos qu\u00edmicamente no agresivos para los materiales que forman parte de la bomba.<\/li>\n<li>Alto rendimiento y fiabilidad.<\/li>\n<li>Aptos para el abastecimiento h\u00eddrico residencial de tinas, dep\u00f3sitos o pozos relativamente profundos, para la extracci\u00f3n de lluvia de cisternas, para regar a mano, alimentar una instalaci\u00f3n de riesgo, etc.<\/li>\n<\/ul>\n<p>&nbsp;<\/p>\n","protected":false},"excerpt":{"rendered":"<p><a href=\"https:\/\/bonnettperu.net\/wp56\/wp-content\/uploads\/2022\/09\/PEDROLLO_TOP-MULTI_ES_60Hz-1.pdf\">FICHA TECNICA_PEDROLLO_TOP MULTI_ES_60Hz (1)<\/a><\/p>\n<p>Las electrobombas TOP MULTI son aptas para el abastecimiento h\u00eddrico residencial de tinas, dep\u00f3sitos o pozos relativamente profundos.<\/p>\n","protected":false},"featured_media":3437,"comment_status":"open","ping_status":"closed","template":"","meta":{"_uag_custom_page_level_css":"","site-sidebar-layout":"default","site-content-layout":"default","ast-global-header-display":"","ast-banner-title-visibility":"","ast-main-header-display":"","ast-hfb-above-header-display":"","ast-hfb-below-header-display":"","ast-hfb-mobile-header-display":"","site-post-title":"","ast-breadcrumbs-content":"","ast-featured-img":"","footer-sml-layout":"","theme-transparent-header-meta":"default","adv-header-id-meta":"","stick-header-meta":"","header-above-stick-meta":"","header-main-stick-meta":"","header-below-stick-meta":""},"product_cat":[832,36,830,827,847],"product_tag":[],"uagb_featured_image_src":{"full":["https:\/\/bonnettperu.net\/wp56\/wp-content\/uploads\/2022\/09\/TOP-MULTI-foto-scaled.jpg",1986,2560,false],"thumbnail":["https:\/\/bonnettperu.net\/wp56\/wp-content\/uploads\/2022\/09\/TOP-MULTI-foto-150x150.jpg",150,150,true],"medium":["https:\/\/bonnettperu.net\/wp56\/wp-content\/uploads\/2022\/09\/TOP-MULTI-foto-233x300.jpg",233,300,true],"medium_large":["https:\/\/bonnettperu.net\/wp56\/wp-content\/uploads\/2022\/09\/TOP-MULTI-foto-768x990.jpg",768,990,true],"large":["https:\/\/bonnettperu.net\/wp56\/wp-content\/uploads\/2022\/09\/TOP-MULTI-foto-795x1024.jpg",795,1024,true],"gswps_product_thumb":["https:\/\/bonnettperu.net\/wp56\/wp-content\/uploads\/2022\/09\/TOP-MULTI-foto-350x451.jpg",350,451,true],"1536x1536":["https:\/\/bonnettperu.net\/wp56\/wp-content\/uploads\/2022\/09\/TOP-MULTI-foto-1192x1536.jpg",1192,1536,true],"2048x2048":["https:\/\/bonnettperu.net\/wp56\/wp-content\/uploads\/2022\/09\/TOP-MULTI-foto-1589x2048.jpg",1589,2048,true],"woocommerce_thumbnail":["https:\/\/bonnettperu.net\/wp56\/wp-content\/uploads\/2022\/09\/TOP-MULTI-foto-300x300.jpg",300,300,true],"woocommerce_single":["https:\/\/bonnettperu.net\/wp56\/wp-content\/uploads\/2022\/09\/TOP-MULTI-foto-600x773.jpg",600,773,true],"woocommerce_gallery_thumbnail":["https:\/\/bonnettperu.net\/wp56\/wp-content\/uploads\/2022\/09\/TOP-MULTI-foto-100x100.jpg",100,100,true],"dgwt-wcas-product-suggestion":["https:\/\/bonnettperu.net\/wp56\/wp-content\/uploads\/2022\/09\/TOP-MULTI-foto-scaled.jpg",64,82,false]},"uagb_author_info":{"display_name":"admin","author_link":"https:\/\/bonnettperu.net\/wp56\/author\/"},"uagb_comment_info":0,"uagb_excerpt":"FICHA TECNICA_PEDROLLO_TOP MULTI_ES_60Hz (1) Las electrobombas TOP MULTI son aptas para el abastecimiento h\u00eddrico residencial de tinas, dep\u00f3sitos o pozos relativamente profundos.","_links":{"self":[{"href":"https:\/\/bonnettperu.net\/wp56\/wp-json\/wp\/v2\/product\/2814"}],"collection":[{"href":"https:\/\/bonnettperu.net\/wp56\/wp-json\/wp\/v2\/product"}],"about":[{"href":"https:\/\/bonnettperu.net\/wp56\/wp-json\/wp\/v2\/types\/product"}],"replies":[{"embeddable":true,"href":"https:\/\/bonnettperu.net\/wp56\/wp-json\/wp\/v2\/comments?post=2814"}],"wp:featuredmedia":[{"embeddable":true,"href":"https:\/\/bonnettperu.net\/wp56\/wp-json\/wp\/v2\/media\/3437"}],"wp:attachment":[{"href":"https:\/\/bonnettperu.net\/wp56\/wp-json\/wp\/v2\/media?parent=2814"}],"wp:term":[{"taxonomy":"product_cat","embeddable":true,"href":"https:\/\/bonnettperu.net\/wp56\/wp-json\/wp\/v2\/product_cat?post=2814"},{"taxonomy":"product_tag","embeddable":true,"href":"https:\/\/bonnettperu.net\/wp56\/wp-json\/wp\/v2\/product_tag?post=2814"}],"curies":[{"name":"wp","href":"https:\/\/api.w.org\/{rel}","templated":true}]}}