{"id":2811,"date":"2022-09-15T21:11:33","date_gmt":"2022-09-15T21:11:33","guid":{"rendered":"http:\/\/bonnettperu.net\/wp56\/?post_type=product&#038;p=2811"},"modified":"2022-12-20T16:46:11","modified_gmt":"2022-12-20T16:46:11","slug":"electrobomba-sumergible-ideal-modelo-d751-7-5-hp-60-hz","status":"publish","type":"product","link":"https:\/\/bonnettperu.net\/wp56\/producto\/electrobomba-sumergible-ideal-modelo-d751-7-5-hp-60-hz\/","title":{"rendered":"ELECTROBOMBA SUMERGIBLE IDEAL MODELO D751 7.5 HP. 60 HZ."},"content":{"rendered":"<p>Caracter\u00edsticas:<\/p>\n<ul>\n<li>Trif\u00e1sico<\/li>\n<li>400 V<\/li>\n<li>Dise\u00f1ados para trabajos duros en elevaci\u00f3n de aguas sucias sin supervisi\u00f3n.<\/li>\n<li>Resuelve todos los problemas de achique, incluso cuando el agua contenga barro, arena, etc.<\/li>\n<li>Formadas por una parte hidr\u00e1ulica y un motor el\u00e9ctrico.<\/li>\n<li>Robustez y ligereza<\/li>\n<li>Gran solidez y seguridad<\/li>\n<li>Gracias a sus rodamientos, eje sobredimensionados, sondas de humedad, temperatura, doble cierre mec\u00e1nico y c\u00e1mara de aceite, se pueden lubricar los cierres mec\u00e1nicos y proteger de las filtraciones de agua.<\/li>\n<li>Tratamiento de pintura mediante doble\u00a0 capa epoxi, reticulado con poliamida especial para la inmersi\u00f3n y los ambientes industriales agresivos.<\/li>\n<\/ul>\n","protected":false},"excerpt":{"rendered":"<p><a href=\"https:\/\/bonnettperu.net\/wp56\/wp-content\/uploads\/2022\/09\/Ficha-Tecnica-D.pdf\">Ficha T\u00e9cnica D<\/a><\/p>\n<p>La bomba sumergible modelo D resuelve todos los problemas de achique a\u00fan cuando el agua contenga barro, arena y otros. Recubierto de goma especial que evita el f\u00e1cil desgaste por impurezas.<\/p>\n","protected":false},"featured_media":3695,"comment_status":"open","ping_status":"closed","template":"","meta":{"_uag_custom_page_level_css":"","site-sidebar-layout":"default","site-content-layout":"default","ast-global-header-display":"","ast-banner-title-visibility":"","ast-main-header-display":"","ast-hfb-above-header-display":"","ast-hfb-below-header-display":"","ast-hfb-mobile-header-display":"","site-post-title":"","ast-breadcrumbs-content":"","ast-featured-img":"","footer-sml-layout":"","theme-transparent-header-meta":"default","adv-header-id-meta":"","stick-header-meta":"","header-above-stick-meta":"","header-main-stick-meta":"","header-below-stick-meta":""},"product_cat":[41,832,849],"product_tag":[],"uagb_featured_image_src":{"full":["https:\/\/bonnettperu.net\/wp56\/wp-content\/uploads\/2022\/09\/40807-17439697.jpg",800,800,false],"thumbnail":["https:\/\/bonnettperu.net\/wp56\/wp-content\/uploads\/2022\/09\/40807-17439697-150x150.jpg",150,150,true],"medium":["https:\/\/bonnettperu.net\/wp56\/wp-content\/uploads\/2022\/09\/40807-17439697-300x300.jpg",300,300,true],"medium_large":["https:\/\/bonnettperu.net\/wp56\/wp-content\/uploads\/2022\/09\/40807-17439697-768x768.jpg",768,768,true],"large":["https:\/\/bonnettperu.net\/wp56\/wp-content\/uploads\/2022\/09\/40807-17439697.jpg",800,800,false],"gswps_product_thumb":["https:\/\/bonnettperu.net\/wp56\/wp-content\/uploads\/2022\/09\/40807-17439697-350x350.jpg",350,350,true],"1536x1536":["https:\/\/bonnettperu.net\/wp56\/wp-content\/uploads\/2022\/09\/40807-17439697.jpg",800,800,false],"2048x2048":["https:\/\/bonnettperu.net\/wp56\/wp-content\/uploads\/2022\/09\/40807-17439697.jpg",800,800,false],"woocommerce_thumbnail":["https:\/\/bonnettperu.net\/wp56\/wp-content\/uploads\/2022\/09\/40807-17439697-300x300.jpg",300,300,true],"woocommerce_single":["https:\/\/bonnettperu.net\/wp56\/wp-content\/uploads\/2022\/09\/40807-17439697-600x600.jpg",600,600,true],"woocommerce_gallery_thumbnail":["https:\/\/bonnettperu.net\/wp56\/wp-content\/uploads\/2022\/09\/40807-17439697-100x100.jpg",100,100,true],"dgwt-wcas-product-suggestion":["https:\/\/bonnettperu.net\/wp56\/wp-content\/uploads\/2022\/09\/40807-17439697.jpg",64,64,false]},"uagb_author_info":{"display_name":"admin","author_link":"https:\/\/bonnettperu.net\/wp56\/author\/"},"uagb_comment_info":0,"uagb_excerpt":"Ficha T\u00e9cnica D La bomba sumergible modelo D resuelve todos los problemas de achique a\u00fan cuando el agua contenga barro, arena y otros. Recubierto de goma especial que evita el f\u00e1cil desgaste por impurezas.","_links":{"self":[{"href":"https:\/\/bonnettperu.net\/wp56\/wp-json\/wp\/v2\/product\/2811"}],"collection":[{"href":"https:\/\/bonnettperu.net\/wp56\/wp-json\/wp\/v2\/product"}],"about":[{"href":"https:\/\/bonnettperu.net\/wp56\/wp-json\/wp\/v2\/types\/product"}],"replies":[{"embeddable":true,"href":"https:\/\/bonnettperu.net\/wp56\/wp-json\/wp\/v2\/comments?post=2811"}],"wp:featuredmedia":[{"embeddable":true,"href":"https:\/\/bonnettperu.net\/wp56\/wp-json\/wp\/v2\/media\/3695"}],"wp:attachment":[{"href":"https:\/\/bonnettperu.net\/wp56\/wp-json\/wp\/v2\/media?parent=2811"}],"wp:term":[{"taxonomy":"product_cat","embeddable":true,"href":"https:\/\/bonnettperu.net\/wp56\/wp-json\/wp\/v2\/product_cat?post=2811"},{"taxonomy":"product_tag","embeddable":true,"href":"https:\/\/bonnettperu.net\/wp56\/wp-json\/wp\/v2\/product_tag?post=2811"}],"curies":[{"name":"wp","href":"https:\/\/api.w.org\/{rel}","templated":true}]}}