{"id":2796,"date":"2022-09-15T20:15:51","date_gmt":"2022-09-15T20:15:51","guid":{"rendered":"http:\/\/bonnettperu.net\/wp56\/?post_type=product&#038;p=2796"},"modified":"2022-12-20T16:57:34","modified_gmt":"2022-12-20T16:57:34","slug":"camara-seca-ideal-modelo-ars-100-20c-14cr-14hp-1736-rpm-60hz","status":"publish","type":"product","link":"https:\/\/bonnettperu.net\/wp56\/producto\/camara-seca-ideal-modelo-ars-100-20c-14cr-14hp-1736-rpm-60hz\/","title":{"rendered":"C\u00c1MARA SECA IDEAL MODELO ARS 100-20C\/14CR 14HP 1736 RPM. 60HZ"},"content":{"rendered":"<p>Caracter\u00edsticas:<\/p>\n<ul>\n<li>Bomba sumergible<\/li>\n<li>220-380V<\/li>\n<li>Incluye kit de soporte<\/li>\n<\/ul>\n","protected":false},"excerpt":{"rendered":"<p><a href=\"https:\/\/bonnettperu.net\/wp56\/wp-content\/uploads\/2022\/09\/Ficha-Tecnica-ARS.pdf\">Ficha T\u00e9cnica ARS<\/a><\/p>\n<p>Bomba de agua residual con las mismas prestaciones que las bombas sumergidas ARS, pero se emplean en c\u00e1mara seca en posici\u00f3n horizontal, mediante un par de soportes, o vertical, sobre una base de aspiraci\u00f3n lo que reduce al minino el espacio que ocupan estas bombas en una instalaci\u00f3n.<\/p>\n","protected":false},"featured_media":3698,"comment_status":"open","ping_status":"closed","template":"","meta":{"_uag_custom_page_level_css":"","site-sidebar-layout":"default","site-content-layout":"default","ast-global-header-display":"","ast-banner-title-visibility":"","ast-main-header-display":"","ast-hfb-above-header-display":"","ast-hfb-below-header-display":"","ast-hfb-mobile-header-display":"","site-post-title":"","ast-breadcrumbs-content":"","ast-featured-img":"","footer-sml-layout":"","theme-transparent-header-meta":"default","adv-header-id-meta":"","stick-header-meta":"","header-above-stick-meta":"","header-main-stick-meta":"","header-below-stick-meta":""},"product_cat":[41,832,849],"product_tag":[],"uagb_featured_image_src":{"full":["https:\/\/bonnettperu.net\/wp56\/wp-content\/uploads\/2022\/09\/Residuales-Serie-ARS-camara-humeda-ideal.png",400,339,false],"thumbnail":["https:\/\/bonnettperu.net\/wp56\/wp-content\/uploads\/2022\/09\/Residuales-Serie-ARS-camara-humeda-ideal-150x150.png",150,150,true],"medium":["https:\/\/bonnettperu.net\/wp56\/wp-content\/uploads\/2022\/09\/Residuales-Serie-ARS-camara-humeda-ideal-300x254.png",300,254,true],"medium_large":["https:\/\/bonnettperu.net\/wp56\/wp-content\/uploads\/2022\/09\/Residuales-Serie-ARS-camara-humeda-ideal.png",400,339,false],"large":["https:\/\/bonnettperu.net\/wp56\/wp-content\/uploads\/2022\/09\/Residuales-Serie-ARS-camara-humeda-ideal.png",400,339,false],"gswps_product_thumb":["https:\/\/bonnettperu.net\/wp56\/wp-content\/uploads\/2022\/09\/Residuales-Serie-ARS-camara-humeda-ideal-350x297.png",350,297,true],"1536x1536":["https:\/\/bonnettperu.net\/wp56\/wp-content\/uploads\/2022\/09\/Residuales-Serie-ARS-camara-humeda-ideal.png",400,339,false],"2048x2048":["https:\/\/bonnettperu.net\/wp56\/wp-content\/uploads\/2022\/09\/Residuales-Serie-ARS-camara-humeda-ideal.png",400,339,false],"woocommerce_thumbnail":["https:\/\/bonnettperu.net\/wp56\/wp-content\/uploads\/2022\/09\/Residuales-Serie-ARS-camara-humeda-ideal-300x300.png",300,300,true],"woocommerce_single":["https:\/\/bonnettperu.net\/wp56\/wp-content\/uploads\/2022\/09\/Residuales-Serie-ARS-camara-humeda-ideal.png",400,339,false],"woocommerce_gallery_thumbnail":["https:\/\/bonnettperu.net\/wp56\/wp-content\/uploads\/2022\/09\/Residuales-Serie-ARS-camara-humeda-ideal-100x100.png",100,100,true],"dgwt-wcas-product-suggestion":["https:\/\/bonnettperu.net\/wp56\/wp-content\/uploads\/2022\/09\/Residuales-Serie-ARS-camara-humeda-ideal.png",64,54,false]},"uagb_author_info":{"display_name":"admin","author_link":"https:\/\/bonnettperu.net\/wp56\/author\/"},"uagb_comment_info":0,"uagb_excerpt":"Ficha T\u00e9cnica ARS Bomba de agua residual con las mismas prestaciones que las bombas sumergidas ARS, pero se emplean en c\u00e1mara seca en posici\u00f3n horizontal, mediante un par de soportes, o vertical, sobre una base de aspiraci\u00f3n lo que reduce al minino el espacio que ocupan estas bombas en una instalaci\u00f3n.","_links":{"self":[{"href":"https:\/\/bonnettperu.net\/wp56\/wp-json\/wp\/v2\/product\/2796"}],"collection":[{"href":"https:\/\/bonnettperu.net\/wp56\/wp-json\/wp\/v2\/product"}],"about":[{"href":"https:\/\/bonnettperu.net\/wp56\/wp-json\/wp\/v2\/types\/product"}],"replies":[{"embeddable":true,"href":"https:\/\/bonnettperu.net\/wp56\/wp-json\/wp\/v2\/comments?post=2796"}],"wp:featuredmedia":[{"embeddable":true,"href":"https:\/\/bonnettperu.net\/wp56\/wp-json\/wp\/v2\/media\/3698"}],"wp:attachment":[{"href":"https:\/\/bonnettperu.net\/wp56\/wp-json\/wp\/v2\/media?parent=2796"}],"wp:term":[{"taxonomy":"product_cat","embeddable":true,"href":"https:\/\/bonnettperu.net\/wp56\/wp-json\/wp\/v2\/product_cat?post=2796"},{"taxonomy":"product_tag","embeddable":true,"href":"https:\/\/bonnettperu.net\/wp56\/wp-json\/wp\/v2\/product_tag?post=2796"}],"curies":[{"name":"wp","href":"https:\/\/api.w.org\/{rel}","templated":true}]}}