{"id":2780,"date":"2022-09-15T19:37:10","date_gmt":"2022-09-15T19:37:10","guid":{"rendered":"http:\/\/bonnettperu.net\/wp56\/?post_type=product&#038;p=2780"},"modified":"2022-12-26T16:23:38","modified_gmt":"2022-12-26T16:23:38","slug":"equipo-de-presurizacion-automatico-pedrollo-modelo-dg-ped-5-de-1-5-hp","status":"publish","type":"product","link":"https:\/\/bonnettperu.net\/wp56\/producto\/equipo-de-presurizacion-automatico-pedrollo-modelo-dg-ped-5-de-1-5-hp\/","title":{"rendered":"EQUIPO DE PRESURIZACI\u00d3N AUTOM\u00c1TICO PEDROLLO MODELO DG PED 5\u00a0 DE 1.5 HP."},"content":{"rendered":"<p>Caracter\u00edsticas:<\/p>\n<ul>\n<li>230V.<\/li>\n<li>50-60HZ<\/li>\n<li>Mantiene constante la presi\u00f3n de la instalaci\u00f3n regulando la velocidad de la bomba en funci\u00f3n de la demanda del agua.<\/li>\n<li>Controla los par\u00e1metros de funcionamiento hidr\u00e1ulicos y el\u00e9ctricos y protege la electrobomba de posibles anomal\u00edas.<\/li>\n<li>Puede ser dotado de placa de expansi\u00f3n que permite trabajar con dos equipos en paralelo en los grupos de bombeo y permite manejar se\u00f1ales en entra y en salida.<\/li>\n<li>Se adapta a todo tipo de instalaci\u00f3n de presurizaci\u00f3n ya existente.<\/li>\n<li>Limita la corriente de arranque y de funcionamiento para garantizar un mayor ahorro de energ\u00eda.<\/li>\n<\/ul>\n<p>&nbsp;<\/p>\n","protected":false},"excerpt":{"rendered":"<p><a href=\"https:\/\/bonnettperu.net\/wp56\/wp-content\/uploads\/2022\/09\/PEDROLLO_DG-PED_ES_60Hz-1.pdf\">FICHA TECNICA_PEDROLLO_DG PED_ES_60Hz (1)<\/a><\/p>\n<p>Sistema de presurizaci\u00f3n autom\u00e1tico con inversor compuesto por: electrobomba multirodete autocebante de alta eficiencia; tanque de expansi\u00f3n, sensores de presi\u00f3n y de flujo; v\u00e1lvula antirretorno.<\/p>\n<ul>\n<li><strong>Usos<\/strong>: Residencial<\/li>\n<li><strong>Tipolog\u00eda<\/strong>: Electrobomba con inversor.<\/li>\n<li><strong>Familia<\/strong>:\u00a0autocebante<\/li>\n<\/ul>\n","protected":false},"featured_media":3439,"comment_status":"open","ping_status":"closed","template":"","meta":{"_uag_custom_page_level_css":"","site-sidebar-layout":"default","site-content-layout":"default","ast-global-header-display":"","ast-banner-title-visibility":"","ast-main-header-display":"","ast-hfb-above-header-display":"","ast-hfb-below-header-display":"","ast-hfb-mobile-header-display":"","site-post-title":"","ast-breadcrumbs-content":"","ast-featured-img":"","footer-sml-layout":"","theme-transparent-header-meta":"default","adv-header-id-meta":"","stick-header-meta":"","header-above-stick-meta":"","header-main-stick-meta":"","header-below-stick-meta":""},"product_cat":[841,36,830,827],"product_tag":[],"uagb_featured_image_src":{"full":["https:\/\/bonnettperu.net\/wp56\/wp-content\/uploads\/2022\/09\/pedrollo_DG-PED_2019_10_09-para-web.png",540,560,false],"thumbnail":["https:\/\/bonnettperu.net\/wp56\/wp-content\/uploads\/2022\/09\/pedrollo_DG-PED_2019_10_09-para-web-150x150.png",150,150,true],"medium":["https:\/\/bonnettperu.net\/wp56\/wp-content\/uploads\/2022\/09\/pedrollo_DG-PED_2019_10_09-para-web-289x300.png",289,300,true],"medium_large":["https:\/\/bonnettperu.net\/wp56\/wp-content\/uploads\/2022\/09\/pedrollo_DG-PED_2019_10_09-para-web.png",540,560,false],"large":["https:\/\/bonnettperu.net\/wp56\/wp-content\/uploads\/2022\/09\/pedrollo_DG-PED_2019_10_09-para-web.png",540,560,false],"gswps_product_thumb":["https:\/\/bonnettperu.net\/wp56\/wp-content\/uploads\/2022\/09\/pedrollo_DG-PED_2019_10_09-para-web-350x363.png",350,363,true],"1536x1536":["https:\/\/bonnettperu.net\/wp56\/wp-content\/uploads\/2022\/09\/pedrollo_DG-PED_2019_10_09-para-web.png",540,560,false],"2048x2048":["https:\/\/bonnettperu.net\/wp56\/wp-content\/uploads\/2022\/09\/pedrollo_DG-PED_2019_10_09-para-web.png",540,560,false],"woocommerce_thumbnail":["https:\/\/bonnettperu.net\/wp56\/wp-content\/uploads\/2022\/09\/pedrollo_DG-PED_2019_10_09-para-web-300x300.png",300,300,true],"woocommerce_single":["https:\/\/bonnettperu.net\/wp56\/wp-content\/uploads\/2022\/09\/pedrollo_DG-PED_2019_10_09-para-web.png",540,560,false],"woocommerce_gallery_thumbnail":["https:\/\/bonnettperu.net\/wp56\/wp-content\/uploads\/2022\/09\/pedrollo_DG-PED_2019_10_09-para-web-100x100.png",100,100,true],"dgwt-wcas-product-suggestion":["https:\/\/bonnettperu.net\/wp56\/wp-content\/uploads\/2022\/09\/pedrollo_DG-PED_2019_10_09-para-web.png",64,66,false]},"uagb_author_info":{"display_name":"admin","author_link":"https:\/\/bonnettperu.net\/wp56\/author\/"},"uagb_comment_info":0,"uagb_excerpt":"FICHA TECNICA_PEDROLLO_DG PED_ES_60Hz (1) Sistema de presurizaci\u00f3n autom\u00e1tico con inversor compuesto por: electrobomba multirodete autocebante de alta eficiencia; tanque de expansi\u00f3n, sensores de presi\u00f3n y de flujo; v\u00e1lvula antirretorno. Usos: Residencial Tipolog\u00eda: Electrobomba con inversor. Familia:\u00a0autocebante","_links":{"self":[{"href":"https:\/\/bonnettperu.net\/wp56\/wp-json\/wp\/v2\/product\/2780"}],"collection":[{"href":"https:\/\/bonnettperu.net\/wp56\/wp-json\/wp\/v2\/product"}],"about":[{"href":"https:\/\/bonnettperu.net\/wp56\/wp-json\/wp\/v2\/types\/product"}],"replies":[{"embeddable":true,"href":"https:\/\/bonnettperu.net\/wp56\/wp-json\/wp\/v2\/comments?post=2780"}],"wp:featuredmedia":[{"embeddable":true,"href":"https:\/\/bonnettperu.net\/wp56\/wp-json\/wp\/v2\/media\/3439"}],"wp:attachment":[{"href":"https:\/\/bonnettperu.net\/wp56\/wp-json\/wp\/v2\/media?parent=2780"}],"wp:term":[{"taxonomy":"product_cat","embeddable":true,"href":"https:\/\/bonnettperu.net\/wp56\/wp-json\/wp\/v2\/product_cat?post=2780"},{"taxonomy":"product_tag","embeddable":true,"href":"https:\/\/bonnettperu.net\/wp56\/wp-json\/wp\/v2\/product_tag?post=2780"}],"curies":[{"name":"wp","href":"https:\/\/api.w.org\/{rel}","templated":true}]}}