{"id":2777,"date":"2022-09-15T17:53:52","date_gmt":"2022-09-15T17:53:52","guid":{"rendered":"http:\/\/bonnettperu.net\/wp56\/?post_type=product&#038;p=2777"},"modified":"2022-11-14T15:57:13","modified_gmt":"2022-11-14T15:57:13","slug":"reflector-emux-elcomp-n-99-leds-10w-12v-color-rgb-inc-nicho-90-lux-88048379","status":"publish","type":"product","link":"https:\/\/bonnettperu.net\/wp56\/producto\/reflector-emux-elcomp-n-99-leds-10w-12v-color-rgb-inc-nicho-90-lux-88048379\/","title":{"rendered":"REFLECTOR EMUX ELCOMP-N 99 LEDS 10W\/12V COLOR RGB INC. NICHO  90 LUX (88048379)"},"content":{"rendered":"","protected":false},"excerpt":{"rendered":"<p><a href=\"https:\/\/bonnettperu.net\/wp56\/wp-content\/uploads\/2022\/09\/Ficha-Tecnica_E-Lumen_Compact_Light_Lighting.pdf\">Ficha T\u00e9cnica_E-Lumen_Compact_Light_Lighting<\/a><\/p>\n<p><span class=\"selectable-text copyable-text\">E-Lumen Compact Light viene con el panel LED relleno de resina. Su uso eficiente de la energ\u00eda ofrece una gran iluminaci\u00f3n a un bajo consumo de energ\u00eda. El E-Lumen Compact est\u00e1 disponible en dos modelos: la versi\u00f3n sin nicho est\u00e1 dise\u00f1ada para piscinas con paneles de fibra de vidrio o acero, mientras que la versi\u00f3n con nicho es adecuada para la instalaci\u00f3n de piscinas de hormig\u00f3n.<\/span><\/p>\n","protected":false},"featured_media":3984,"comment_status":"open","ping_status":"closed","template":"","meta":{"_uag_custom_page_level_css":"","site-sidebar-layout":"default","site-content-layout":"default","ast-global-header-display":"","ast-banner-title-visibility":"","ast-main-header-display":"","ast-hfb-above-header-display":"","ast-hfb-below-header-display":"","ast-hfb-mobile-header-display":"","site-post-title":"","ast-breadcrumbs-content":"","ast-featured-img":"","footer-sml-layout":"","theme-transparent-header-meta":"default","adv-header-id-meta":"","stick-header-meta":"","header-above-stick-meta":"","header-main-stick-meta":"","header-below-stick-meta":""},"product_cat":[46,858,834],"product_tag":[],"uagb_featured_image_src":{"full":["https:\/\/bonnettperu.net\/wp56\/wp-content\/uploads\/2022\/09\/REFLECTOR-ELCOMP-N-LED.jpg",431,378,false],"thumbnail":["https:\/\/bonnettperu.net\/wp56\/wp-content\/uploads\/2022\/09\/REFLECTOR-ELCOMP-N-LED-150x150.jpg",150,150,true],"medium":["https:\/\/bonnettperu.net\/wp56\/wp-content\/uploads\/2022\/09\/REFLECTOR-ELCOMP-N-LED-300x263.jpg",300,263,true],"medium_large":["https:\/\/bonnettperu.net\/wp56\/wp-content\/uploads\/2022\/09\/REFLECTOR-ELCOMP-N-LED.jpg",431,378,false],"large":["https:\/\/bonnettperu.net\/wp56\/wp-content\/uploads\/2022\/09\/REFLECTOR-ELCOMP-N-LED.jpg",431,378,false],"gswps_product_thumb":["https:\/\/bonnettperu.net\/wp56\/wp-content\/uploads\/2022\/09\/REFLECTOR-ELCOMP-N-LED-350x307.jpg",350,307,true],"1536x1536":["https:\/\/bonnettperu.net\/wp56\/wp-content\/uploads\/2022\/09\/REFLECTOR-ELCOMP-N-LED.jpg",431,378,false],"2048x2048":["https:\/\/bonnettperu.net\/wp56\/wp-content\/uploads\/2022\/09\/REFLECTOR-ELCOMP-N-LED.jpg",431,378,false],"woocommerce_thumbnail":["https:\/\/bonnettperu.net\/wp56\/wp-content\/uploads\/2022\/09\/REFLECTOR-ELCOMP-N-LED-300x300.jpg",300,300,true],"woocommerce_single":["https:\/\/bonnettperu.net\/wp56\/wp-content\/uploads\/2022\/09\/REFLECTOR-ELCOMP-N-LED.jpg",431,378,false],"woocommerce_gallery_thumbnail":["https:\/\/bonnettperu.net\/wp56\/wp-content\/uploads\/2022\/09\/REFLECTOR-ELCOMP-N-LED-100x100.jpg",100,100,true],"dgwt-wcas-product-suggestion":["https:\/\/bonnettperu.net\/wp56\/wp-content\/uploads\/2022\/09\/REFLECTOR-ELCOMP-N-LED.jpg",64,56,false]},"uagb_author_info":{"display_name":"admin","author_link":"https:\/\/bonnettperu.net\/wp56\/author\/"},"uagb_comment_info":0,"uagb_excerpt":"Ficha T\u00e9cnica_E-Lumen_Compact_Light_Lighting E-Lumen Compact Light viene con el panel LED relleno de resina. Su uso eficiente de la energ\u00eda ofrece una gran iluminaci\u00f3n a un bajo consumo de energ\u00eda. El E-Lumen Compact est\u00e1 disponible en dos modelos: la versi\u00f3n sin nicho est\u00e1 dise\u00f1ada para piscinas con paneles de fibra de vidrio o acero, mientras que&hellip;","_links":{"self":[{"href":"https:\/\/bonnettperu.net\/wp56\/wp-json\/wp\/v2\/product\/2777"}],"collection":[{"href":"https:\/\/bonnettperu.net\/wp56\/wp-json\/wp\/v2\/product"}],"about":[{"href":"https:\/\/bonnettperu.net\/wp56\/wp-json\/wp\/v2\/types\/product"}],"replies":[{"embeddable":true,"href":"https:\/\/bonnettperu.net\/wp56\/wp-json\/wp\/v2\/comments?post=2777"}],"wp:featuredmedia":[{"embeddable":true,"href":"https:\/\/bonnettperu.net\/wp56\/wp-json\/wp\/v2\/media\/3984"}],"wp:attachment":[{"href":"https:\/\/bonnettperu.net\/wp56\/wp-json\/wp\/v2\/media?parent=2777"}],"wp:term":[{"taxonomy":"product_cat","embeddable":true,"href":"https:\/\/bonnettperu.net\/wp56\/wp-json\/wp\/v2\/product_cat?post=2777"},{"taxonomy":"product_tag","embeddable":true,"href":"https:\/\/bonnettperu.net\/wp56\/wp-json\/wp\/v2\/product_tag?post=2777"}],"curies":[{"name":"wp","href":"https:\/\/api.w.org\/{rel}","templated":true}]}}