{"id":2772,"date":"2022-09-15T17:38:54","date_gmt":"2022-09-15T17:38:54","guid":{"rendered":"http:\/\/bonnettperu.net\/wp56\/?post_type=product&#038;p=2772"},"modified":"2023-06-02T16:53:41","modified_gmt":"2023-06-02T16:53:41","slug":"electrobomba-multietapica-pedrollo-modelo-plurijet-4-100-1-0-h-p","status":"publish","type":"product","link":"https:\/\/bonnettperu.net\/wp56\/producto\/electrobomba-multietapica-pedrollo-modelo-plurijet-4-100-1-0-h-p\/","title":{"rendered":"ELECTROBOMBA MULTIET\u00c1PICA PEDROLLO PLURIJET 4\/100 1.0 h.p."},"content":{"rendered":"<p>Caracter\u00edsticas:<\/p>\n<ul>\n<li>220-380v.<\/li>\n<li dir=\"auto\">Altura de aspiraci\u00f3n manom\u00e9trica hasta 9m (HS)<\/li>\n<li dir=\"auto\">Temperatura de liquido de -10\u00b0C hasta +40\u00b0C<\/li>\n<li dir=\"auto\">Temperatura de ambiente hasta +40\u00b0C<\/li>\n<li dir=\"auto\">Presi\u00f3n m\u00e1xima en el cuerpo de la bomba 10 bar<\/li>\n<\/ul>\n","protected":false},"excerpt":{"rendered":"<p><a href=\"https:\/\/grupobonnett.com\/wp-content\/uploads\/2022\/09\/PEDROLLO_PLURIJET-80-100_ES_60Hz-1.pdf\">FICHA TECNICA_PEDROLLO_PLURIJET 80-100_ES_60Hz (1)<\/a><\/p>\n<p>Las electrobombas autocebantes PLURIJET 90-130-200 son recomendadas para sistemas de presi\u00f3n constante, velocidad variable y sistemas de recirculaci\u00f3n. Son aconsejables para el sector industrial y agr\u00edcola.<\/p>\n","protected":false},"featured_media":5500,"comment_status":"open","ping_status":"closed","template":"","meta":{"_uag_custom_page_level_css":"","site-sidebar-layout":"default","site-content-layout":"default","ast-global-header-display":"","ast-banner-title-visibility":"","ast-main-header-display":"","ast-hfb-above-header-display":"","ast-hfb-below-header-display":"","ast-hfb-mobile-header-display":"","site-post-title":"","ast-breadcrumbs-content":"","ast-featured-img":"","footer-sml-layout":"","theme-transparent-header-meta":"default","adv-header-id-meta":"","stick-header-meta":"","header-above-stick-meta":"","header-main-stick-meta":"","header-below-stick-meta":""},"product_cat":[832,898,36,830,827],"product_tag":[],"uagb_featured_image_src":{"full":["https:\/\/bonnettperu.net\/wp56\/wp-content\/uploads\/2023\/06\/PLURIJET-1.png",600,600,false],"thumbnail":["https:\/\/bonnettperu.net\/wp56\/wp-content\/uploads\/2023\/06\/PLURIJET-1-150x150.png",150,150,true],"medium":["https:\/\/bonnettperu.net\/wp56\/wp-content\/uploads\/2023\/06\/PLURIJET-1-300x300.png",300,300,true],"medium_large":["https:\/\/bonnettperu.net\/wp56\/wp-content\/uploads\/2023\/06\/PLURIJET-1.png",600,600,false],"large":["https:\/\/bonnettperu.net\/wp56\/wp-content\/uploads\/2023\/06\/PLURIJET-1.png",600,600,false],"gswps_product_thumb":["https:\/\/bonnettperu.net\/wp56\/wp-content\/uploads\/2023\/06\/PLURIJET-1-350x350.png",350,350,true],"1536x1536":["https:\/\/bonnettperu.net\/wp56\/wp-content\/uploads\/2023\/06\/PLURIJET-1.png",600,600,false],"2048x2048":["https:\/\/bonnettperu.net\/wp56\/wp-content\/uploads\/2023\/06\/PLURIJET-1.png",600,600,false],"woocommerce_thumbnail":["https:\/\/bonnettperu.net\/wp56\/wp-content\/uploads\/2023\/06\/PLURIJET-1-300x300.png",300,300,true],"woocommerce_single":["https:\/\/bonnettperu.net\/wp56\/wp-content\/uploads\/2023\/06\/PLURIJET-1.png",600,600,false],"woocommerce_gallery_thumbnail":["https:\/\/bonnettperu.net\/wp56\/wp-content\/uploads\/2023\/06\/PLURIJET-1-100x100.png",100,100,true],"dgwt-wcas-product-suggestion":["https:\/\/bonnettperu.net\/wp56\/wp-content\/uploads\/2023\/06\/PLURIJET-1-64x64.png",64,64,true]},"uagb_author_info":{"display_name":"admin","author_link":"https:\/\/bonnettperu.net\/wp56\/author\/"},"uagb_comment_info":0,"uagb_excerpt":"FICHA TECNICA_PEDROLLO_PLURIJET 80-100_ES_60Hz (1) Las electrobombas autocebantes PLURIJET 90-130-200 son recomendadas para sistemas de presi\u00f3n constante, velocidad variable y sistemas de recirculaci\u00f3n. Son aconsejables para el sector industrial y agr\u00edcola.","_links":{"self":[{"href":"https:\/\/bonnettperu.net\/wp56\/wp-json\/wp\/v2\/product\/2772"}],"collection":[{"href":"https:\/\/bonnettperu.net\/wp56\/wp-json\/wp\/v2\/product"}],"about":[{"href":"https:\/\/bonnettperu.net\/wp56\/wp-json\/wp\/v2\/types\/product"}],"replies":[{"embeddable":true,"href":"https:\/\/bonnettperu.net\/wp56\/wp-json\/wp\/v2\/comments?post=2772"}],"wp:featuredmedia":[{"embeddable":true,"href":"https:\/\/bonnettperu.net\/wp56\/wp-json\/wp\/v2\/media\/5500"}],"wp:attachment":[{"href":"https:\/\/bonnettperu.net\/wp56\/wp-json\/wp\/v2\/media?parent=2772"}],"wp:term":[{"taxonomy":"product_cat","embeddable":true,"href":"https:\/\/bonnettperu.net\/wp56\/wp-json\/wp\/v2\/product_cat?post=2772"},{"taxonomy":"product_tag","embeddable":true,"href":"https:\/\/bonnettperu.net\/wp56\/wp-json\/wp\/v2\/product_tag?post=2772"}],"curies":[{"name":"wp","href":"https:\/\/api.w.org\/{rel}","templated":true}]}}