{"id":2766,"date":"2022-09-15T17:09:42","date_gmt":"2022-09-15T17:09:42","guid":{"rendered":"http:\/\/bonnettperu.net\/wp56\/?post_type=product&#038;p=2766"},"modified":"2023-06-02T16:53:38","modified_gmt":"2023-06-02T16:53:38","slug":"electrobomba-centrifuga-pedrollo-modelo-cp-670m-60-hz","status":"publish","type":"product","link":"https:\/\/bonnettperu.net\/wp56\/producto\/electrobomba-centrifuga-pedrollo-modelo-cp-670m-60-hz\/","title":{"rendered":"ELECTROBOMBA CENTR\u00cdFUGA PEDROLLO CP 670M 60 Hz."},"content":{"rendered":"<p><strong>Caracter\u00edsticas:<\/strong><\/p>\n<ul>\n<li>220-380v.<\/li>\n<li>Impulsor inoxidable<\/li>\n<li>3.0 h.p.<\/li>\n<li>Recomendadas para bombear agua limpia sin part\u00edculas abrasivas y l\u00edquidos qu\u00edmicamente no agresivos con los materiales que constituye la bomba.<\/li>\n<li>Por su confiabilidad y simplicidad, se utilizan en el sector residencial y civil.<\/li>\n<\/ul>\n","protected":false},"excerpt":{"rendered":"<p><a href=\"https:\/\/grupobonnett.com\/wp-content\/uploads\/2022\/09\/PEDROLLO_CP-0.25-2.2-kW_ES_60Hz-1.pdf\">FICHA TECNICA_PEDROLLO_CP 0.25-2.2 kW_ES_60Hz (1)<\/a><\/p>\n<p>La electrobomba CP es utilizada para la distribuci\u00f3n del agua acopladas a peque\u00f1os o medianos tanques autoclaves, para el vaciado o irrigaci\u00f3n de huertos o jardines.<\/p>\n<p>La instalaci\u00f3n debe realizarse en lugares cerrados o protegidos de la intemperie.<\/p>\n","protected":false},"featured_media":5463,"comment_status":"open","ping_status":"closed","template":"","meta":{"_uag_custom_page_level_css":"","site-sidebar-layout":"default","site-content-layout":"default","ast-global-header-display":"","ast-banner-title-visibility":"","ast-main-header-display":"","ast-hfb-above-header-display":"","ast-hfb-below-header-display":"","ast-hfb-mobile-header-display":"","site-post-title":"","ast-breadcrumbs-content":"","ast-featured-img":"","footer-sml-layout":"","theme-transparent-header-meta":"default","adv-header-id-meta":"","stick-header-meta":"","header-above-stick-meta":"","header-main-stick-meta":"","header-below-stick-meta":""},"product_cat":[842,832,36,830,827],"product_tag":[],"uagb_featured_image_src":{"full":["https:\/\/bonnettperu.net\/wp56\/wp-content\/uploads\/2023\/06\/CPm-1.png",600,600,false],"thumbnail":["https:\/\/bonnettperu.net\/wp56\/wp-content\/uploads\/2023\/06\/CPm-1-150x150.png",150,150,true],"medium":["https:\/\/bonnettperu.net\/wp56\/wp-content\/uploads\/2023\/06\/CPm-1-300x300.png",300,300,true],"medium_large":["https:\/\/bonnettperu.net\/wp56\/wp-content\/uploads\/2023\/06\/CPm-1.png",600,600,false],"large":["https:\/\/bonnettperu.net\/wp56\/wp-content\/uploads\/2023\/06\/CPm-1.png",600,600,false],"gswps_product_thumb":["https:\/\/bonnettperu.net\/wp56\/wp-content\/uploads\/2023\/06\/CPm-1-350x350.png",350,350,true],"1536x1536":["https:\/\/bonnettperu.net\/wp56\/wp-content\/uploads\/2023\/06\/CPm-1.png",600,600,false],"2048x2048":["https:\/\/bonnettperu.net\/wp56\/wp-content\/uploads\/2023\/06\/CPm-1.png",600,600,false],"woocommerce_thumbnail":["https:\/\/bonnettperu.net\/wp56\/wp-content\/uploads\/2023\/06\/CPm-1-300x300.png",300,300,true],"woocommerce_single":["https:\/\/bonnettperu.net\/wp56\/wp-content\/uploads\/2023\/06\/CPm-1.png",600,600,false],"woocommerce_gallery_thumbnail":["https:\/\/bonnettperu.net\/wp56\/wp-content\/uploads\/2023\/06\/CPm-1-100x100.png",100,100,true],"dgwt-wcas-product-suggestion":["https:\/\/bonnettperu.net\/wp56\/wp-content\/uploads\/2023\/06\/CPm-1-64x64.png",64,64,true]},"uagb_author_info":{"display_name":"admin","author_link":"https:\/\/bonnettperu.net\/wp56\/author\/"},"uagb_comment_info":0,"uagb_excerpt":"FICHA TECNICA_PEDROLLO_CP 0.25-2.2 kW_ES_60Hz (1) La electrobomba CP es utilizada para la distribuci\u00f3n del agua acopladas a peque\u00f1os o medianos tanques autoclaves, para el vaciado o irrigaci\u00f3n de huertos o jardines. La instalaci\u00f3n debe realizarse en lugares cerrados o protegidos de la intemperie.","_links":{"self":[{"href":"https:\/\/bonnettperu.net\/wp56\/wp-json\/wp\/v2\/product\/2766"}],"collection":[{"href":"https:\/\/bonnettperu.net\/wp56\/wp-json\/wp\/v2\/product"}],"about":[{"href":"https:\/\/bonnettperu.net\/wp56\/wp-json\/wp\/v2\/types\/product"}],"replies":[{"embeddable":true,"href":"https:\/\/bonnettperu.net\/wp56\/wp-json\/wp\/v2\/comments?post=2766"}],"wp:featuredmedia":[{"embeddable":true,"href":"https:\/\/bonnettperu.net\/wp56\/wp-json\/wp\/v2\/media\/5463"}],"wp:attachment":[{"href":"https:\/\/bonnettperu.net\/wp56\/wp-json\/wp\/v2\/media?parent=2766"}],"wp:term":[{"taxonomy":"product_cat","embeddable":true,"href":"https:\/\/bonnettperu.net\/wp56\/wp-json\/wp\/v2\/product_cat?post=2766"},{"taxonomy":"product_tag","embeddable":true,"href":"https:\/\/bonnettperu.net\/wp56\/wp-json\/wp\/v2\/product_tag?post=2766"}],"curies":[{"name":"wp","href":"https:\/\/api.w.org\/{rel}","templated":true}]}}