{"id":2744,"date":"2022-09-15T15:17:29","date_gmt":"2022-09-15T15:17:29","guid":{"rendered":"http:\/\/bonnettperu.net\/wp56\/?post_type=product&#038;p=2744"},"modified":"2022-12-16T20:48:35","modified_gmt":"2022-12-16T20:48:35","slug":"controlador-electronico-para-reflector-mod-intellbrite-pentair","status":"publish","type":"product","link":"https:\/\/bonnettperu.net\/wp56\/producto\/controlador-electronico-para-reflector-mod-intellbrite-pentair\/","title":{"rendered":"CONTROLADOR ELECTR\u00d3NICO PENTAIR PARA REFLECTOR INTELLBRITE"},"content":{"rendered":"<p><strong>Caracter\u00edsticas:<\/strong><\/p>\n<ul>\n<li>Regulador impermeable que controla las luces LED instaladas.<\/li>\n<li>R\u00e1pido y f\u00e1cil acceso a todos los colores y demostraciones.<\/li>\n<li>Memoriza los colores favoritos.<\/li>\n<li>Bot\u00f3n iluminado de encendido y apagado para facilitar el uso nocturno.<\/li>\n<li><span><span>Seleccione espect\u00e1culos de luces deslumbrantes de 7 temas predefinidos o 5 colores fijos para adaptarse a su estado de \u00e1nimo<\/span><\/span><\/li>\n<li><span><span>Establezca horarios automatizados para su oasis en el patio trasero a trav\u00e9s de la aplicaci\u00f3n Pentair Home.<\/span><\/span><\/li>\n<li><span><span>Adecuado para entornos interiores y exteriores para una instalaci\u00f3n flexible.<\/span><\/span><\/li>\n<li><span><span>Con modo crepuscular con ajustes estacionales autom\u00e1ticos.<\/span><\/span><\/li>\n<li><span><span>Opciones de programaci\u00f3n de d\u00edas de semana y fines de semana directamente desde su SmartPhone<\/span><\/span><\/li>\n<li><span><span>Controle hasta 300 vatios de luces LED Pentair Color en un solo circuito<\/span><\/span><\/li>\n<li><span><span>Control de usuario intuitivo a trav\u00e9s del panel de control directo Color Sync<\/span><\/span><\/li>\n<li><span><span>Actualice desde un interruptor de luz est\u00e1ndar para un f\u00e1cil control de la iluminaci\u00f3n de su piscina<\/span><\/span><\/li>\n<\/ul>\n","protected":false},"excerpt":{"rendered":"<p><a href=\"https:\/\/bonnettperu.net\/wp56\/wp-content\/uploads\/2022\/09\/color-sync-controller-led-lights-consumer-brochure-english.pdf\">FICHA T\u00c9CNICA PENTAIR CONTROLADOR PARA REFLECTOR INTELLIBRITE<\/a><\/p>\n<p><span>As\u00ed como cada piscina puede ser un lienzo de acuarela, cada propietario de una piscina puede ser un artista automatizado.\u00a0<\/span><span>El controlador Color Sync\u2122 le permite alternar entre sus modos de color y estados de \u00e1nimo favoritos en un horario automatizado.\u00a0<\/span><span>Para una forma m\u00e1s r\u00e1pida y sencilla de cautivar la vista y estimular los sentidos.<\/span><\/p>\n","protected":false},"featured_media":4149,"comment_status":"open","ping_status":"closed","template":"","meta":{"_uag_custom_page_level_css":"","site-sidebar-layout":"default","site-content-layout":"default","ast-global-header-display":"","ast-banner-title-visibility":"","ast-main-header-display":"","ast-hfb-above-header-display":"","ast-hfb-below-header-display":"","ast-hfb-mobile-header-display":"","site-post-title":"","ast-breadcrumbs-content":"","ast-featured-img":"","footer-sml-layout":"","theme-transparent-header-meta":"default","adv-header-id-meta":"","stick-header-meta":"","header-above-stick-meta":"","header-main-stick-meta":"","header-below-stick-meta":""},"product_cat":[858,42],"product_tag":[],"uagb_featured_image_src":{"full":["https:\/\/bonnettperu.net\/wp56\/wp-content\/uploads\/2022\/09\/1645634162815.png",1280,1024,false],"thumbnail":["https:\/\/bonnettperu.net\/wp56\/wp-content\/uploads\/2022\/09\/1645634162815-150x150.png",150,150,true],"medium":["https:\/\/bonnettperu.net\/wp56\/wp-content\/uploads\/2022\/09\/1645634162815-300x240.png",300,240,true],"medium_large":["https:\/\/bonnettperu.net\/wp56\/wp-content\/uploads\/2022\/09\/1645634162815-768x614.png",768,614,true],"large":["https:\/\/bonnettperu.net\/wp56\/wp-content\/uploads\/2022\/09\/1645634162815-1024x819.png",1024,819,true],"gswps_product_thumb":["https:\/\/bonnettperu.net\/wp56\/wp-content\/uploads\/2022\/09\/1645634162815-350x280.png",350,280,true],"1536x1536":["https:\/\/bonnettperu.net\/wp56\/wp-content\/uploads\/2022\/09\/1645634162815.png",1280,1024,false],"2048x2048":["https:\/\/bonnettperu.net\/wp56\/wp-content\/uploads\/2022\/09\/1645634162815.png",1280,1024,false],"woocommerce_thumbnail":["https:\/\/bonnettperu.net\/wp56\/wp-content\/uploads\/2022\/09\/1645634162815-300x300.png",300,300,true],"woocommerce_single":["https:\/\/bonnettperu.net\/wp56\/wp-content\/uploads\/2022\/09\/1645634162815-600x480.png",600,480,true],"woocommerce_gallery_thumbnail":["https:\/\/bonnettperu.net\/wp56\/wp-content\/uploads\/2022\/09\/1645634162815-100x100.png",100,100,true],"dgwt-wcas-product-suggestion":["https:\/\/bonnettperu.net\/wp56\/wp-content\/uploads\/2022\/09\/1645634162815.png",64,51,false]},"uagb_author_info":{"display_name":"admin","author_link":"https:\/\/bonnettperu.net\/wp56\/author\/"},"uagb_comment_info":0,"uagb_excerpt":"FICHA T\u00c9CNICA PENTAIR CONTROLADOR PARA REFLECTOR INTELLIBRITE As\u00ed como cada piscina puede ser un lienzo de acuarela, cada propietario de una piscina puede ser un artista automatizado.\u00a0El controlador Color Sync\u2122 le permite alternar entre sus modos de color y estados de \u00e1nimo favoritos en un horario automatizado.\u00a0Para una forma m\u00e1s r\u00e1pida y sencilla de cautivar&hellip;","_links":{"self":[{"href":"https:\/\/bonnettperu.net\/wp56\/wp-json\/wp\/v2\/product\/2744"}],"collection":[{"href":"https:\/\/bonnettperu.net\/wp56\/wp-json\/wp\/v2\/product"}],"about":[{"href":"https:\/\/bonnettperu.net\/wp56\/wp-json\/wp\/v2\/types\/product"}],"replies":[{"embeddable":true,"href":"https:\/\/bonnettperu.net\/wp56\/wp-json\/wp\/v2\/comments?post=2744"}],"wp:featuredmedia":[{"embeddable":true,"href":"https:\/\/bonnettperu.net\/wp56\/wp-json\/wp\/v2\/media\/4149"}],"wp:attachment":[{"href":"https:\/\/bonnettperu.net\/wp56\/wp-json\/wp\/v2\/media?parent=2744"}],"wp:term":[{"taxonomy":"product_cat","embeddable":true,"href":"https:\/\/bonnettperu.net\/wp56\/wp-json\/wp\/v2\/product_cat?post=2744"},{"taxonomy":"product_tag","embeddable":true,"href":"https:\/\/bonnettperu.net\/wp56\/wp-json\/wp\/v2\/product_tag?post=2744"}],"curies":[{"name":"wp","href":"https:\/\/api.w.org\/{rel}","templated":true}]}}